{"id":992,"date":"2025-09-01T10:44:08","date_gmt":"2025-09-01T08:44:08","guid":{"rendered":"http:\/\/www.klasterdoksany.net\/?page_id=992"},"modified":"2025-09-16T11:25:07","modified_gmt":"2025-09-16T09:25:07","slug":"za-nastavajici-matky-a-bezdetne","status":"publish","type":"page","link":"https:\/\/www.klasterdoksany.net\/?page_id=992","title":{"rendered":"Za nast\u00e1vaj\u00edc\u00ed matky a bezd\u011btn\u00e9"},"content":{"rendered":"<section id=\"builder-section-text_11\" class=\"builder-section-first builder-section builder-section-text builder-section-next-text builder-text-columns-1\" style=\"background-size: cover; background-repeat: no-repeat;background-position: center center;\">\n<div class=\"builder-section-content\">\n<div class=\"builder-text-row\">\n<div class=\"builder-text-column builder-text-column-1\" id=\"builder-section-text_11-column-1\">\n<div class=\"builder-text-content\">\n<p><center><\/p>\n<h3>Modlitba za nast\u00e1vaj\u00edc\u00ed matky a bezd\u011btn\u00e9 man\u017eele\u200b<\/h3>\n<p><\/center><br \/>\nV na\u0161\u00ed kanonii se modl\u00edme na p\u0159\u00edmluvu svat\u00e9ho Norberta tak\u00e9 za nast\u00e1vaj\u00edc\u00ed matky, nenarozen\u00e9 d\u011bti a bezd\u011btn\u00e9 man\u017eele.\u200b<\/p>\n<p>N\u011bkolik d\u016fvod\u016f, pro\u010d takto uct\u00edv\u00e1me a vz\u00fdv\u00e1me svat\u00e9ho Norberta:<\/p>\n<p><img loading=\"lazy\" decoding=\"async\" src=\"http:\/\/www.klasterdoksany.net\/wp-content\/uploads\/KlasterDoksany\/sv_-Norbert-matka.png\" alt=\"\" width=\"361\" height=\"481\" class=\"alignright\" \/><\/p>\n<li>Svat\u00fd Norbert m\u011bl ve velk\u00e9 \u00fact\u011b tajemstv\u00ed Vt\u011blen\u00ed Bo\u017e\u00edho Syna. Proto i pro za\u010d\u00e1tek zasv\u011bcen\u00e9ho \u017eivota sv\u00e9ho a sv\u00fdch prvn\u00edch spolubrat\u0159\u00ed vybral den Narozen\u00ed P\u00e1n\u011b. Na n\u011bkolika obrazech je zn\u00e1zorn\u011bn, jak kle\u010d\u00ed p\u0159ed Matkou Bo\u017e\u00ed dr\u017e\u00edc\u00ed D\u00edt\u011b Je\u017e\u00ed\u0161e a pod\u00e1v\u00e1 Jim listinu se sv\u00fdmi sliby.<\/li>\n<li>V prvn\u00edm Norbertov\u011b \u017eivotopise \/Vita A\/ je zaznamen\u00e1na zpr\u00e1va o ud\u00e1losti, kter\u00e1 se stala v Laonu. Za Norbertem p\u0159i\u0161la s pl\u00e1\u010dem jedna \u017eena, kter\u00e1 dlouh\u00e1 l\u00e9ta \u017eila v bezd\u011btn\u00e9m man\u017eelstv\u00ed. Prosila ho, zda by mohla opustit man\u017eela a vzd\u00e1t se sv\u011bta, kdy\u017e nemaj\u00ed \u017e\u00e1dn\u00e9ho potomka. Norbert j\u00ed na to prorocky odpov\u011bd\u011bl: \u201eNe tak, ale z\u00e1hy bude\u0161 m\u00edt syna. Nenech\u00e1\u0161 ho jako d\u011bdice pro sv\u011bt, ale hned po narozen\u00ed ho zasv\u011bt\u00ed\u0161 Bohu. Po n\u011bm porod\u00ed\u0161 je\u0161t\u011b v\u00edce d\u011bt\u00ed, se kter\u00fdmi sv\u016fj majetek i sebe odevzd\u00e1\u0161 kl\u00e1\u0161teru, abys potom Bohu slou\u017eila.\u201c \u017dena tomu uv\u011b\u0159ila a zanedlouho se j\u00ed narodil syn Mikul\u00e1\u0161, kter\u00fd pak vstoupil do kl\u00e1\u0161tera v Pr\u00e9montr\u00e9.<\/li>\n<li>Od p\u0159enesen\u00ed ostatk\u016f svat\u00e9ho Norberta z Magdeburku do Prahy r. 1627 je tento sv\u011btec za\u0159azen mezi patrony na\u0161\u00ed zem\u011b. \u00dacta ke sv. Norbertovi a prosby o jeho p\u0159\u00edmluvu p\u0159i p\u0159\u00edchodu nov\u00e9ho \u017eivota na tento sv\u011bt jsou u n\u00e1s dochov\u00e1ny nap\u0159. v Hodink\u00e1ch ke cti a chv\u00e1le svat\u00e9ho Norberta z r. 1749. Svat\u00fd Norbert je t\u00e9\u017e vz\u00fdv\u00e1n jako patron bezd\u011btn\u00fdch man\u017eelstv\u00ed. V knize \u201eRok se svat\u00fdmi\u201c je svat\u00fd Norbert ozna\u010den jako patron \u0161\u0165astn\u00e9ho porodu.<\/li>\n<li>V sou\u010dasn\u00e9 dob\u011b pro\u017e\u00edv\u00e1me zvl\u00e1\u0161t\u011b v na\u0161\u00ed zemi jak krizi rodin, tak velk\u00fd \u00fabytek populace, vysok\u00e9 procento bezd\u011btn\u00fdch man\u017eelstv\u00ed, zab\u00edjen\u00ed nenarozen\u00fdch d\u011bt\u00ed, velk\u00e9 probl\u00e9my s dono\u0161en\u00edm d\u011bt\u00ed, rizikov\u00e1 t\u011bhotenstv\u00ed z mnoh\u00fdch p\u0159\u00ed\u010din. Zku\u0161enost z posledn\u00edch let s p\u0159\u00edmluvou svat\u00e9ho Norberta za nast\u00e1vaj\u00edc\u00ed matky, za \u0161\u0165astn\u00e9 narozen\u00ed d\u011bt\u00ed a za bezd\u011btn\u00e1 man\u017eelstv\u00ed n\u00e1m jasn\u011b ukazuje, jak velk\u00fdm p\u0159\u00edmluvcem svat\u00fd Norbert je. Jsou to ji\u017e stovky matek, kter\u00e9 se modlily ke sv. Norbertovi a nyn\u00ed se t\u011b\u0161\u00ed ze zdrav\u00fdch d\u011bt\u00ed. Je to v\u00edce bezd\u011btn\u00fdch man\u017eelstv\u00ed, kter\u00e1 na Norbertovu p\u0159\u00edmluvu dostala potomka. Mnohokr\u00e1t se ji\u017e dob\u0159e vy\u0159e\u0161ila situace matek, kter\u00e9 byly nuceny k potratu.<\/li>\n<p>\u200b<\/p>\n<p><strong>Modlitba k svat\u00e9mu Norbertovi za \u0161\u0165astn\u00e9 narozen\u00ed d\u00edt\u011bte\u200b<\/strong><br \/>\nSvat\u00fd Norberte, velk\u00fd a v\u011brn\u00fd slu\u017eebn\u00edku Bo\u017e\u00ed! Zvl\u00e1\u0161tn\u00edm zp\u016fsobem jsi uct\u00edval svat\u00e9 a podivuhodn\u00e9 narozen\u00ed na\u0161eho Spasitele, kter\u00e9ho nej\u010dist\u0161\u00ed Panna Maria, jeho matka, po\u010dala bez poskvrny a poru\u0161en\u00ed sv\u00e9ho panenstv\u00ed a porodila jej beze v\u0161\u00ed bolesti. Proto jsi i vznik sv\u00e9ho premonstr\u00e1tsk\u00e9ho \u0159\u00e1du spojil se dnem narozen\u00ed Je\u017e\u00ed\u0161e Krista.<\/p>\n<p>V poko\u0159e t\u011b tedy pros\u00edm, svat\u00fd Norberte, jako zvl\u00e1\u0161tn\u00edho ochr\u00e1nce, aby mi (j\u00ed) B\u016fh dal na tvou p\u0159\u00edmluvu milost donosit a porodit tento plod \u017eivota. A\u0165 tak\u00e9 d\u00e1 svou milost, aby toto po\u010dat\u00e9 d\u00edt\u011b bylo k\u0159tem p\u0159ijato do Kristovy c\u00edrkve a Jemu, na\u0161emu P\u00e1nu, cel\u00fd \u017eivot v\u011brn\u011b slou\u017eilo, abychom nakonec spolu dos\u00e1hli v\u011b\u010dn\u00e9 sp\u00e1sy. Skrze Je\u017e\u00ed\u0161e Krista, na\u0161eho P\u00e1na. Amen.<\/p>\n<\/hr><\/div>\n<\/p><\/div>\n<\/p><\/div>\n<\/p><\/div>\n<\/section>\n<section id=\"builder-section-text_27\" class=\"builder-section-prev-text builder-section builder-section-text builder-section-last builder-text-columns-2\" style=\"background-size: cover; background-repeat: no-repeat;background-position: center center;\">\n<div class=\"builder-section-content\">\n<div class=\"builder-text-row\">\n<div class=\"builder-text-column builder-text-column-1\" id=\"builder-section-text_27-column-1\">\n<div class=\"builder-text-content\">\n<p>Va\u0161e prosby p\u0159edkl\u00e1d\u00e1me ve spole\u010dn\u00e9 modlitb\u011b P\u00e1nu v\u017edy po dobu dev\u00edti dn\u016f p\u0159i adoraci Nejsv\u011bt\u011bj\u0161\u00ed Sv\u00e1tosti olt\u00e1\u0159n\u00ed.<\/p>\n<p>V modlitb\u011b v\u0161ak na v\u00e1s pamatujeme i nad\u00e1le. K tomu je je\u0161t\u011b jednou za m\u011bs\u00edc u n\u00e1s slou\u017eena m\u0161e svat\u00e1 za v\u00e1s a na va\u0161e \u00famysly.<\/p>\n<p>Sv\u00e9 \u00famysly n\u00e1m m\u016f\u017eete sd\u011blit:<br \/>\nKl\u00e1\u0161ter sester premonstr\u00e1tek<br \/>\n411 82 Doksany 1<\/p>\n<p>E-mail: <a href=\"mailto:sorores.opraem@cbox.cz\">sorores.opraem@cbox.cz<\/a><\/p>\n<\/p><\/div>\n<\/p><\/div>\n<div class=\"builder-text-column builder-text-column-2\" id=\"builder-section-text_27-column-2\">\n<div class=\"builder-text-content\">\n<p>Nebo m\u016f\u017eete \u00famysl poslat formul\u00e1\u0159em n\u00ed\u017ee.<br \/>\nPokud chcete, abychom V\u00e1m potvrdily p\u0159ijet\u00ed Va\u0161\u00ed prosby, vypl\u0148te svou e-mailovou adresu.<br \/>\n<big>\n<div class=\"wpcf7 no-js\" id=\"wpcf7-f997-o1\" lang=\"cs-CZ\" dir=\"ltr\" data-wpcf7-id=\"997\">\n<div class=\"screen-reader-response\"><p role=\"status\" aria-live=\"polite\" aria-atomic=\"true\"><\/p> <ul><\/ul><\/div>\n<form action=\"\/index.php?rest_route=%2Fwp%2Fv2%2Fpages%2F992#wpcf7-f997-o1\" method=\"post\" class=\"wpcf7-form init\" aria-label=\"Kontaktn\u00ed formul\u00e1\u0159\" novalidate=\"novalidate\" data-status=\"init\">\n<fieldset class=\"hidden-fields-container\"><input type=\"hidden\" name=\"_wpcf7\" value=\"997\" \/><input type=\"hidden\" name=\"_wpcf7_version\" value=\"6.1.5\" \/><input type=\"hidden\" name=\"_wpcf7_locale\" value=\"cs_CZ\" \/><input type=\"hidden\" name=\"_wpcf7_unit_tag\" value=\"wpcf7-f997-o1\" \/><input type=\"hidden\" name=\"_wpcf7_container_post\" value=\"0\" \/><input type=\"hidden\" name=\"_wpcf7_posted_data_hash\" value=\"\" \/>\n<\/fieldset>\n<p><label> Va\u0161e jm\u00e9no<br \/>\n<span class=\"wpcf7-form-control-wrap\" data-name=\"your-name\"><input size=\"40\" maxlength=\"400\" class=\"wpcf7-form-control wpcf7-text wpcf7-validates-as-required\" autocomplete=\"name\" aria-required=\"true\" aria-invalid=\"false\" value=\"\" type=\"text\" name=\"your-name\" \/><\/span> <\/label>\n<\/p>\n<p><label> V\u00e1\u0161 e-mail<br \/>\n<span class=\"wpcf7-form-control-wrap\" data-name=\"your-email\"><input size=\"40\" maxlength=\"400\" class=\"wpcf7-form-control wpcf7-email wpcf7-text wpcf7-validates-as-email\" autocomplete=\"email\" aria-invalid=\"false\" value=\"\" type=\"email\" name=\"your-email\" \/><\/span> <\/label>\n<\/p>\n<p><label> Va\u0161e zpr\u00e1va<br \/>\n<span class=\"wpcf7-form-control-wrap\" data-name=\"your-message\"><textarea cols=\"40\" rows=\"10\" maxlength=\"2000\" class=\"wpcf7-form-control wpcf7-textarea wpcf7-validates-as-required\" aria-required=\"true\" aria-invalid=\"false\" name=\"your-message\"><\/textarea><\/span> <\/label>\n<\/p>\n<p><input class=\"wpcf7-form-control wpcf7-submit has-spinner\" type=\"submit\" value=\"Odeslat\" \/>\n<\/p><div class=\"wpcf7-response-output\" aria-hidden=\"true\"><\/div>\n<\/form>\n<\/div>\n<\/big><\/p>\n<\/p><\/div>\n<\/p><\/div>\n<\/p><\/div>\n<\/p><\/div>\n<\/section>\n","protected":false},"excerpt":{"rendered":"<p>Modlitba za nast\u00e1vaj\u00edc\u00ed matky a bezd\u011btn\u00e9 man\u017eele\u200b V na\u0161\u00ed kanonii se modl\u00edme na p\u0159\u00edmluvu svat\u00e9ho Norberta tak\u00e9 za nast\u00e1vaj\u00edc\u00ed matky, nenarozen\u00e9 d\u011bti a bezd\u011btn\u00e9 man\u017eele.\u200b N\u011bkolik d\u016fvod\u016f, pro\u010d takto uct\u00edv\u00e1me a vz\u00fdv\u00e1me svat\u00e9ho Norberta: Svat\u00fd Norbert m\u011bl ve velk\u00e9 \u00fact\u011b tajemstv\u00ed Vt\u011blen\u00ed Bo\u017e\u00edho Syna. Proto i pro za\u010d\u00e1tek zasv\u011bcen\u00e9ho \u017eivota sv\u00e9ho a sv\u00fdch prvn\u00edch spolubrat\u0159\u00ed &hellip;<\/p>\n","protected":false},"author":1,"featured_media":0,"parent":0,"menu_order":0,"comment_status":"closed","ping_status":"closed","template":"template-builder.php","meta":{"footnotes":""},"class_list":["post-992","page","type-page","status-publish","hentry"],"_links":{"self":[{"href":"https:\/\/www.klasterdoksany.net\/index.php?rest_route=\/wp\/v2\/pages\/992","targetHints":{"allow":["GET"]}}],"collection":[{"href":"https:\/\/www.klasterdoksany.net\/index.php?rest_route=\/wp\/v2\/pages"}],"about":[{"href":"https:\/\/www.klasterdoksany.net\/index.php?rest_route=\/wp\/v2\/types\/page"}],"author":[{"embeddable":true,"href":"https:\/\/www.klasterdoksany.net\/index.php?rest_route=\/wp\/v2\/users\/1"}],"replies":[{"embeddable":true,"href":"https:\/\/www.klasterdoksany.net\/index.php?rest_route=%2Fwp%2Fv2%2Fcomments&post=992"}],"version-history":[{"count":13,"href":"https:\/\/www.klasterdoksany.net\/index.php?rest_route=\/wp\/v2\/pages\/992\/revisions"}],"predecessor-version":[{"id":1144,"href":"https:\/\/www.klasterdoksany.net\/index.php?rest_route=\/wp\/v2\/pages\/992\/revisions\/1144"}],"wp:attachment":[{"href":"https:\/\/www.klasterdoksany.net\/index.php?rest_route=%2Fwp%2Fv2%2Fmedia&parent=992"}],"curies":[{"name":"wp","href":"https:\/\/api.w.org\/{rel}","templated":true}]}}