{"id":988,"date":"2025-09-01T10:39:41","date_gmt":"2025-09-01T08:39:41","guid":{"rendered":"http:\/\/www.klasterdoksany.net\/?page_id=988"},"modified":"2025-09-01T15:07:14","modified_gmt":"2025-09-01T13:07:14","slug":"pozvani","status":"publish","type":"page","link":"https:\/\/www.klasterdoksany.net\/?page_id=988","title":{"rendered":"Pozv\u00e1n\u00ed"},"content":{"rendered":"<section id=\"builder-section-text_11\" class=\"builder-section-first builder-section builder-section-text builder-section-last builder-text-columns-2\" style=\"background-size: cover; background-repeat: no-repeat;background-position: center center;\">\n<div class=\"builder-section-content\">\n<div class=\"builder-text-row\">\n<div class=\"builder-text-column builder-text-column-1\" id=\"builder-section-text_11-column-1\">\n<div class=\"builder-text-content\">\n<p style=\"margin: 40px; padding: 20px; height: 70px; width: 200px; background-color:#cccccc;\"><a href=\"http:\/\/www.klasterdoksany.net\/?page_id=839\">Bohoslu\u017eby<\/a><\/p>\n<p style=\"margin: 40px; padding: 20px; height: 70px; width: 200px; background-color:#cccccc;\"><a href=\"http:\/\/www.klasterdoksany.net\/?page_id=910\">Prohl\u00eddky<\/a><\/p>\n<p style=\"margin: 40px; padding: 20px; height: 70px; width: 200px; background-color:#cccccc;\"><a href=\"http:\/\/www.klasterdoksany.net\/?page_id=965\">Pobyty<\/a><\/p>\n<p style=\"margin: 40px; padding: 20px; height: 70px; width: 200px; background-color:#cccccc;\"><a href=\"http:\/\/www.klasterdoksany.net\/?page_id=829\">Aktu\u00e1ln\u00ed<\/a><\/p>\n<\/p><\/div>\n<\/p><\/div>\n<div class=\"builder-text-column builder-text-column-2\" id=\"builder-section-text_11-column-2\">\n<div class=\"builder-text-content\">\n<p><img loading=\"lazy\" decoding=\"async\" src=\"http:\/\/www.klasterdoksany.net\/wp-content\/uploads\/KlasterDoksany\/Vchod-do-kostela2.jpg\" alt=\"\" width=\"351\" height=\"528\" class=\"aligncenter size-full wp-image-990\" srcset=\"https:\/\/www.klasterdoksany.net\/wp-content\/uploads\/KlasterDoksany\/Vchod-do-kostela2.jpg 351w, https:\/\/www.klasterdoksany.net\/wp-content\/uploads\/KlasterDoksany\/Vchod-do-kostela2-199x300.jpg 199w\" sizes=\"auto, (max-width: 351px) 100vw, 351px\" \/><\/p>\n<\/p><\/div>\n<\/p><\/div>\n<\/p><\/div>\n<\/p><\/div>\n<\/section>\n","protected":false},"excerpt":{"rendered":"<p>Bohoslu\u017eby Prohl\u00eddky Pobyty Aktu\u00e1ln\u00ed<\/p>\n","protected":false},"author":1,"featured_media":0,"parent":0,"menu_order":0,"comment_status":"closed","ping_status":"closed","template":"template-builder.php","meta":{"footnotes":""},"class_list":["post-988","page","type-page","status-publish","hentry"],"_links":{"self":[{"href":"https:\/\/www.klasterdoksany.net\/index.php?rest_route=\/wp\/v2\/pages\/988","targetHints":{"allow":["GET"]}}],"collection":[{"href":"https:\/\/www.klasterdoksany.net\/index.php?rest_route=\/wp\/v2\/pages"}],"about":[{"href":"https:\/\/www.klasterdoksany.net\/index.php?rest_route=\/wp\/v2\/types\/page"}],"author":[{"embeddable":true,"href":"https:\/\/www.klasterdoksany.net\/index.php?rest_route=\/wp\/v2\/users\/1"}],"replies":[{"embeddable":true,"href":"https:\/\/www.klasterdoksany.net\/index.php?rest_route=%2Fwp%2Fv2%2Fcomments&post=988"}],"version-history":[{"count":13,"href":"https:\/\/www.klasterdoksany.net\/index.php?rest_route=\/wp\/v2\/pages\/988\/revisions"}],"predecessor-version":[{"id":1128,"href":"https:\/\/www.klasterdoksany.net\/index.php?rest_route=\/wp\/v2\/pages\/988\/revisions\/1128"}],"wp:attachment":[{"href":"https:\/\/www.klasterdoksany.net\/index.php?rest_route=%2Fwp%2Fv2%2Fmedia&parent=988"}],"curies":[{"name":"wp","href":"https:\/\/api.w.org\/{rel}","templated":true}]}}