{"id":965,"date":"2025-09-01T09:32:34","date_gmt":"2025-09-01T07:32:34","guid":{"rendered":"http:\/\/www.klasterdoksany.net\/?page_id=965"},"modified":"2026-03-24T11:17:19","modified_gmt":"2026-03-24T10:17:19","slug":"pobyty","status":"publish","type":"page","link":"https:\/\/www.klasterdoksany.net\/?page_id=965","title":{"rendered":"Pobyty"},"content":{"rendered":"<section id=\"builder-section-text_11\" class=\"builder-section-first builder-section builder-section-text builder-section-next-text builder-text-columns-1\" style=\"background-size: cover; background-repeat: no-repeat;background-position: center center;\">\n<div class=\"builder-section-content\">\n<div class=\"builder-text-row\">\n<div class=\"builder-text-column builder-text-column-1\" id=\"builder-section-text_11-column-1\">\n<div class=\"builder-text-content\">\n<p><img loading=\"lazy\" decoding=\"async\" src=\"http:\/\/www.klasterdoksany.net\/wp-content\/uploads\/KlasterDoksany\/IMG_1266_JPG-1.jpg\" alt=\"\" width=\"948\" height=\"367\" class=\"aligncenter size-full wp-image-961\" srcset=\"https:\/\/www.klasterdoksany.net\/wp-content\/uploads\/KlasterDoksany\/IMG_1266_JPG-1.jpg 948w, https:\/\/www.klasterdoksany.net\/wp-content\/uploads\/KlasterDoksany\/IMG_1266_JPG-1-300x116.jpg 300w, https:\/\/www.klasterdoksany.net\/wp-content\/uploads\/KlasterDoksany\/IMG_1266_JPG-1-768x297.jpg 768w\" sizes=\"auto, (max-width: 948px) 100vw, 948px\" \/><\/p>\n<\/p><\/div>\n<\/p><\/div>\n<\/p><\/div>\n<\/p><\/div>\n<\/section>\n<section id=\"builder-section-text_528\" class=\"builder-section-prev-text builder-section builder-section-text builder-section-next-text builder-text-columns-1\" style=\"background-size: cover; background-repeat: no-repeat;background-position: center center;\">\n<div class=\"builder-section-content\">\n<div class=\"builder-text-row\">\n<div class=\"builder-text-column builder-text-column-1\" id=\"builder-section-text_528-column-1\">\n<div class=\"builder-text-content\">\n<h2>Mo\u017enost pobytu<\/h2>\n<p>Umo\u017e\u0148ujeme d\u00edvk\u00e1m a \u017een\u00e1m n\u011bkolikadenn\u00ed pobyty za \u00fa\u010delem soukrom\u00e9 duchovn\u00ed obnovy, kdy mohou str\u00e1vit \u010das ve zti\u0161en\u00ed, modlitb\u011b i odpo\u010dinku.\u00a0<br \/>N\u00e1v\u0161t\u011bvy se mohou \u00fa\u010dastnit na\u0161ich spole\u010dn\u00fdch modliteb, mohou po\u017e\u00e1dat o rozhovor s kn\u011bzem nebo s \u0159eholn\u00ed sestrou.<br \/>Sn\u00eddan\u011b a ve\u010de\u0159e si p\u0159ipravuj\u00ed samy z nachystan\u00fdch z\u00e1sob, ob\u011bd dostanou z na\u0161\u00ed kuchyn\u011b (pokud se s n\u00e1mi p\u0159edem nedohodnou jinak). Mo\u017enost vlastn\u00edho va\u0159en\u00ed zde nen\u00ed &#8211; k dispozici je varn\u00e1 konvice, mikrovlnka a ledni\u010dka. K dispozici je mal\u00e1 knihovna.<br \/>P\u0159\u00edsp\u011bvek na pobyt ponech\u00e1v\u00e1me na zv\u00e1\u017een\u00ed a osobn\u00edch mo\u017enostech jednotlivc\u016f.<br \/>Vzhledem k tomu, \u017ee na\u0161e mo\u017enosti jsou omezen\u00e9, ne v\u017edy v\u00e1m m\u016f\u017eeme vyhov\u011bt.<\/p>\n<\/p><\/div>\n<\/p><\/div>\n<\/p><\/div>\n<\/p><\/div>\n<\/section>\n<section id=\"builder-section-text_39\" class=\"builder-section-prev-text builder-section builder-section-text builder-section-last builder-text-columns-2\" style=\"background-size: cover; background-repeat: no-repeat;background-position: center center;\">\n<div class=\"builder-section-content\">\n<div class=\"builder-text-row\">\n<div class=\"builder-text-column builder-text-column-1\" id=\"builder-section-text_39-column-1\">\n<div class=\"builder-text-content\">\n<p><img loading=\"lazy\" decoding=\"async\" src=\"http:\/\/www.klasterdoksany.net\/wp-content\/uploads\/KlasterDoksany\/9374a0_015a05bff0234c9e84a9969aa32c059dmv2.jpg\" alt=\"\" width=\"410\" height=\"307\" class=\"aligncenter size-full wp-image-963\" srcset=\"https:\/\/www.klasterdoksany.net\/wp-content\/uploads\/KlasterDoksany\/9374a0_015a05bff0234c9e84a9969aa32c059dmv2.jpg 410w, https:\/\/www.klasterdoksany.net\/wp-content\/uploads\/KlasterDoksany\/9374a0_015a05bff0234c9e84a9969aa32c059dmv2-300x225.jpg 300w\" sizes=\"auto, (max-width: 410px) 100vw, 410px\" \/><\/p>\n<\/p><\/div>\n<\/p><\/div>\n<div class=\"builder-text-column builder-text-column-2\" id=\"builder-section-text_39-column-2\">\n<div class=\"builder-text-content\">\n<p><img loading=\"lazy\" decoding=\"async\" src=\"http:\/\/www.klasterdoksany.net\/wp-content\/uploads\/KlasterDoksany\/9374a0_a5e9b5deaab142c9b0f5aacdf50cbbbbmv2.jpg\" alt=\"\" width=\"410\" height=\"307\" class=\"aligncenter size-full wp-image-964\" srcset=\"https:\/\/www.klasterdoksany.net\/wp-content\/uploads\/KlasterDoksany\/9374a0_a5e9b5deaab142c9b0f5aacdf50cbbbbmv2.jpg 410w, https:\/\/www.klasterdoksany.net\/wp-content\/uploads\/KlasterDoksany\/9374a0_a5e9b5deaab142c9b0f5aacdf50cbbbbmv2-300x225.jpg 300w\" sizes=\"auto, (max-width: 410px) 100vw, 410px\" \/><\/p>\n<\/p><\/div>\n<\/p><\/div>\n<\/p><\/div>\n<\/p><\/div>\n<\/section>\n","protected":false},"excerpt":{"rendered":"<p>Mo\u017enost pobytu Umo\u017e\u0148ujeme d\u00edvk\u00e1m a \u017een\u00e1m n\u011bkolikadenn\u00ed pobyty za \u00fa\u010delem soukrom\u00e9 duchovn\u00ed obnovy, kdy mohou str\u00e1vit \u010das ve zti\u0161en\u00ed, modlitb\u011b i odpo\u010dinku.\u00a0N\u00e1v\u0161t\u011bvy se mohou \u00fa\u010dastnit na\u0161ich spole\u010dn\u00fdch modliteb, mohou po\u017e\u00e1dat o rozhovor s kn\u011bzem nebo s \u0159eholn\u00ed sestrou.Sn\u00eddan\u011b a ve\u010de\u0159e si p\u0159ipravuj\u00ed samy z nachystan\u00fdch z\u00e1sob, ob\u011bd dostanou z na\u0161\u00ed kuchyn\u011b (pokud se s n\u00e1mi &hellip;<\/p>\n","protected":false},"author":1,"featured_media":0,"parent":0,"menu_order":0,"comment_status":"closed","ping_status":"closed","template":"template-builder.php","meta":{"footnotes":""},"class_list":["post-965","page","type-page","status-publish","hentry"],"_links":{"self":[{"href":"https:\/\/www.klasterdoksany.net\/index.php?rest_route=\/wp\/v2\/pages\/965","targetHints":{"allow":["GET"]}}],"collection":[{"href":"https:\/\/www.klasterdoksany.net\/index.php?rest_route=\/wp\/v2\/pages"}],"about":[{"href":"https:\/\/www.klasterdoksany.net\/index.php?rest_route=\/wp\/v2\/types\/page"}],"author":[{"embeddable":true,"href":"https:\/\/www.klasterdoksany.net\/index.php?rest_route=\/wp\/v2\/users\/1"}],"replies":[{"embeddable":true,"href":"https:\/\/www.klasterdoksany.net\/index.php?rest_route=%2Fwp%2Fv2%2Fcomments&post=965"}],"version-history":[{"count":9,"href":"https:\/\/www.klasterdoksany.net\/index.php?rest_route=\/wp\/v2\/pages\/965\/revisions"}],"predecessor-version":[{"id":1182,"href":"https:\/\/www.klasterdoksany.net\/index.php?rest_route=\/wp\/v2\/pages\/965\/revisions\/1182"}],"wp:attachment":[{"href":"https:\/\/www.klasterdoksany.net\/index.php?rest_route=%2Fwp%2Fv2%2Fmedia&parent=965"}],"curies":[{"name":"wp","href":"https:\/\/api.w.org\/{rel}","templated":true}]}}