{"id":956,"date":"2025-09-01T09:24:51","date_gmt":"2025-09-01T07:24:51","guid":{"rendered":"http:\/\/www.klasterdoksany.net\/?page_id=956"},"modified":"2026-03-24T11:13:51","modified_gmt":"2026-03-24T10:13:51","slug":"ostatni","status":"publish","type":"page","link":"https:\/\/www.klasterdoksany.net\/?page_id=956","title":{"rendered":"Pod\u011bkov\u00e1n\u00ed"},"content":{"rendered":"<section id=\"builder-section-text_25\" class=\"builder-section-first builder-section builder-section-text builder-section-next-text builder-text-columns-1\" style=\"background-size: cover; background-repeat: no-repeat;background-position: center center;\">\n<div class=\"builder-section-content\">\n<div class=\"builder-text-row\">\n<div class=\"builder-text-column builder-text-column-1\" id=\"builder-section-text_25-column-1\">\n<div class=\"builder-text-content\">\n<p><img loading=\"lazy\" decoding=\"async\" src=\"http:\/\/www.klasterdoksany.net\/wp-content\/uploads\/KlasterDoksany\/podekovani.jpg\" alt=\"\" width=\"909\" height=\"394\" class=\"aligncenter size-full wp-image-959\" srcset=\"https:\/\/www.klasterdoksany.net\/wp-content\/uploads\/KlasterDoksany\/podekovani.jpg 909w, https:\/\/www.klasterdoksany.net\/wp-content\/uploads\/KlasterDoksany\/podekovani-300x130.jpg 300w, https:\/\/www.klasterdoksany.net\/wp-content\/uploads\/KlasterDoksany\/podekovani-768x333.jpg 768w\" sizes=\"auto, (max-width: 909px) 100vw, 909px\" \/><\/p>\n<\/p><\/div>\n<\/p><\/div>\n<\/p><\/div>\n<\/p><\/div>\n<\/section>\n<section id=\"builder-section-text_11\" class=\"builder-section-prev-text builder-section builder-section-text builder-section-last builder-text-columns-1\" style=\"background-size: cover; background-repeat: no-repeat;background-position: center center;\">\n<div class=\"builder-section-content\">\n<div class=\"builder-text-row\">\n<div class=\"builder-text-column builder-text-column-1\" id=\"builder-section-text_11-column-1\">\n<div class=\"builder-text-content\">\n<p>R\u00e1dy bychom touto cestou pod\u011bkovaly V\u00e1m v\u0161em, kte\u0159\u00ed jste n\u00e1s duchovn\u011b i materi\u00e1ln\u011b podporovali nebo n\u00e1s st\u00e1le podporujete v d\u00edle obnovy kl\u00e1\u0161tera i v na\u0161em \u017eivot\u011b. Zvl\u00e1\u0161t\u011b pak d\u011bkujeme t\u011bm, na kter\u00e9 nem\u00e1me \u017e\u00e1dn\u00fd kontakt.<\/p>\n<p>Jsme v\u00e1m velice vd\u011b\u010dn\u00e9, proto\u017ee bez va\u0161\u00ed pomoci, kter\u00e1 je v\u00fdrazem konkr\u00e9tn\u00ed Bo\u017e\u00ed p\u00e9\u010de o n\u00e1s, by se obnova nemohla uskute\u010dnit. Denn\u011b na v\u00e1s pamatujeme v modlitb\u011b, zvl\u00e1\u0161t\u011b ve ve\u010dern\u00edch p\u0159\u00edmluv\u00e1ch p\u0159i adoraci, a tak\u00e9 p\u0159i pravideln\u00e9 m\u0161i svat\u00e9, kter\u00e1 je zde slou\u017eena za v\u00e1s a na va\u0161e \u00famysly.<\/p>\n<\/p><\/div>\n<\/p><\/div>\n<\/p><\/div>\n<\/p><\/div>\n<\/section>\n","protected":false},"excerpt":{"rendered":"<p>R\u00e1dy bychom touto cestou pod\u011bkovaly V\u00e1m v\u0161em, kte\u0159\u00ed jste n\u00e1s duchovn\u011b i materi\u00e1ln\u011b podporovali nebo n\u00e1s st\u00e1le podporujete v d\u00edle obnovy kl\u00e1\u0161tera i v na\u0161em \u017eivot\u011b. Zvl\u00e1\u0161t\u011b pak d\u011bkujeme t\u011bm, na kter\u00e9 nem\u00e1me \u017e\u00e1dn\u00fd kontakt. Jsme v\u00e1m velice vd\u011b\u010dn\u00e9, proto\u017ee bez va\u0161\u00ed pomoci, kter\u00e1 je v\u00fdrazem konkr\u00e9tn\u00ed Bo\u017e\u00ed p\u00e9\u010de o n\u00e1s, by se obnova nemohla &hellip;<\/p>\n","protected":false},"author":1,"featured_media":0,"parent":0,"menu_order":0,"comment_status":"closed","ping_status":"closed","template":"template-builder.php","meta":{"footnotes":""},"class_list":["post-956","page","type-page","status-publish","hentry"],"_links":{"self":[{"href":"https:\/\/www.klasterdoksany.net\/index.php?rest_route=\/wp\/v2\/pages\/956","targetHints":{"allow":["GET"]}}],"collection":[{"href":"https:\/\/www.klasterdoksany.net\/index.php?rest_route=\/wp\/v2\/pages"}],"about":[{"href":"https:\/\/www.klasterdoksany.net\/index.php?rest_route=\/wp\/v2\/types\/page"}],"author":[{"embeddable":true,"href":"https:\/\/www.klasterdoksany.net\/index.php?rest_route=\/wp\/v2\/users\/1"}],"replies":[{"embeddable":true,"href":"https:\/\/www.klasterdoksany.net\/index.php?rest_route=%2Fwp%2Fv2%2Fcomments&post=956"}],"version-history":[{"count":4,"href":"https:\/\/www.klasterdoksany.net\/index.php?rest_route=\/wp\/v2\/pages\/956\/revisions"}],"predecessor-version":[{"id":1180,"href":"https:\/\/www.klasterdoksany.net\/index.php?rest_route=\/wp\/v2\/pages\/956\/revisions\/1180"}],"wp:attachment":[{"href":"https:\/\/www.klasterdoksany.net\/index.php?rest_route=%2Fwp%2Fv2%2Fmedia&parent=956"}],"curies":[{"name":"wp","href":"https:\/\/api.w.org\/{rel}","templated":true}]}}