{"id":935,"date":"2025-08-31T19:08:11","date_gmt":"2025-08-31T17:08:11","guid":{"rendered":"http:\/\/www.klasterdoksany.net\/?page_id=935"},"modified":"2025-09-16T11:21:45","modified_gmt":"2025-09-16T09:21:45","slug":"modlitba-za-vas","status":"publish","type":"page","link":"https:\/\/www.klasterdoksany.net\/?page_id=935","title":{"rendered":"Modlitba za V\u00e1s"},"content":{"rendered":"<section id=\"builder-section-text_11\" class=\"builder-section-first builder-section builder-section-text builder-section-next-text builder-text-columns-1\" style=\"background-size: cover; background-repeat: no-repeat;background-position: center center;\">\n<div class=\"builder-section-content\">\n<div class=\"builder-text-row\">\n<div class=\"builder-text-column builder-text-column-1\" id=\"builder-section-text_11-column-1\">\n<div class=\"builder-text-content\">\n<p><img loading=\"lazy\" decoding=\"async\" src=\"http:\/\/www.klasterdoksany.net\/wp-content\/uploads\/KlasterDoksany\/Modlitba.jpg\" alt=\"\" width=\"897\" height=\"352\" class=\"aligncenter size-full wp-image-937\" srcset=\"https:\/\/www.klasterdoksany.net\/wp-content\/uploads\/KlasterDoksany\/Modlitba.jpg 897w, https:\/\/www.klasterdoksany.net\/wp-content\/uploads\/KlasterDoksany\/Modlitba-300x118.jpg 300w, https:\/\/www.klasterdoksany.net\/wp-content\/uploads\/KlasterDoksany\/Modlitba-768x301.jpg 768w, https:\/\/www.klasterdoksany.net\/wp-content\/uploads\/KlasterDoksany\/Modlitba-228x89.jpg 228w\" sizes=\"auto, (max-width: 897px) 100vw, 897px\" \/><\/p>\n<\/p><\/div>\n<\/p><\/div>\n<\/p><\/div>\n<\/p><\/div>\n<\/section>\n<section id=\"builder-section-text_496\" class=\"builder-section-prev-text builder-section builder-section-text builder-section-last builder-text-columns-2\" style=\"background-size: cover; background-repeat: no-repeat;background-position: center center;\">\n<div class=\"builder-section-content\">\n<div class=\"builder-text-row\">\n<div class=\"builder-text-column builder-text-column-1\" id=\"builder-section-text_496-column-1\">\n<div class=\"builder-text-content\">\n<h2>P\u0159\u00edmluvn\u00e1 modlitba<\/h2>\n<p>Slu\u017ebu C\u00edrkvi a lidem vyjad\u0159ujeme tak\u00e9 p\u0159\u00edmluvnou modlitbou na va\u0161e \u00famysly.<br \/>\nTyto prosby p\u0159edkl\u00e1d\u00e1me ve spole\u010dn\u00e9 modlitb\u011b P\u00e1nu v\u017edy po dobu dev\u00edti dn\u016f p\u0159i adoraci Nejsv\u011bt\u011bj\u0161\u00ed Sv\u00e1tosti olt\u00e1\u0159n\u00ed.<\/p>\n<p>V modlitb\u011b v\u0161ak na v\u00e1s pamatujeme i nad\u00e1le. K tomu je je\u0161t\u011b jednou za m\u011bs\u00edc u n\u00e1s slou\u017eena m\u0161e svat\u00e1 za v\u00e1s a na va\u0161e \u00famysly.<\/p>\n<p><u>Sv\u00e9 \u00famysly n\u00e1m m\u016f\u017eete sd\u011blit:<\/u><br \/>\nKl\u00e1\u0161ter sester premonstr\u00e1tek<br \/>\n411 82 Doksany 1<\/p>\n<p>E-mail: <a href=\"mailto:sorores.opraem@cbox.cz\">sorores.opraem@cbox.cz<\/a><\/p>\n<\/p><\/div>\n<\/p><\/div>\n<div class=\"builder-text-column builder-text-column-2\" id=\"builder-section-text_496-column-2\">\n<div class=\"builder-text-content\">\n<p>Nebo m\u016f\u017eete \u00famysl poslat formul\u00e1\u0159em n\u00ed\u017ee.<br \/>Pokud chcete, abychom V\u00e1m potvrdily p\u0159ijet\u00ed Va\u0161\u00ed prosby, vypl\u0148te svou e-mailovou adresu.<\/p>\n<p><big>\n<div class=\"wpcf7 no-js\" id=\"wpcf7-f942-o1\" lang=\"cs-CZ\" dir=\"ltr\" data-wpcf7-id=\"942\">\n<div class=\"screen-reader-response\"><p role=\"status\" aria-live=\"polite\" aria-atomic=\"true\"><\/p> <ul><\/ul><\/div>\n<form action=\"\/index.php?rest_route=%2Fwp%2Fv2%2Fpages%2F935#wpcf7-f942-o1\" method=\"post\" class=\"wpcf7-form init\" aria-label=\"Kontaktn\u00ed formul\u00e1\u0159\" novalidate=\"novalidate\" data-status=\"init\">\n<fieldset class=\"hidden-fields-container\"><input type=\"hidden\" name=\"_wpcf7\" value=\"942\" \/><input type=\"hidden\" name=\"_wpcf7_version\" value=\"6.1.5\" \/><input type=\"hidden\" name=\"_wpcf7_locale\" value=\"cs_CZ\" \/><input type=\"hidden\" name=\"_wpcf7_unit_tag\" value=\"wpcf7-f942-o1\" \/><input type=\"hidden\" name=\"_wpcf7_container_post\" value=\"0\" \/><input type=\"hidden\" name=\"_wpcf7_posted_data_hash\" value=\"\" \/>\n<\/fieldset>\n<p><label> Va\u0161e jm\u00e9no<br \/>\n<span class=\"wpcf7-form-control-wrap\" data-name=\"your-name\"><input size=\"40\" maxlength=\"400\" class=\"wpcf7-form-control wpcf7-text wpcf7-validates-as-required\" autocomplete=\"name\" aria-required=\"true\" aria-invalid=\"false\" value=\"\" type=\"text\" name=\"your-name\" \/><\/span> <\/label>\n<\/p>\n<p><label> V\u00e1\u0161 e-mail<br \/>\n<span class=\"wpcf7-form-control-wrap\" data-name=\"your-email\"><input size=\"40\" maxlength=\"400\" class=\"wpcf7-form-control wpcf7-email wpcf7-text wpcf7-validates-as-email\" autocomplete=\"email\" aria-invalid=\"false\" value=\"\" type=\"email\" name=\"your-email\" \/><\/span> <\/label>\n<\/p>\n<p><label> Va\u0161e zpr\u00e1va<br \/>\n<span class=\"wpcf7-form-control-wrap\" data-name=\"your-message\"><textarea cols=\"40\" rows=\"10\" maxlength=\"2000\" class=\"wpcf7-form-control wpcf7-textarea wpcf7-validates-as-required\" aria-required=\"true\" aria-invalid=\"false\" name=\"your-message\"><\/textarea><\/span> <\/label>\n<\/p>\n<p><input class=\"wpcf7-form-control wpcf7-submit has-spinner\" type=\"submit\" value=\"Odeslat\" \/>\n<\/p><div class=\"wpcf7-response-output\" aria-hidden=\"true\"><\/div>\n<\/form>\n<\/div>\n<\/big><\/p>\n<\/p><\/div>\n<\/p><\/div>\n<\/p><\/div>\n<\/p><\/div>\n<\/section>\n","protected":false},"excerpt":{"rendered":"<p>P\u0159\u00edmluvn\u00e1 modlitba Slu\u017ebu C\u00edrkvi a lidem vyjad\u0159ujeme tak\u00e9 p\u0159\u00edmluvnou modlitbou na va\u0161e \u00famysly. Tyto prosby p\u0159edkl\u00e1d\u00e1me ve spole\u010dn\u00e9 modlitb\u011b P\u00e1nu v\u017edy po dobu dev\u00edti dn\u016f p\u0159i adoraci Nejsv\u011bt\u011bj\u0161\u00ed Sv\u00e1tosti olt\u00e1\u0159n\u00ed. V modlitb\u011b v\u0161ak na v\u00e1s pamatujeme i nad\u00e1le. K tomu je je\u0161t\u011b jednou za m\u011bs\u00edc u n\u00e1s slou\u017eena m\u0161e svat\u00e1 za v\u00e1s a na va\u0161e &hellip;<\/p>\n","protected":false},"author":1,"featured_media":0,"parent":0,"menu_order":0,"comment_status":"closed","ping_status":"closed","template":"template-builder.php","meta":{"footnotes":""},"class_list":["post-935","page","type-page","status-publish","hentry"],"_links":{"self":[{"href":"https:\/\/www.klasterdoksany.net\/index.php?rest_route=\/wp\/v2\/pages\/935","targetHints":{"allow":["GET"]}}],"collection":[{"href":"https:\/\/www.klasterdoksany.net\/index.php?rest_route=\/wp\/v2\/pages"}],"about":[{"href":"https:\/\/www.klasterdoksany.net\/index.php?rest_route=\/wp\/v2\/types\/page"}],"author":[{"embeddable":true,"href":"https:\/\/www.klasterdoksany.net\/index.php?rest_route=\/wp\/v2\/users\/1"}],"replies":[{"embeddable":true,"href":"https:\/\/www.klasterdoksany.net\/index.php?rest_route=%2Fwp%2Fv2%2Fcomments&post=935"}],"version-history":[{"count":5,"href":"https:\/\/www.klasterdoksany.net\/index.php?rest_route=\/wp\/v2\/pages\/935\/revisions"}],"predecessor-version":[{"id":1141,"href":"https:\/\/www.klasterdoksany.net\/index.php?rest_route=\/wp\/v2\/pages\/935\/revisions\/1141"}],"wp:attachment":[{"href":"https:\/\/www.klasterdoksany.net\/index.php?rest_route=%2Fwp%2Fv2%2Fmedia&parent=935"}],"curies":[{"name":"wp","href":"https:\/\/api.w.org\/{rel}","templated":true}]}}