{"id":900,"date":"2025-08-29T13:44:02","date_gmt":"2025-08-29T11:44:02","guid":{"rendered":"http:\/\/www.klasterdoksany.net\/?page_id=900"},"modified":"2025-09-01T10:55:45","modified_gmt":"2025-09-01T08:55:45","slug":"kontakty","status":"publish","type":"page","link":"https:\/\/www.klasterdoksany.net\/?page_id=900","title":{"rendered":"Kontakty"},"content":{"rendered":"<section id=\"builder-section-text_31\" class=\"builder-section-first builder-section builder-section-text builder-section-next-text builder-text-columns-1\" style=\"background-size: cover; background-repeat: no-repeat;background-position: center center;\">\n<div class=\"builder-section-content\">\n<div class=\"builder-text-row\">\n<div class=\"builder-text-column builder-text-column-1\" id=\"builder-section-text_31-column-1\">\n<div class=\"builder-text-content\">\n<p><img loading=\"lazy\" decoding=\"async\" src=\"http:\/\/www.klasterdoksany.net\/wp-content\/uploads\/KlasterDoksany\/9374a0_363fa990d17c4986b89b01f30676b298mv2.jpg\" alt=\"\" width=\"925\" height=\"383\" class=\"aligncenter size-full wp-image-903\" srcset=\"https:\/\/www.klasterdoksany.net\/wp-content\/uploads\/KlasterDoksany\/9374a0_363fa990d17c4986b89b01f30676b298mv2.jpg 925w, https:\/\/www.klasterdoksany.net\/wp-content\/uploads\/KlasterDoksany\/9374a0_363fa990d17c4986b89b01f30676b298mv2-300x124.jpg 300w, https:\/\/www.klasterdoksany.net\/wp-content\/uploads\/KlasterDoksany\/9374a0_363fa990d17c4986b89b01f30676b298mv2-768x318.jpg 768w, https:\/\/www.klasterdoksany.net\/wp-content\/uploads\/KlasterDoksany\/9374a0_363fa990d17c4986b89b01f30676b298mv2-228x94.jpg 228w\" sizes=\"auto, (max-width: 925px) 100vw, 925px\" \/><\/p>\n<\/p><\/div>\n<\/p><\/div>\n<\/p><\/div>\n<\/p><\/div>\n<\/section>\n<section id=\"builder-section-text_11\" class=\"builder-section-prev-text builder-section builder-section-text builder-section-last builder-text-columns-2\" style=\"background-size: cover; background-repeat: no-repeat;background-position: center center;\">\n<div class=\"builder-section-content\">\n<div class=\"builder-text-row\">\n<div class=\"builder-text-column builder-text-column-1\" id=\"builder-section-text_11-column-1\">\n<div class=\"builder-text-content\">\n<p><strong>Kontakt na sestry<\/strong><br \/>\nKl\u00e1\u0161ter sester premonstr\u00e1tek<\/p>\n<p>Doksany 1<\/p>\n<p>411 82  Doksany<\/p>\n<p>email: <a href=\"mailto:sorores.opraem@cbox.cz\">sorores.opraem@cbox.cz<\/a><\/p>\n<p>Telefonn\u00ed \u010d\u00edslo neuv\u00e1d\u00edme z\u00e1m\u011brn\u011b.<\/p>\n<p>Pros\u00edme, abyste pro kontakt s n\u00e1mi vyu\u017eili emailovou adresu, p\u0159\u00edpadn\u011b rychlou zpr\u00e1vu z webu.<br \/>\nD\u011bkujeme za pochopen\u00ed.<br \/>\n<\/hr>\n<p>I\u010c: 68298081<br \/>\n\u010c\u00edslo \u00fa\u010dtu: 2902680577\/2010<\/p>\n<\/p><\/div>\n<\/p><\/div>\n<div class=\"builder-text-column builder-text-column-2\" id=\"builder-section-text_11-column-2\">\n<div class=\"builder-text-content\">\n<p><strong>Farnost Doksany<\/strong><br \/>\nP. Pius Zden\u011bk V\u00e1gner, O.Praem.<\/p>\n<p>+420 722 914 053<\/p>\n<p>farnost.doksany@dltm.cz<\/p>\n<p><a href=\"https:\/\/www.farnostdoksany.cz\">www.farnostdoksany.cz<\/a><\/p>\n<p><a href=\"http:\/\/www.klasterdoksany.net\/?page_id=910\">Informace o prohl\u00eddk\u00e1ch kostela najdete ZDE<\/a><\/p>\n<p><u>Dal\u0161\u00ed zaj\u00edmav\u00e9 weby<\/u><br \/>\n<a href=\"http:\/\/www.premontresisters.com\/\">Mezin\u00e1rodn\u00ed str\u00e1nky premonstr\u00e1tsk\u00fdch sestersk\u00fdch spole\u010denstv\u00ed<\/a><br \/>\n<a href=\"https:\/\/premontre.org\/\">Mezin\u00e1rodn\u00ed str\u00e1nky premonstr\u00e1tsk\u00e9ho \u0159\u00e1du<\/a><br \/>\n<a href=\"https:\/\/www.premonstratky.cz\/\">Str\u00e1nky Kongregace sester premonstr\u00e1tek na Svat\u00e9m Kope\u010dku<\/a><\/p>\n<p><a href=\"https:\/\/www.vaticannews.va\/cs.html\">Ofici\u00e1ln\u00ed str\u00e1nky st\u00e1tu Vatik\u00e1n<\/a><br \/>\n<a href=\"https:\/\/www.cirkev.cz\/\">Ofici\u00e1ln\u00ed str\u00e1nky \u010cesk\u00e9 biskupsk\u00e9 konference<\/a><\/p>\n<p><a href=\"https:\/\/www.dltm.cz\/\">Str\u00e1nky Litom\u011b\u0159ick\u00e9ho biskupstv\u00ed<\/a><br \/>\n<a href=\"http:\/\/www.hledampovolani.cz\/\">R\u016fzn\u00e9 mo\u017enosti pro hledaj\u00edc\u00ed sv\u00e9 \u017eivotn\u00ed cesty<\/a><br \/>\n<a href=\"https:\/\/www.vira.cz\/\">Abeceda v\u00edry<\/a><br \/>\n<a href=\"https:\/\/www.maria.cz\/\">Mari\u00e1nsk\u00e1 \u00facta<\/a><br \/>\n<a href=\"https:\/\/www.tvnoe.cz\/\">\u010cesk\u00e1 k\u0159es\u0165ansk\u00e1 televize<\/a><\/p>\n<\/p><\/div>\n<\/p><\/div>\n<\/p><\/div>\n<\/p><\/div>\n<\/section>\n","protected":false},"excerpt":{"rendered":"<p>Kontakt na sestry Kl\u00e1\u0161ter sester premonstr\u00e1tek Doksany 1 411 82 Doksany email: sorores.opraem@cbox.cz Telefonn\u00ed \u010d\u00edslo neuv\u00e1d\u00edme z\u00e1m\u011brn\u011b. Pros\u00edme, abyste pro kontakt s n\u00e1mi vyu\u017eili emailovou adresu, p\u0159\u00edpadn\u011b rychlou zpr\u00e1vu z webu. D\u011bkujeme za pochopen\u00ed. I\u010c: 68298081 \u010c\u00edslo \u00fa\u010dtu: 2902680577\/2010 Farnost Doksany P. Pius Zden\u011bk V\u00e1gner, O.Praem. +420 722 914 053 farnost.doksany@dltm.cz www.farnostdoksany.cz Informace o prohl\u00eddk\u00e1ch &hellip;<\/p>\n","protected":false},"author":1,"featured_media":0,"parent":0,"menu_order":0,"comment_status":"closed","ping_status":"closed","template":"template-builder.php","meta":{"footnotes":""},"class_list":["post-900","page","type-page","status-publish","hentry"],"_links":{"self":[{"href":"https:\/\/www.klasterdoksany.net\/index.php?rest_route=\/wp\/v2\/pages\/900","targetHints":{"allow":["GET"]}}],"collection":[{"href":"https:\/\/www.klasterdoksany.net\/index.php?rest_route=\/wp\/v2\/pages"}],"about":[{"href":"https:\/\/www.klasterdoksany.net\/index.php?rest_route=\/wp\/v2\/types\/page"}],"author":[{"embeddable":true,"href":"https:\/\/www.klasterdoksany.net\/index.php?rest_route=\/wp\/v2\/users\/1"}],"replies":[{"embeddable":true,"href":"https:\/\/www.klasterdoksany.net\/index.php?rest_route=%2Fwp%2Fv2%2Fcomments&post=900"}],"version-history":[{"count":11,"href":"https:\/\/www.klasterdoksany.net\/index.php?rest_route=\/wp\/v2\/pages\/900\/revisions"}],"predecessor-version":[{"id":999,"href":"https:\/\/www.klasterdoksany.net\/index.php?rest_route=\/wp\/v2\/pages\/900\/revisions\/999"}],"wp:attachment":[{"href":"https:\/\/www.klasterdoksany.net\/index.php?rest_route=%2Fwp%2Fv2%2Fmedia&parent=900"}],"curies":[{"name":"wp","href":"https:\/\/api.w.org\/{rel}","templated":true}]}}