{"id":898,"date":"2025-08-29T13:41:34","date_gmt":"2025-08-29T11:41:34","guid":{"rendered":"http:\/\/www.klasterdoksany.net\/?page_id=898"},"modified":"2025-08-29T13:41:34","modified_gmt":"2025-08-29T11:41:34","slug":"siard","status":"publish","type":"page","link":"https:\/\/www.klasterdoksany.net\/?page_id=898","title":{"rendered":"Siard"},"content":{"rendered":"<section id=\"builder-section-text_11\" class=\"builder-section-first builder-section builder-section-text builder-section-last builder-text-columns-1\" style=\"background-size: cover; background-repeat: no-repeat;background-position: center center;\">\n<div class=\"builder-section-content\">\n<div class=\"builder-text-row\">\n<div class=\"builder-text-column builder-text-column-1\" id=\"builder-section-text_11-column-1\">\n<div class=\"builder-text-content\">\n<h2>Svat\u00fd Siard<\/h2>\n<p>Siard poch\u00e1zel z fr\u00edsk\u00e9 \u0161lechtick\u00e9 rodiny. Studoval ve \u0161kole opatstv\u00ed Mariengaarde, kde byl v t\u00e9 dob\u011b opatem svat\u00fd Bed\u0159ich. Roku 1175 po\u017e\u00e1dal o p\u0159ijet\u00ed do novici\u00e1tu. Po dvaceti letech \u017eivota v kl\u00e1\u0161te\u0159e byl roku 1194 zvolen p\u00e1t\u00fdm opatem Mariengaarde. V denn\u00edm \u017eivot\u011b se ni\u010d\u00edm neli\u0161il od spolubratr\u016f: ani h\u00e1bitem, ani j\u00eddlem, ani celou. Ve sv\u00e9 v\u00fdjime\u010dn\u00e9 poko\u0159e se vyh\u00fdbal jak\u00e9mukoli zbyte\u010dn\u00e9mu pohodl\u00ed. Jako dobr\u00fd p\u0159edstaven\u00fd vedl sv\u016fj kl\u00e1\u0161ter sv\u011bdomit\u011b, a to jak ve v\u011bcech duchovn\u00edch, tak hmotn\u00fdch. Kdykoli Siard opou\u0161t\u011bl kl\u00e1\u0161ter, v\u017edy si s sebou bral velk\u00fd ko\u0161 j\u00eddla, aby m\u011bl co rozd\u00e1vat chud\u00fdm. M\u011bl dar uti\u0161ovat nen\u00e1vist a usmi\u0159ovat znesv\u00e1\u0159en\u00e9. Spolubratr\u016fm, kte\u0159\u00ed se vyd\u00e1vali na cestu, p\u0159\u00e1l t\u0159i v\u011bci: radostn\u00fd odchod, pokojn\u00fd pr\u016fb\u011bh cesty a \u0161\u0165astn\u00fd n\u00e1vrat. Siard zvl\u00e1\u0161\u0165 zbo\u017en\u011b uct\u00edval svat\u00e9 sestry Martu a Marii. Martu si p\u0159\u00e1l  napodobovat v jej\u00ed p\u00e9\u010di o bli\u017en\u00ed; Marie jej u\u010dila nezbytnosti naslouchat Kristu v modlitb\u011b a rozj\u00edm\u00e1n\u00ed. Pracoval se sv\u00fdmi kanovn\u00edky i manu\u00e1ln\u011b, zvl\u00e1\u0161t\u011b na poli. U\u010dil je p\u0159i sklizni na pol\u00edch recitovat \u017ealmy. Tak\u00e9 se n\u011bkdy dost\u00e1val do vytr\u017een\u00ed p\u0159i modlitb\u011b a sly\u0161el and\u011blskou hudbu. Zem\u0159el roku 1230 po 36 letech v opatsk\u00e9m \u00fa\u0159ad\u011b. Po\u010detn\u00ed v\u011b\u0159\u00edc\u00ed obdr\u017eeli na jeho hrob\u011b od Boha zvl\u00e1\u0161tn\u00ed milosti. Po zni\u010den\u00ed Mariengaarde kalv\u00ednci roku 1578 byly jeho ostatky zachr\u00e1n\u011bny fr\u00edsk\u00fdm \u0161lechticem Siardem z Helsema a odvezeny do Hildesheimu. Roku 1608 byly rozd\u011bleny \u2013 jednu \u010d\u00e1st ostatk\u016f dostalo roku 1617 opatstv\u00ed svat\u00e9ho Feuillina z Roeulz, od roku 1938 jsou uchov\u00e1v\u00e1ny v premonstr\u00e1tsk\u00e9m opatstv\u00ed Leffe. Druh\u00e1 \u010d\u00e1st se roku 1617 dostala do Tongerlo, kde maj\u00ed lid\u00e9 svat\u00e9ho Siarda ve velk\u00e9 \u00fact\u011b a\u017e do na\u0161ich \u010das\u016f. Hlava tohoto sv\u011btce je ulo\u017eena v s\u00eddle general\u00e1tu v \u0158\u00edm\u011b. Pape\u017e Benedikt XIII. potvrdil \u00factu svat\u00e9ho Siarda 22. ledna 1728.<\/p>\n<\/p><\/div>\n<\/p><\/div>\n<\/p><\/div>\n<\/p><\/div>\n<\/section>\n","protected":false},"excerpt":{"rendered":"<p>Svat\u00fd Siard Siard poch\u00e1zel z fr\u00edsk\u00e9 \u0161lechtick\u00e9 rodiny. Studoval ve \u0161kole opatstv\u00ed Mariengaarde, kde byl v t\u00e9 dob\u011b opatem svat\u00fd Bed\u0159ich. Roku 1175 po\u017e\u00e1dal o p\u0159ijet\u00ed do novici\u00e1tu. Po dvaceti letech \u017eivota v kl\u00e1\u0161te\u0159e byl roku 1194 zvolen p\u00e1t\u00fdm opatem Mariengaarde. V denn\u00edm \u017eivot\u011b se ni\u010d\u00edm neli\u0161il od spolubratr\u016f: ani h\u00e1bitem, ani j\u00eddlem, ani celou. &hellip;<\/p>\n","protected":false},"author":1,"featured_media":0,"parent":0,"menu_order":0,"comment_status":"closed","ping_status":"closed","template":"template-builder.php","meta":{"footnotes":""},"class_list":["post-898","page","type-page","status-publish","hentry"],"_links":{"self":[{"href":"https:\/\/www.klasterdoksany.net\/index.php?rest_route=\/wp\/v2\/pages\/898","targetHints":{"allow":["GET"]}}],"collection":[{"href":"https:\/\/www.klasterdoksany.net\/index.php?rest_route=\/wp\/v2\/pages"}],"about":[{"href":"https:\/\/www.klasterdoksany.net\/index.php?rest_route=\/wp\/v2\/types\/page"}],"author":[{"embeddable":true,"href":"https:\/\/www.klasterdoksany.net\/index.php?rest_route=\/wp\/v2\/users\/1"}],"replies":[{"embeddable":true,"href":"https:\/\/www.klasterdoksany.net\/index.php?rest_route=%2Fwp%2Fv2%2Fcomments&post=898"}],"version-history":[{"count":1,"href":"https:\/\/www.klasterdoksany.net\/index.php?rest_route=\/wp\/v2\/pages\/898\/revisions"}],"predecessor-version":[{"id":899,"href":"https:\/\/www.klasterdoksany.net\/index.php?rest_route=\/wp\/v2\/pages\/898\/revisions\/899"}],"wp:attachment":[{"href":"https:\/\/www.klasterdoksany.net\/index.php?rest_route=%2Fwp%2Fv2%2Fmedia&parent=898"}],"curies":[{"name":"wp","href":"https:\/\/api.w.org\/{rel}","templated":true}]}}