{"id":896,"date":"2025-08-29T13:39:44","date_gmt":"2025-08-29T11:39:44","guid":{"rendered":"http:\/\/www.klasterdoksany.net\/?page_id=896"},"modified":"2025-08-29T13:39:44","modified_gmt":"2025-08-29T11:39:44","slug":"vojslava","status":"publish","type":"page","link":"https:\/\/www.klasterdoksany.net\/?page_id=896","title":{"rendered":"Vojslava"},"content":{"rendered":"<section id=\"builder-section-text_11\" class=\"builder-section-first builder-section builder-section-text builder-section-last builder-text-columns-1\" style=\"background-size: cover; background-repeat: no-repeat;background-position: center center;\">\n<div class=\"builder-section-content\">\n<div class=\"builder-text-row\">\n<div class=\"builder-text-column builder-text-column-1\" id=\"builder-section-text_11-column-1\">\n<div class=\"builder-text-content\">\n<h2>Vojslava<\/h2>\n<p>Vojslava byla o n\u011bkolik let star\u0161\u00ed ne\u017e Hroznata, narodila se tedy asi okolo roku 1160. O jej\u00edm \u017eivot\u011b se v\u011bt\u0161inou dozv\u00edd\u00e1me jen v souvislostech s Hroznatou, jak v legend\u011b, tak v dobov\u00fdch listin\u00e1ch.<br \/>\nVojslavin otec byl Sezema z rodu Hroznatovc\u016f, kter\u00fd vlastnil rozs\u00e1hl\u00e9 pozemky na Litom\u011b\u0159icku a pozd\u011bji i na Plze\u0148sku. Matka Dobroslava nejpravd\u011bpodobn\u011bji poch\u00e1zela z rodu Drslavic\u016f, jejich\u017e majetek byl rovn\u011b\u017e v z\u00e1padn\u00edch \u010cech\u00e1ch. Vojslava i Hroznata poch\u00e1zeli z jednoho z nejv\u00fdznam\u011bj\u0161\u00edch \u010desk\u00fdch rod\u016f, jak potvrzuj\u00ed i \u00favodn\u00ed slova hroznatovsk\u00e9 legendy.<\/p>\n<p>V dob\u011b smrti pana Sezemy v bitv\u011b u Lod\u011bnice na Berounce byla ji\u017e Vojslava v\u00fdhodn\u011b provd\u00e1na do Polska za krakovsk\u00e9ho kastel\u00e1na, tedy za p\u0159\u00edslu\u0161n\u00edka polsk\u00e9 spole\u010densk\u00e9 elity. S\u0148atek mohl zprost\u0159edkovat Vojslavin str\u00fdc Hroznata, kter\u00fd v t\u00e9 dob\u011b zast\u00e1val kastel\u00e1nsk\u00fd \u00fa\u0159ad p\u0159emyslovsk\u00e9ho hradu v Kladsku. Funkce krakovsk\u00e9ho kastel\u00e1na byla v tehdej\u0161\u00edm Polsku velmi v\u00fdznamn\u00e1 a lze ji v tehdej\u0161\u00ed sv\u011btsk\u00e9 hierarchii za\u0159adit na stupe\u0148 druh\u00e9ho nejvy\u0161\u0161\u00edho kn\u00ed\u017eec\u00edho \u00fa\u0159edn\u00edka.<br \/>\nVojslavin man\u017eel se jmenoval Henryk Kietlicz a jeho v\u00fdznamn\u00e1 fonkce spr\u00e1vce kn\u00ed\u017eec\u00edho hradu Wawelu jej p\u0159edur\u010dovala k v\u00fdb\u011bru man\u017eelky ze sob\u011b rovn\u00e9ho rodu.Vojslava s n\u00edm m\u011bla pravd\u011bpodobn\u011b stejnojmenn\u00e9ho syna Henryka, kter\u00fd se stal r.1199 hn\u011bzdensk\u00fdm arcibiskupem a proslul v boji za c\u00edrkevn\u00ed emancipaci. Polsk\u00e9 kroniky se zmi\u0148uj\u00ed i o jej\u00ed dce\u0159i, ale nejmenuj\u00ed ji.<\/p>\n<p>Po smrti otce Sezemy j\u00ed byl asi desetilet\u00fd Hroznata sv\u011b\u0159en do p\u00e9\u010de, proto\u017ee mo\u017en\u00e1 ji\u017e nebyla na \u017eivu jejich matka. Lze p\u0159edpokl\u00e1dat, \u017ee se Hroznatovi dostalo v Krakov\u011b t\u00e9 nejlep\u0161\u00ed dvorsk\u00e9 v\u00fdchovy a c\u00edrkevn\u00edho vzd\u011bl\u00e1n\u00ed na tamn\u00ed katedr\u00e1ln\u00ed \u0161kole.<\/p>\n<p>Roku 1197, kdy\u017e byl Hroznata ji\u017e nazp\u011bt v \u010cech\u00e1ch, kde p\u0159evzal rodov\u00fd majetek a vydal sv\u016fj zn\u00e1m\u00fd testament, byla Vojslava je\u0161t\u011b v Polsku zm\u00edtan\u00e9m boji o moc a pravd\u011bpodobn\u011b s\u00eddlila se svou dcerou v ned\u00e1vno zalo\u017een\u00e9m kl\u00e1\u0161te\u0159e premonstr\u00e1tek na Zwierzinci u Krakova. Chot\u011b\u0161ov je ve zm\u00edn\u011bn\u00e9m testamentu p\u0159ipomenut poprv\u00e9. Vojslavin man\u017eel musel po por\u00e1\u017ece sv\u00e9 strany uprchnout z Polska na statky Hroznatovc\u016f v \u010cech\u00e1ch.<br \/>\nZ d\u016fvodu neuskute\u010dn\u011bn\u00e9 k\u0159\u00ed\u017eov\u00e9 v\u00fdpravy si Hroznata p\u0159i audienci u pape\u017ee Celestina III. vyprosil dovolen\u00ed, \u017ee n\u00e1hradou zalo\u017e\u00ed kl\u00e1\u0161ter, podobn\u011b jako se to stalo v p\u0159\u00edpad\u011b Tepl\u00e9 roku 1193.<br \/>\nVznik chot\u011b\u0161ovsk\u00e9ho kl\u00e1\u0161tera m\u016f\u017ee rovn\u011b\u017e \u00fazce souviset s ovdov\u011bn\u00edm Vojslavy, p\u0159i\u010dem\u017e o \u010dase a m\u00edst\u011b smrti jej\u00edho man\u017eela nem\u00e1me zpr\u00e1vy. Legenda prav\u00ed, \u017ee se Vojslava po man\u017eelov\u011b smrti uch\u00fdlila na bratr\u016fv statek do Chot\u011b\u0161ova a setrvala zde ve vdovsk\u00e9m stavu. To souhlas\u00ed se zm\u00edn\u011bn\u00fdm Hroznatov\u00fdm testamentem, kde ji pro p\u0159\u00edpad ovdov\u011bn\u00ed v\u011bnuje pr\u00e1v\u011b Chot\u011b\u0161ov.<\/p>\n<p>Vojslava je v pramenech \u010dasto naz\u00fdv\u00e1na zakladatelkou kl\u00e1\u0161tera. Je v\u0161ak l\u00e9pe ji jmenovat spoluzakladatelkou, proto\u017ee by se p\u0159i tak v\u00fdznamn\u00e9m a c\u00edrkevn\u011b pr\u00e1vn\u011b slo\u017eit\u00e9m po\u010dinu t\u011b\u017eko jako osam\u011bl\u00e1 \u017eena obe\u0161la bez dominantn\u00ed \u00fa\u010dasti sv\u00e9ho bohat\u00e9ho a vlivn\u00e9ho bratra.<\/p>\n<p>Kl\u00e1\u0161ter Chot\u011b\u0161ov byl od sam\u00e9ho po\u010d\u00e1tku zam\u00fd\u0161len jako \u017eensk\u00fd prot\u011bj\u0161ek kl\u00e1\u0161tera tepelsk\u00e9ho. V jeho \u010dele st\u00e1li od po\u010d\u00e1tku jako probo\u0161ti \u010dlenov\u00e9 tepelsk\u00e9ho konventu, kte\u0159\u00ed ve shod\u011b s p\u0159evorkou z\u00e1sadn\u011b \u0159\u00eddili politiku i hospod\u00e1\u0159stv\u00ed \u0159eholn\u00edho domu. Funkci prvn\u00edho probo\u0161ta zast\u00e1val nepochybn\u011b a\u017e do sv\u00e9 smrti 14. \u010dervence 1217 s\u00e1m Hroznata. Vojslav\u011b jako spoluzakladatelce n\u00e1le\u017eela ve\u0161ker\u00e1 spoluzakladatelsk\u00e1 pr\u00e1va. Z toho vypl\u00fdval podstatn\u00fd vliv na kl\u00e1\u0161tern\u00ed komunitu i disponov\u00e1n\u00ed s kl\u00e1\u0161tern\u00edm majetkem, ale i povinnost ochranitelsk\u00e1. Vojslava se o kl\u00e1\u0161tern\u00ed majetek dob\u0159e starala &#8211; uh\u00e1jila pln\u00e9 pr\u00e1vo sv\u00e9ho kl\u00e1\u0161tera na pozemky, na nich\u017e kl\u00e1\u0161ter stoj\u00ed, proti pra\u017esk\u00e9 kapitule. Tak\u00e9 pro kl\u00e1\u0161ter z\u00edskala od pra\u017esk\u00e9ho biskupa majetek v hodnot\u011b 90 h\u0159iven st\u0159\u00edbra.<\/p>\n<p>Vojslava \u017eila zbo\u017en\u00fdm \u017eivotem v t\u011bsn\u00e9 bl\u00edzkosti sester. Jeliko\u017e se v\u0161ak jednalo o \u0159\u00e1d p\u0159\u00edsn\u011b panensk\u00fd, nemohla slo\u017eit \u0159eholn\u00ed sliby, ani nosit h\u00e1bit, ani bydlet p\u0159\u00edmo v sestersk\u00e9 klauzu\u0159e. Nosila proto p\u0159im\u011b\u0159en\u00fd vdovsk\u00fd od\u011bv a pob\u00fdvala ve zvl\u00e1\u0161tn\u00edm obydl\u00ed pobl\u00ed\u017e konventu.<br \/>\nV chot\u011b\u0161ovsk\u00e9m kl\u00e1\u0161te\u0159e \u00fadajn\u011b pob\u00fdvala i Vojslavina mlad\u0161\u00ed sestra Judita, kter\u00e1 byla plnopr\u00e1vnou \u010dlenkou konventu. N\u011bkter\u00e9 prameny o n\u00ed hovo\u0159\u00ed jako o jedn\u00e9 z p\u0159\u00edchoz\u00edch sester z doksansk\u00e9ho kl\u00e1\u0161tera p\u0159i zakl\u00e1d\u00e1n\u00ed kl\u00e1\u0161tera v Chot\u011b\u0161ov\u011b.<br \/>\nVojslava m\u011bla ke sv\u00e9mu bratru Hroznatovi p\u011bkn\u00fd, a\u017e mate\u0159sko-ochranitelsk\u00fd vztah. Legenda sv\u011bd\u010d\u00ed rovn\u011b\u017e o Hroznatov\u011b bl\u00edzk\u00e9m vztahu k Vojslav\u011b, nebo\u0165 se b\u011bhem sv\u00e9 nemoci nel\u00e9\u010dil v Tepl\u00e9, ale u sester v Chot\u011b\u0161ov\u011b, aby se \u201epot\u011b\u0161il jejich p\u0159\u00edtomnosti a p\u0159\u00edv\u011btiv\u00fdmi slovy\u201c.<\/p>\n<p>Vojslava zem\u0159ela p\u0159irozenou smrt\u00ed ve v\u011bku asi 70 let, snad 22. listopadu 1227. Jak bylo tehdy pro zakladatele norm\u00e1ln\u00ed, byla poh\u0159bena na nej\u010destn\u011bj\u0161\u00edm m\u00edst\u011b kl\u00e1\u0161tern\u00edho kostela, a to uprost\u0159ed kn\u011b\u017ei\u0161t\u011b. Hrob se t\u011b\u0161il nepochybn\u011b zvl\u00e1\u0161tn\u00ed \u00fact\u011b. Za husitsk\u00fdch v\u00e1lek byl pravd\u011bpodobn\u011b poni\u010den a zhanoben. Ve 2.polovin\u011b 15. stolet\u00ed byl po\u0159\u00edzen jej\u00ed nov\u00fd pozdn\u011b gotick\u00fd n\u00e1hrobek, kter\u00fd je dodnes dochov\u00e1n za hlavn\u00edm olt\u00e1\u0159em chot\u011b\u0161ovsk\u00e9ho farn\u00edho kostela.<br \/>\nPo zru\u0161en\u00ed kl\u00e1\u0161tera byly Vojslaviny ostatky roku 1793 p\u0159evezeny do Hroznatova hrobu, jeho\u017e sou\u010d\u00e1st\u00ed jsou dodnes.<\/p>\n<p>Vojslava je pozoruhodn\u00fdm p\u0159\u00edkladem st\u0159edov\u011bk\u00e9 \u017eeny z vrcholn\u00e9 spole\u010densk\u00e9 vrstvy, kter\u00e1 pro\u017eila zhruba polovinu sv\u00e9ho \u017eivota jako jej\u00ed vrstevnice \u2013 a druhou polovinu p\u0159i \u0159\u00e1du sester premonstr\u00e1tek. Podle legendy usilovala v kl\u00e1\u0161te\u0159e o svat\u00e9 spole\u010denstv\u00ed. Nepochybn\u011b se tak zaslou\u017eila o rozkv\u011bt sv\u00e9ho kl\u00e1\u0161tera i \u0159\u00e1du, a proto je dodnes v \u0159\u00e1du ct\u011bna jako ctihodn\u00e1. Vedle sv\u00e9ho bratra Hroznaty je tak sv\u011bdkyn\u00ed nesmlouvav\u00e9 k\u00e1zn\u011b a sebezap\u0159en\u00ed v r\u00e1mci \u010di v bl\u00edzkosti \u0159eholn\u00edho \u017eivota modlitby a ob\u011bti.<\/p>\n<\/p><\/div>\n<\/p><\/div>\n<\/p><\/div>\n<\/p><\/div>\n<\/section>\n","protected":false},"excerpt":{"rendered":"<p>Vojslava Vojslava byla o n\u011bkolik let star\u0161\u00ed ne\u017e Hroznata, narodila se tedy asi okolo roku 1160. O jej\u00edm \u017eivot\u011b se v\u011bt\u0161inou dozv\u00edd\u00e1me jen v souvislostech s Hroznatou, jak v legend\u011b, tak v dobov\u00fdch listin\u00e1ch. Vojslavin otec byl Sezema z rodu Hroznatovc\u016f, kter\u00fd vlastnil rozs\u00e1hl\u00e9 pozemky na Litom\u011b\u0159icku a pozd\u011bji i na Plze\u0148sku. Matka Dobroslava nejpravd\u011bpodobn\u011bji &hellip;<\/p>\n","protected":false},"author":1,"featured_media":0,"parent":0,"menu_order":0,"comment_status":"closed","ping_status":"closed","template":"template-builder.php","meta":{"footnotes":""},"class_list":["post-896","page","type-page","status-publish","hentry"],"_links":{"self":[{"href":"https:\/\/www.klasterdoksany.net\/index.php?rest_route=\/wp\/v2\/pages\/896","targetHints":{"allow":["GET"]}}],"collection":[{"href":"https:\/\/www.klasterdoksany.net\/index.php?rest_route=\/wp\/v2\/pages"}],"about":[{"href":"https:\/\/www.klasterdoksany.net\/index.php?rest_route=\/wp\/v2\/types\/page"}],"author":[{"embeddable":true,"href":"https:\/\/www.klasterdoksany.net\/index.php?rest_route=\/wp\/v2\/users\/1"}],"replies":[{"embeddable":true,"href":"https:\/\/www.klasterdoksany.net\/index.php?rest_route=%2Fwp%2Fv2%2Fcomments&post=896"}],"version-history":[{"count":1,"href":"https:\/\/www.klasterdoksany.net\/index.php?rest_route=\/wp\/v2\/pages\/896\/revisions"}],"predecessor-version":[{"id":897,"href":"https:\/\/www.klasterdoksany.net\/index.php?rest_route=\/wp\/v2\/pages\/896\/revisions\/897"}],"wp:attachment":[{"href":"https:\/\/www.klasterdoksany.net\/index.php?rest_route=%2Fwp%2Fv2%2Fmedia&parent=896"}],"curies":[{"name":"wp","href":"https:\/\/api.w.org\/{rel}","templated":true}]}}