{"id":892,"date":"2025-08-29T13:37:08","date_gmt":"2025-08-29T11:37:08","guid":{"rendered":"http:\/\/www.klasterdoksany.net\/?page_id=892"},"modified":"2025-08-29T13:37:08","modified_gmt":"2025-08-29T11:37:08","slug":"svaty-petr-adrian-toulorge","status":"publish","type":"page","link":"https:\/\/www.klasterdoksany.net\/?page_id=892","title":{"rendered":"Svat\u00fd Petr-Adri\u00e1n Toulorge"},"content":{"rendered":"<section id=\"builder-section-text_11\" class=\"builder-section-first builder-section builder-section-text builder-section-last builder-text-columns-1\" style=\"background-size: cover; background-repeat: no-repeat;background-position: center center;\">\n<div class=\"builder-section-content\">\n<div class=\"builder-text-row\">\n<div class=\"builder-text-column builder-text-column-1\" id=\"builder-section-text_11-column-1\">\n<div class=\"builder-text-content\">\n<h2>Svat\u00fd Petr-Adri\u00e1n Toulorge<\/h2>\n<p>Dne 29. dubna 2012 prob\u011bhla v katedr\u00e1le v Coutances ve Francii beatifikace na\u0161eho spolubratra P. Pierre-Adriena Toulorge, premonstr\u00e1tsk\u00e9ho kn\u011bze z b\u00fdval\u00e9ho opatstv\u00ed Blanchelande, kter\u00fd 13. \u0159\u00edjna 1793 b\u011bhem francouzsk\u00e9 revoluce zem\u0159el pod gilotinou jako &#8222;mu\u010dedn\u00edk pravdy&#8220;.<\/p>\n<p>Petr Adri\u00e1n Toulorge se narodil roku 1757 v Muneville-le-Bingard v Normandii. Po ukon\u010den\u00ed studi\u00ed v semin\u00e1\u0159i v Coutances byl roku 1782 vysv\u011bcen na kn\u011bze a jmenov\u00e1n kaplanem v Doville, kde byl far\u00e1\u0159em jeden premonstr\u00e1t z opatstv\u00ed Blanchelande. Kn\u011bz Petr pozd\u011bji vstoupil do t\u00e9ho\u017e opatstv\u00ed. B\u011bhem Francouzsk\u00e9 revoluce se dov\u011bd\u011bl, \u017ee z\u00e1kon z 26. srpna 1792 zakazuje p\u016fsoben\u00ed v pastoraci v\u0161em kn\u011b\u017e\u00edm, kte\u0159\u00ed neslo\u017e\u00ed p\u0159\u00edsahu na novou \u00fastavu. Domn\u00edval se, \u017ee to pro n\u011bj tak\u00e9 plat\u00ed, a rozhodl se odej\u00edt na ostrov Jersey pat\u0159\u00edc\u00ed Brit\u00e1nii. St\u00e1tn\u00ed \u00fa\u0159edn\u00edci jej nechali odjet. Pozd\u011bji v\u0161ak zjistil, \u017ee protic\u00edrkevn\u00ed z\u00e1kon jej nepostihuje a vr\u00e1til se do Francie. P\u0159ist\u00e1l v Portbailu a tajn\u011b konal sv\u00e9 kn\u011b\u017esk\u00e9 povinnosti, dokud jej v z\u00e1\u0159\u00ed 1793 neobvinili a nezatkli. Noc p\u0159ed popravou napsal sv\u00e9mu bratrovi: \u201eRaduj se, m\u016fj brat\u0159e, \u017ee mi B\u016fh r\u00e1\u010dil dop\u0159\u00e1t nejen trp\u011bt ve v\u011bzen\u00ed, ale tak\u00e9 zem\u0159\u00edt pro na\u0161eho P\u00e1na Je\u017e\u00ed\u0161e Krista. Nechci, abys truchlil nad m\u00fdm osudem, sp\u00ed\u0161e by ses m\u011bl radovat a \u0159\u00edkat se mnou: P\u00e1n bu\u010f pochv\u00e1len! P\u0159eji ti svat\u00fd \u017eivot a nebe na konci tv\u00fdch dn\u016f. Tot\u00e9\u017e p\u0159eji sv\u00e9 sest\u0159e, synovci a cel\u00e9 rodin\u011b.\u201c<br \/>\nPetr Adri\u00e1n zem\u0159el 13. \u0159\u00edjna pod gilotinou na tr\u017ei\u0161ti v Coutances.<\/p>\n<p>Modleme se:<br \/>\nV\u0161emohouc\u00ed v\u011b\u010dn\u00fd Bo\u017ee,<br \/>\nty jsi v dob\u00e1ch pron\u00e1sledov\u00e1n\u00ed naplnil blahoslaven\u00e9ho kn\u011bze Petra Adri\u00e1na silou sv\u00e9ho Svat\u00e9ho Ducha,<br \/>\naby mohl sv\u016fj \u017eivot ob\u011btovat pro Krista jako mu\u010dedn\u00edk pravdy.<br \/>\nNa jeho p\u0159\u00edmluvu a podle jeho p\u0159\u00edkladu pomoz i n\u00e1m,<br \/>\nabychom \u017eili podle evangelia a dosv\u011bd\u010dovali sv\u00fdm bli\u017en\u00edm tvou l\u00e1sku.<br \/>\nSkrze Krista na\u0161eho P\u00e1na. Amen.<\/p>\n<\/p><\/div>\n<\/p><\/div>\n<\/p><\/div>\n<\/p><\/div>\n<\/section>\n","protected":false},"excerpt":{"rendered":"<p>Svat\u00fd Petr-Adri\u00e1n Toulorge Dne 29. dubna 2012 prob\u011bhla v katedr\u00e1le v Coutances ve Francii beatifikace na\u0161eho spolubratra P. Pierre-Adriena Toulorge, premonstr\u00e1tsk\u00e9ho kn\u011bze z b\u00fdval\u00e9ho opatstv\u00ed Blanchelande, kter\u00fd 13. \u0159\u00edjna 1793 b\u011bhem francouzsk\u00e9 revoluce zem\u0159el pod gilotinou jako &#8222;mu\u010dedn\u00edk pravdy&#8220;. Petr Adri\u00e1n Toulorge se narodil roku 1757 v Muneville-le-Bingard v Normandii. Po ukon\u010den\u00ed studi\u00ed v semin\u00e1\u0159i &hellip;<\/p>\n","protected":false},"author":1,"featured_media":0,"parent":0,"menu_order":0,"comment_status":"closed","ping_status":"closed","template":"template-builder.php","meta":{"footnotes":""},"class_list":["post-892","page","type-page","status-publish","hentry"],"_links":{"self":[{"href":"https:\/\/www.klasterdoksany.net\/index.php?rest_route=\/wp\/v2\/pages\/892","targetHints":{"allow":["GET"]}}],"collection":[{"href":"https:\/\/www.klasterdoksany.net\/index.php?rest_route=\/wp\/v2\/pages"}],"about":[{"href":"https:\/\/www.klasterdoksany.net\/index.php?rest_route=\/wp\/v2\/types\/page"}],"author":[{"embeddable":true,"href":"https:\/\/www.klasterdoksany.net\/index.php?rest_route=\/wp\/v2\/users\/1"}],"replies":[{"embeddable":true,"href":"https:\/\/www.klasterdoksany.net\/index.php?rest_route=%2Fwp%2Fv2%2Fcomments&post=892"}],"version-history":[{"count":1,"href":"https:\/\/www.klasterdoksany.net\/index.php?rest_route=\/wp\/v2\/pages\/892\/revisions"}],"predecessor-version":[{"id":893,"href":"https:\/\/www.klasterdoksany.net\/index.php?rest_route=\/wp\/v2\/pages\/892\/revisions\/893"}],"wp:attachment":[{"href":"https:\/\/www.klasterdoksany.net\/index.php?rest_route=%2Fwp%2Fv2%2Fmedia&parent=892"}],"curies":[{"name":"wp","href":"https:\/\/api.w.org\/{rel}","templated":true}]}}