{"id":887,"date":"2025-08-29T13:30:59","date_gmt":"2025-08-29T11:30:59","guid":{"rendered":"http:\/\/www.klasterdoksany.net\/?page_id=887"},"modified":"2025-08-29T13:30:59","modified_gmt":"2025-08-29T11:30:59","slug":"norbert","status":"publish","type":"page","link":"https:\/\/www.klasterdoksany.net\/?page_id=887","title":{"rendered":"Norbert"},"content":{"rendered":"<section id=\"builder-section-text_11\" class=\"builder-section-first builder-section builder-section-text builder-section-last builder-text-columns-1\" style=\"background-size: cover; background-repeat: no-repeat;background-position: center center;\">\n<div class=\"builder-section-content\">\n<div class=\"builder-text-row\">\n<div class=\"builder-text-column builder-text-column-1\" id=\"builder-section-text_11-column-1\">\n<div class=\"builder-text-content\">\n<h2>Svat\u00fd Norbert z Xanten \u2013 zakladatel premonstr\u00e1tsk\u00e9ho \u0159\u00e1du<\/h2>\n<p>Norbert z Gennepu se narodil roku 1080. Stal se kapituln\u00edm kanovn\u00edkem v kostele svat\u00e9ho Viktora v Xanten a byl vysv\u011bcen na podj\u00e1hna, ne\u017eil v\u0161ak \u017eivotem klerika. Okolo roku 1108 a\u017e 1109 se stal kaplanem na dvo\u0159e kol\u00ednsk\u00e9ho arcibiskupa Fridricha a ji\u017e roku 1110 na dvo\u0159e c\u00edsa\u0159e Jind\u0159icha V. Doprov\u00e1zel panovn\u00edka do \u0158\u00edma, kde se vedly urputn\u00e9 spory o ot\u00e1zku investitury. Norbert se vr\u00e1til do N\u011bmecka zna\u010dn\u011b rozru\u0161en a zmaten. Roku 1113 odm\u00edtl c\u00edsa\u0159ovu nab\u00eddku, aby se stal biskupem v Cambrai.<\/p>\n<p>Na ja\u0159e roku 1115 byl cestou do Vreden sra\u017een bleskem z kon\u011b. Tato ud\u00e1lost byla Norbertovi pob\u00eddkou ke zm\u011bn\u011b \u017eivota. Vzdal se \u00fa\u0159adu kaplana u dvora a n\u011bkolik m\u011bs\u00edc\u016f se v\u011bnoval rozva\u017eov\u00e1n\u00ed o sv\u00e9 budouc\u00ed cest\u011b pod duchovn\u00edm veden\u00edm opata kl\u00e1\u0161tera  Siegburg. Nakonec v prosinci 1115 p\u0159ijal v jednom dni j\u00e1hensk\u00e9 i kn\u011b\u017esk\u00e9 sv\u011bcen\u00ed. P\u0159ed vysv\u011bcen\u00edm odlo\u017eil n\u00e1kladn\u00e9 \u0161aty a obl\u00e9kl si od\u011bv z neb\u011blen\u00e9 vlny. Ihned po vysv\u011bcen\u00ed se vr\u00e1til do Siegburgu a tam str\u00e1vil p\u0159ed svou prvn\u00ed m\u0161\u00ed svatou \u010dty\u0159icet dn\u00ed na modlitb\u00e1ch. Po n\u00e1vratu do Xanten sd\u011blil kanovn\u00edk\u016fm od svat\u00e9ho Viktora, \u017ee m\u00e1 v \u00famyslu usilovat o reformu kapituly. Kanovn\u00edci mu v\u0161ak odm\u00edtli naslouchat. Norbert se tedy uch\u00fdlil k poustevn\u00edkovi Ludolfovi, s n\u00edm\u017e hovo\u0159il o budouc\u00edm zam\u011b\u0159en\u00ed sv\u00e9ho \u017eivota. Tak\u00e9 se radil s \u0159eholn\u00edmi kanovn\u00edky z Klosterrathu.<\/p>\n<p>Potom za\u010dal Norbert putovat jako potuln\u00fd kazatel &#8211; n\u011bkte\u0159\u00ed lid\u00e9 jej obdivovali, jin\u00ed byli jeho \u010diny zmateni a znechuceni. Musel se obhajovat na koncilu ve Fritzlaru, kde se rozhodl vzd\u00e1t se sv\u00e9ho postaven\u00ed kanovn\u00edka i v\u0161ech sv\u00fdch obro\u010d\u00ed. Za\u010dal v\u00e9st \u017eivot poutn\u00edka. Ve m\u011bst\u011b St. Gilles v Provenci se mu dostalo sly\u0161en\u00ed u pape\u017ee Gelasia II. a obdr\u017eel od n\u011bho dovolen\u00ed p\u016fsobit jako potuln\u00fd kazatel. V zim\u011b se vydal bos na cestu do Valenciennes, kde dva z jeho druh\u016f zem\u0159eli vy\u010derp\u00e1n\u00edm. Tam se tak\u00e9 setkal se sv\u00fdm p\u0159\u00edtelem od c\u00edsa\u0159sk\u00e9ho dvora biskupem Burchardem z Cambrai. Biskup\u016fv kaplan Hugo de Fosses byl Norbertem natolik uchv\u00e1cen, \u017ee jej po\u017e\u00e1dal, aby se k n\u011bmu sm\u011bl p\u0159ipojit. Norbert se roku 1119 z\u00fa\u010dastnil koncilu v Reme\u0161i, kde jej nov\u00fd pape\u017e Kalixt II. sezn\u00e1mil se sv\u00fdm synovcem biskupem Bartolom\u011bjem z Laonu.<br \/>\nNorbert vyu\u017eil t\u00e9to p\u0159\u00edle\u017eitosti k n\u00e1v\u0161t\u011bv\u011b proslul\u00e9 katedr\u00e1ln\u00ed \u0161koly v Laonu. Na pape\u017eovu \u017e\u00e1dost se ujal \u00fakolu reformovat kapitulu u kostela svat\u00e9ho Martina. Jeho snaha v\u0161ak skon\u010dila ne\u00fasp\u011bchem, stejn\u011b jako o n\u011bkolik let d\u0159\u00edve v kapitule v  Xanten.<br \/>\nBiskup Bartolom\u011bj mu doporu\u010dil, aby si na\u0161el v jeho diec\u00e9zi m\u00edsto, kde by se mohl usadit. Kdy\u017e konal jednou s Norbertem okru\u017en\u00ed cestu po sv\u00e9 diec\u00e9zi, zastavili se na opu\u0161t\u011bn\u00e9m m\u00edst\u011b nedaleko Laonu, kter\u00e9 se naz\u00fdvalo Pr\u00e9montr\u00e9. N\u00e1zev \u201epr\u00e9-montr\u00e9\u201c znamen\u00e1 \u201ep\u0159edem uk\u00e1zan\u00e9\u201c. Norbert zde podle legendy str\u00e1vil noc o samot\u011b u mal\u00e9ho kostel\u00edka sv. Jana K\u0159titele. Ve snu vid\u011bl velk\u00e9 mno\u017estv\u00ed b\u00edle od\u011bn\u00fdch mu\u017e\u016f, kte\u0159\u00ed nesli st\u0159\u00edbrn\u00e9 k\u0159\u00ed\u017ee, sv\u00edce a kadidelnice a zp\u00edvali chv\u00e1lu Bohu. Podle tradice se tak\u00e9 Norbertovi zjevila Matka Bo\u017e\u00ed a uk\u00e1zala mu vzor b\u00edl\u00e9ho \u0159\u00e1dov\u00e9ho h\u00e1bitu. Norbert se zde rozhodl z\u016fstat a zalo\u017eit kl\u00e1\u0161ter.<br \/>\nAby mohl pokra\u010dovat ve sv\u00e9m d\u00edle, pot\u0159eboval z\u00edskat dal\u0161\u00ed \u017e\u00e1ky. Proto se zat\u00edm v\u011bnoval sv\u00e9mu kazatelsk\u00e9mu p\u016fsoben\u00ed. Na jedn\u00e9 z cest se sezn\u00e1mil s Evermodem z Cambrai a Anton\u00ednem z Nivelles, kte\u0159\u00ed se stali jeho \u017e\u00e1ky. Po k\u00e1z\u00e1n\u00ed v Laonu se k n\u011bmu p\u0159ipojilo dal\u0161\u00edch sedm mlad\u00fdch mu\u017e\u016f. O Velikonoc\u00edch roku 1120 se prvn\u00edch \u010dtrn\u00e1ct brat\u0159\u00ed usadilo v Pr\u00e9montr\u00e9. Zvolili si \u0159eholi svat\u00e9ho Augustina a pova\u017eovali se za \u0159eholn\u00ed kanovn\u00edky. Na Bo\u017e\u00ed hod v\u00e1no\u010dn\u00ed roku 1121 slo\u017eilo t\u0159icet brat\u0159\u00ed slavnostn\u011b \u0159eholn\u00ed sliby: inspirov\u00e1ni spole\u010denstv\u00edm apo\u0161tol\u016f v Jeruzal\u00e9m\u011b sl\u00edbili, \u017ee budou \u017e\u00edt podle jejich vzoru. \u0158\u00eddili se tak\u00e9 z\u00e1sadami gregori\u00e1nsk\u00e9 reformy. Vybrali si na h\u00e1bity l\u00e1tku z neb\u011blen\u00e9 vlny, m\u00edsto obvykl\u00e9 \u010dern\u00e9 barvy, co\u017e Norbert od\u016fvod\u0148oval t\u00edm, \u017ee maj\u00ed \u017e\u00edt podle p\u0159\u00edkladu and\u011blsk\u00fdch zv\u011bstovatel\u016f Kristova zmrtv\u00fdchvst\u00e1n\u00ed, kte\u0159\u00ed byli oble\u010deni v b\u00edl\u00e9m rouchu. \u00dast\u0159edn\u00edm bodem dne bylo slaven\u00ed m\u0161e svat\u00e9. D\u00e1le zvl\u00e1\u0161\u0165 zbo\u017en\u011b uct\u00edvali Pannu Marii, kterou si zvolili za patronku kostela. Krom\u011b kanovn\u00edk\u016f \u017eil v Pr\u00e9montr\u00e9 velk\u00fd po\u010det laick\u00fdch brat\u0159\u00ed a sester. V\u011bnovali se p\u00e9\u010di o nemocn\u00e9 ve \u0161pit\u00e1lu, kter\u00fd Norbert z\u0159\u00eddil pro poutn\u00edky a chud\u00e9. To v\u0161e m\u011blo p\u0159isp\u00edvat k reform\u011b c\u00edrkve.<br \/>\nPak Norbert p\u0159edal veden\u00ed komunity p\u0159evoru Hugonovi a vydal se znovu na sv\u00e9 kazatelsk\u00e9 putov\u00e1n\u00ed. P\u0159ed V\u00e1nocemi roku 1121 ode\u0161el do Kol\u00edna nad R\u00fdnem, aby tam z\u00edskal ostatky svat\u00fdch pro kostel sv\u00e9ho nov\u00e9ho kl\u00e1\u0161tera. P\u0159i n\u00e1vratu sl\u00edbil hrab\u011bti z Namuru, \u017ee z\u0159\u00edd\u00ed opatstv\u00ed Floreffe. Roku 1123 pob\u00fdval Norbert ve Vestf\u00e1lsku. Hrab\u011b Gotfr\u00edd z Cappenbergu mu v\u011bnoval sv\u016fj hrad pro zalo\u017een\u00ed kl\u00e1\u0161tera. Cappenberg se tak stal prvn\u00edm premonstr\u00e1tsk\u00fdm opatstv\u00edm na n\u011bmeck\u00e9m \u00fazem\u00ed. Na \u017e\u00e1dost Burcharda z Cambrai se Norbert odebral do Antverp k\u00e1zat proti Tanchelmovi a zalo\u017eil tam opatstv\u00ed svat\u00e9ho Michala. Roku 1125 se vydal na pou\u0165 do \u0158\u00edma, kde z\u00edskal od pape\u017ee stvrzovac\u00ed listiny pro osm kl\u00e1\u0161ter\u016f.<br \/>\nRoku 1126 svolal c\u00edsa\u0159 \u0159\u00ed\u0161sk\u00fd sn\u011bm do \u0160p\u00fdru, proto\u017ee cht\u011bl obsadit upr\u00e1zdn\u011bn\u00fd arcibiskupsk\u00fd stolec v Magdeburku. Norbert tam byl pozv\u00e1n tak\u00e9 a byl zvolen arcibiskupem. 18. \u010dervence 1126 vstoupil do sv\u00e9ho m\u011bsta bos a v kaj\u00edcnick\u00e9m rouchu. Jako biskup v\u0161ak musel sv\u016fj zp\u016fsob \u017eivota zm\u011bnit. Ve sv\u00e9m nov\u00e9m postaven\u00ed byl nucen \u0159e\u0161it probl\u00e9my zcizov\u00e1n\u00ed biskupsk\u00e9ho majetku a jeho nez\u00e1konn\u00e9ho prodeje. Pustil se do tohoto \u00fakolu bez prodlen\u00ed a bez v\u00e1h\u00e1n\u00ed, av\u0161ak jeho hlavn\u00edm c\u00edlem bylo reformovat kn\u011b\u017estvo. P\u0159ivedl do Magdeburku bratry z Pr\u00e9montr\u00e9 a sv\u011b\u0159il jim kostel Panny Marie. Tak\u00e9 zalo\u017eil premonstr\u00e1tsk\u00e9 kl\u00e1\u0161tery P\u00f6hlde a Gottesgnaden. Jako past\u00fd\u0159 sv\u011b\u0159en\u00e9ho st\u00e1dce vedl spolubratry v\u00edce k tomu, aby pe\u010dovali o du\u0161e, ne\u017e aby se stranili sv\u011bta, jako tomu bylo v Pr\u00e9montr\u00e9. B\u011bhem osmi let sv\u00e9 arcibiskupsk\u00e9 slu\u017eby v\u0161ak nestihl v\u0161echny sv\u00e9 pl\u00e1ny uskute\u010dnit, po jeho smrti spolubrat\u0159i pokra\u010dovali nap\u0159\u00edklad v \u00fasil\u00ed o pok\u0159es\u0165an\u0161t\u011bn\u00ed Vend\u016f. V posledn\u00edch letech \u017eivota se Norbert musel v\u011bnovat politick\u00fdm posl\u00e1n\u00edm ve slu\u017eb\u00e1ch c\u00edrkve i c\u00edsa\u0159e. Stal se nepostradateln\u00fdm prost\u0159edn\u00edkem p\u0159i usm\u00ed\u0159en\u00ed c\u00edsa\u0159e Lothara III. a pape\u017ee Inocence II. Uk\u00e1zal se jako pevn\u00fd obh\u00e1jce prav\u00e9ho pape\u017ee Inocence II. proti vzdoropape\u017ei Anakl\u00e9tovi. Jako \u0159\u00ed\u0161sk\u00fd kancl\u00e9\u0159 doprov\u00e1zel Lothara na korunovaci do \u0158\u00edma.<br \/>\nPo n\u00e1vratu do N\u011bmecka v Goslaru v\u00e1\u017en\u011b onemocn\u011bl. Byl p\u0159evezen do Magdeburku a \u017eil je\u0161t\u011b t\u0159i m\u011bs\u00edce. Byl je\u0161t\u011b schopen posv\u011btit oleje a k\u0159i\u017emo na Zelen\u00fd \u010dtvrtek, ale na Bo\u017e\u00ed hod velikono\u010dn\u00ed u\u017e mohl slou\u017eit m\u0161i svatou pouze  vsed\u011b. Zakladatel premonstr\u00e1tsk\u00e9ho \u0159\u00e1du, Norbert z Xanten, zem\u0159el 6. \u010dervna 1134. Byl poh\u0159ben v Magdeburku, v kostele kl\u00e1\u0161tera Panny Marie, u olt\u00e1\u0159e Svat\u00e9ho K\u0159\u00ed\u017ee. O n\u011bkolik let pozd\u011bji byly jeho ostatky p\u0159eneseny do ch\u00f3ru. Pape\u017e \u0158eho\u0159 XII. jej svato\u0159e\u010dil 28. \u010dervence 1582.<br \/>\nMagdeburk se dostal do rukou protestant\u016f a roku 1626 byly ostatky svat\u00e9ho Norberta d\u00edky \u00fasil\u00ed opata Questenberga p\u0159evezeny do Prahy a ulo\u017eeny v n\u00e1dhern\u00e9 kapli v kostele strahovsk\u00e9ho opatstv\u00ed.<\/p>\n<p>Svat\u00fd Norbert je zobrazov\u00e1n jako premonstr\u00e1t (ob\u010das s kapuc\u00ed) a arcibiskup, s monstranc\u00ed, kalichem (s pavoukem), evangeli\u00e1\u0159em a olivovou ratolest\u00ed, s Tanchelmem \u010di spoutan\u00fdm \u010f\u00e1blem u nohou.<\/p>\n<\/p><\/div>\n<\/p><\/div>\n<\/p><\/div>\n<\/p><\/div>\n<\/section>\n","protected":false},"excerpt":{"rendered":"<p>Svat\u00fd Norbert z Xanten \u2013 zakladatel premonstr\u00e1tsk\u00e9ho \u0159\u00e1du Norbert z Gennepu se narodil roku 1080. Stal se kapituln\u00edm kanovn\u00edkem v kostele svat\u00e9ho Viktora v Xanten a byl vysv\u011bcen na podj\u00e1hna, ne\u017eil v\u0161ak \u017eivotem klerika. Okolo roku 1108 a\u017e 1109 se stal kaplanem na dvo\u0159e kol\u00ednsk\u00e9ho arcibiskupa Fridricha a ji\u017e roku 1110 na dvo\u0159e c\u00edsa\u0159e Jind\u0159icha &hellip;<\/p>\n","protected":false},"author":1,"featured_media":0,"parent":0,"menu_order":0,"comment_status":"closed","ping_status":"closed","template":"template-builder.php","meta":{"footnotes":""},"class_list":["post-887","page","type-page","status-publish","hentry"],"_links":{"self":[{"href":"https:\/\/www.klasterdoksany.net\/index.php?rest_route=\/wp\/v2\/pages\/887","targetHints":{"allow":["GET"]}}],"collection":[{"href":"https:\/\/www.klasterdoksany.net\/index.php?rest_route=\/wp\/v2\/pages"}],"about":[{"href":"https:\/\/www.klasterdoksany.net\/index.php?rest_route=\/wp\/v2\/types\/page"}],"author":[{"embeddable":true,"href":"https:\/\/www.klasterdoksany.net\/index.php?rest_route=\/wp\/v2\/users\/1"}],"replies":[{"embeddable":true,"href":"https:\/\/www.klasterdoksany.net\/index.php?rest_route=%2Fwp%2Fv2%2Fcomments&post=887"}],"version-history":[{"count":1,"href":"https:\/\/www.klasterdoksany.net\/index.php?rest_route=\/wp\/v2\/pages\/887\/revisions"}],"predecessor-version":[{"id":888,"href":"https:\/\/www.klasterdoksany.net\/index.php?rest_route=\/wp\/v2\/pages\/887\/revisions\/888"}],"wp:attachment":[{"href":"https:\/\/www.klasterdoksany.net\/index.php?rest_route=%2Fwp%2Fv2%2Fmedia&parent=887"}],"curies":[{"name":"wp","href":"https:\/\/api.w.org\/{rel}","templated":true}]}}