{"id":878,"date":"2025-08-29T13:16:29","date_gmt":"2025-08-29T11:16:29","guid":{"rendered":"http:\/\/www.klasterdoksany.net\/?page_id=878"},"modified":"2025-08-29T13:20:55","modified_gmt":"2025-08-29T11:20:55","slug":"marie-rosa","status":"publish","type":"page","link":"https:\/\/www.klasterdoksany.net\/?page_id=878","title":{"rendered":"Marie Rosa"},"content":{"rendered":"<section id=\"builder-section-text_11\" class=\"builder-section-first builder-section builder-section-text builder-section-last builder-text-columns-1\" style=\"background-size: cover; background-repeat: no-repeat;background-position: center center;\">\n<div class=\"builder-section-content\">\n<div class=\"builder-text-row\">\n<div class=\"builder-text-column builder-text-column-1\" id=\"builder-section-text_11-column-1\">\n<div class=\"builder-text-content\">\n<h2>Marie Rosa<\/h2>\n<p>Rosaura Vidal Martinez se narodila 19. srpna 1927, dva dny po narozen\u00ed byla pok\u0159t\u011bna a 2. kv\u011btna 1928 bi\u0159mov\u00e1na. Ve sv\u00e9 rodin\u011b pro\u017e\u00edvala radostn\u00e9 d\u011btstv\u00ed, ml\u00e1d\u00ed i dosp\u00edv\u00e1n\u00ed. Jednoho dne do\u0161la k p\u0159esv\u011bd\u010den\u00ed, \u017ee se m\u00e1 zasv\u011btit P\u00e1nu a \u0159ekla o tom sv\u00fdm rodi\u010d\u016fm.<br \/>\n26.\u0159\u00edjna 1945 ve v\u011bku 18 let vstoupila do premonstr\u00e1tsk\u00e9ho kl\u00e1\u0161tera Svat\u00e9 Sofie v Toro, b\u00edl\u00fd h\u00e1bit p\u0159ijala 28. dubna 1946 a dostala jm\u00e9no Marie Rosa Kristova. Po t\u0159ech letech slo\u017eila slavn\u00e9 sliby.<\/p>\n<p>Bylo j\u00ed jasn\u00e9, \u017ee \u0159eholn\u00ed \u017eivot je zde k tomu, aby n\u00e1sledovala Je\u017e\u00ed\u0161e Krista v jeho poslu\u0161nosti Otci, v l\u00e1sce, jak On miloval a ve smrti, jak On zem\u0159el. Sestra Marie Rosa shrnula ve sv\u00fdch z\u00e1pisc\u00edch jist\u00e9 prost\u0159edky duchovn\u00edho um\u011bn\u00ed v n\u00e1sleduj\u00edc\u00edm sch\u00e9matu:<\/p>\n<li>Cesta evangeln\u00edch blahoslavenstv\u00ed: \u201eSliby jsou obsahem evangeln\u00edch rad. Je p\u0159ik\u00e1z\u00e1no je plnit, a to ne s prost\u0159ednost\u00ed, n\u00fdbr\u017e daleko v\u00edce s v\u011brnost\u00ed.\u201c<\/li>\n<li>Charisma \u0159\u00e1du vyj\u00e1d\u0159en\u00e9ho v \u0158eholi sv. Augustina ve Stanov\u00e1ch: \u201e Na\u0161e norm\u00e1ln\u00ed cesta je l\u00e1ska, chudoba a k\u0159\u00ed\u017e.\u201c<\/li>\n<li>Poslu\u0161nost p\u0159evorce jako representantce Bo\u017e\u00ed autority: \u201eBez poslu\u0161nosti se nestanu pokornou, skromnou nebo svatou.\u201c<\/li>\n<li>Sestersk\u00e1 l\u00e1ska: \u201eNejsv\u011bt\u011bj\u0161\u00ed Trojice \u017eije ve spole\u010denstv\u00ed. Duch rodiny, radosti a nen\u00e1ro\u010dnosti je zvl\u00e1\u0161tnost\u00ed sestersk\u00e9 l\u00e1sky ve spole\u010denstv\u00ed.\u201c<\/li>\n<li>Duch modlitby a odevzdanosti: \u201eDouf\u00e1m, \u017ee jsem kn\u011b\u017eskou du\u0161\u00ed, kter\u00e1 p\u0159in\u00e1\u0161\u00ed Bohu ob\u011b\u0165 a modlitby za v\u0161echny du\u0161e. Modlit se, aby sv\u011bt byl zachr\u00e1n\u011bn.\u201c<\/li>\n<li>Svat\u00e1 \u201elhostejnost\u201c: \u201ePokud mi Je\u017e\u00ed\u0161 d\u00e1 zdrav\u00ed, chci zdrav\u00ed; pokud nemoc, tak nemoc; kdy\u017e \u00fat\u011bchy, pak jimi nesm\u00edm pohrdat. Bude-li m\u011b zkou\u0161et vyprahlost\u00ed a trpkost\u00ed, pak k\u00e9\u017e v\u00edm, jak m\u00e1m p\u0159izp\u016fsobit svou v\u016fli t\u00e9 Jeho. V tom je svatost.\u201c<br \/>\nMlad\u00e1 profeska si pak sama musela ulo\u017eit povinnost tento program n\u00e1sledov\u00e1n\u00ed Krista dob\u0159e plnit t\u00edm, \u017ee postavila svou inteligenci i \u0161ikovn\u00e9 ruce do slu\u017eby spole\u010denstv\u00ed.<\/li>\n<p>Sestru Marii Rosu nikdy nenapadlo, \u017ee by n\u011bkdy musela p\u0159ekro\u010dit pr\u00e1h sv\u00e9ho milovan\u00e9ho kl\u00e1\u0161tera a str\u00e1vit n\u011bkolik let mimo n\u011bj . To se ale stalo v roce 1966. Na prosbu gener\u00e1ln\u00edho opata premonstr\u00e1tsk\u00e9ho \u0159\u00e1du Norberta Calmelse vyslalo jej\u00ed po\u010detn\u00e9 a mlad\u00e9 spole\u010denstv\u00ed od Svat\u00e9 Sofie sesterskou pomoc premonstr\u00e1tk\u00e1m do Bonlieu ve Francii .<br \/>\nP\u0159evorka Ines Carrera rozhodla poslat do Bonlieu Sr. Marii Rosu a dv\u011b mlad\u0161\u00ed sestry, Sr.Visiattion Abellu a s.Margaritu Carrizo. V\u0161echny t\u0159i se nasadily srdcem i du\u0161\u00ed v jim sv\u011b\u0159en\u00e9m \u00fakolu \u00fa\u010dinn\u011b pomoci sestr\u00e1m v Bonlieu, p\u0159ekon\u00e1vali obt\u00ed\u017ee s \u0159e\u010d\u00ed a nov\u00fdmi zvyklostmi a zaslou\u017eily si tak adekv\u00e1tn\u00edm zp\u016fsobem n\u00e1klonnost sester. Jedna z tam\u011bj\u0161\u00edch sester \u0159ekla: \u201eM\u011bla jsem je velice r\u00e1da, byly velice kvalitn\u00ed a m\u011bli velikou l\u00e1sku ke Kristu-Kr\u00e1li.\u201c<br \/>\nDoprov\u00e1zej\u00edc\u00ed sestry se po boku s. Rosy c\u00edtily jist\u011b a vn\u00edmaly v n\u00ed matku. Ve Francii str\u00e1vily dobu od 15. \u0159\u00edjna 1966 do 18. ledna 1971.<br \/>\nDo Bonlieu se je\u0161t\u011b jednou vr\u00e1tily doprov\u00e1zeny svou p\u0159evorkou kv\u016fli \u0159\u00e1dov\u00e9mu setk\u00e1n\u00ed, na kter\u00e9m se jednalo o nov\u00fdch Statutech a o posl\u00e1n\u00ed \u0159\u00e1du v pokonciln\u00ed c\u00edrkvi a v re\u00e1ln\u00e9m sv\u011bt\u011b. Setk\u00e1n\u00ed se konalo od 15. \u2013 27. \u00fanora 1985.<\/p>\n<p>12. \u00fanora 1971 byla sestra Marie Rosa zvolena p\u0159evorkou kl\u00e1\u0161tera Svat\u00e9 Sofie v Toro. Byla sestr\u00e1m k dispozici slovem i \u010dinem jako matka, sestra i slou\u017e\u00edc\u00ed. Cht\u011bla sv\u00e9 spole\u010denstv\u00ed u\u010dinit v\u011brn\u00fdm obrazem prvn\u00edho k\u0159es\u0165ansk\u00e9ho spole\u010denstv\u00ed, b\u00fdt jedno srdce a jedna du\u0161e na cest\u011b k Bohu. V \u017eivot\u011b spole\u010denstv\u00ed vy\u017eadovala duchovn\u00ed r\u016fst. Kdy\u017e j\u00ed skon\u010dil \u010das slu\u017eby p\u0159evorky, v\u011bnovala se jako ka\u017ed\u00e1 jin\u00e1 sestra v tichosti a poslu\u0161nosti pln\u011bn\u00ed v\u016fle Bo\u017e\u00ed.<\/p>\n<p>Do 50. roku \u017eivota se t\u011b\u0161ila dobr\u00e9mu zdrav\u00ed. V srpnu 1982 onemocn\u011bla s diagn\u00f3zou Sj\u00f6gren-syndromu, cirh\u00f3zou jater a dal\u0161\u00edmi z\u00e1n\u011bty vnit\u0159n\u00edch org\u00e1n\u016f. Podle m\u00edn\u011bn\u00ed l\u00e9ka\u0159e Dr.Juana Rodriquez Adrados byly dny \u017eivota sestry Rosy se\u010dteny. Dopad takov\u00e9 z\u0159\u00eddka se objevuj\u00edc\u00ed nemoci se mohl o\u010dek\u00e1vat. Jej\u00ed d\u016fstojn\u00e9 a statn\u00e9 t\u011blo za\u010dalo celkov\u011b ch\u00e1trat.<br \/>\nCel\u00fd dlouh\u00fd a bolestn\u00fd pr\u016fb\u011bh nemoci s. Rosa sn\u00e1\u0161ela ve v\u00ed\u0159e, radosti, trp\u011blivosti, v pokoji du\u0161e a s absolutn\u00ed otev\u0159enost\u00ed pro Bo\u017e\u00ed pl\u00e1n.<br \/>\nV jej\u00edch duchovn\u00edch pozn\u00e1mk\u00e1ch m\u016f\u017eeme \u010d\u00edst: \u201e Mus\u00edm b\u00fdt hodn\u011b pod k\u0159\u00ed\u017eem, abych Je\u017e\u00ed\u0161e obdivovala, od N\u011bj se mohla u\u010dit a jako On zem\u0159\u00edt.\u201c \u201eOb\u011btuji se za du\u0161e, za c\u00edrkev, za komunitu, za \u0159\u00e1d, za moje p\u0159\u00e1tele, za m\u00e9 posv\u011bcen\u00ed.\u201c<\/p>\n<p>Sestry v komunit\u011b vn\u00edmaj\u00ed s. Rosu jako vd\u011b\u010dnou, pokornou, trp\u011blivou, p\u0159\u00edkladnou, vytrvalou, veselou, jako motivaci pro v\u0161echny. L\u00e9ka\u0159i, kte\u0159\u00ed ji l\u00e9\u010dili, byli velmi udiveni lidsk\u00fdm chr\u00e1mem, kter\u00fd se d\u00edv\u00e1 vst\u0159\u00edc smrti s radost\u00ed a d\u016fv\u011brou. Dr. Adrados vyzn\u00e1v\u00e1: \u201eNesla svou nemoc velice dob\u0159e a jej\u00ed jedn\u00e1n\u00ed v\u016f\u010di n\u00e1m bylo p\u0159\u00edkladn\u00e9.\u201c<\/p>\n<p>Sr. Maria Hernandez, Dcera bl\u00ed\u017eensk\u00e9 l\u00e1sky, sledovala cel\u00fd pr\u016fb\u011bh jej\u00ed nemoci a p\u00ed\u0161e: \u201e \u2026zdravotn\u00ed sestry si myslely, \u017ee jsou dny \u017eivota Sr. Marie Rosy se\u010dteny, ale P\u00e1n jim ji nechal je\u0161t\u011b cel\u00fdch deset let, aby si mohly u\u017e\u00edt okouzluj\u00edc\u00edho kontaktu s n\u00ed. J\u00ed bylo v\u0161echno dobr\u00e9. M\u011bla neobvyklou schopnost trp\u011bt. \u017dila s pokorou, kter\u00e1 ji vyznamen\u00e1vala. Jej\u00ed \u010das v nemocnici zanechal vzpom\u00ednky a cestu k n\u00e1sledov\u00e1n\u00ed.\u201c (Dopis ze 6.9.1988)<\/p>\n<p>V d\u016fv\u011b\u0159e v P\u00e1na ve\u0161la Sr. Marie Rosa 20. srpna 1988 do v\u011b\u010dn\u00e9ho \u017eivota po 61 letech \u017eivota a 43 letech \u0159eholn\u00edho \u017eivota. Od nemocni\u010dn\u00edho duchovn\u00edho P. Alberta Segovia p\u0159ijala s velkou radost\u00ed svat\u00e9 sv\u00e1tosti, a dle jeho sv\u011bdectv\u00ed \u201eto byla svat\u00e1 \u0159eholnice, kter\u00e1 jak \u017eila, tak i zem\u0159ela\u201c.<\/p>\n<p>Sr. Marie Rosa napsala: \u201eM\u016fj \u017eivot je B\u016fh, a j\u00e1 jsem Mu ho velkoryse dala. Chci milovat bez m\u00edry jako On.\u201c<\/p>\n<li>Milovala c\u00edrkev: &#8211; \u201eV\u011b\u0159\u00edm ve svatost c\u00edrkve \u2026 chci \u017e\u00edt a zem\u0159\u00edt jako dcera svat\u00e9 katolick\u00e9 c\u00edrkve. Ob\u011btuji se a vyd\u00e1v\u00e1m za svatost c\u00edrkve.\u201c<\/li>\n<li>Milovala Eucharistii: &#8211; \u201eNejsv\u011bt\u011bj\u0161\u00ed ob\u011b\u0165 m\u0161e svat\u00e9 by m\u011bla b\u00fdt st\u0159edem na\u0161eho dne.\u201c Olt\u00e1\u0159n\u00ed ob\u011b\u0165 a p\u0159ijet\u00ed Eucharistie byly zdroje, ze kter\u00fdch \u017eivila sv\u016fj duchovn\u00ed \u017eivot. Charakteristick\u00e1 je pro ni adorace Nejsv\u011bt\u011b\u0161j\u00ed sv\u00e1tosti. P\u00ed\u0161e: \u201e Cht\u011bla bych b\u00fdt jako slune\u010dnice, kter\u00e1 se st\u00e1le d\u00edv\u00e1 na Eucharistii, kter\u00e1 je st\u0159edem m\u00e9ho \u017eivota.\u201c \u201eP\u0159ij\u00edm\u00e1n\u00ed n\u00e1m d\u00e1v\u00e1 s\u00edlu obst\u00e1t ve v\u0161ech \u017eivotn\u00edch t\u011b\u017ekostech, ve zdrav\u00ed i v nemoci. Vnit\u0159n\u00ed \u017eivot roste d\u00edky eucharistick\u00e9mu chlebu.\u201c<\/li>\n<li>Milovala Bo\u017e\u00ed chv\u00e1lu: &#8211; Na\u0161la v denn\u00ed modlitb\u011b c\u00edrkve \u2013 oficiu &#8211; cestu k oslav\u011b Nejsv\u011bt\u011bj\u0161\u00ed Trojice, k \u00fa\u010dasti na Bo\u017e\u00ed chv\u00e1le c\u00edrkv\u00ed, ke vzd\u00e1n\u00ed hodlu sv\u00e9mu \u017denichovi, k p\u0159in\u00e1\u0161en\u00ed nebesk\u00e9mu Otci v\u0161echnu lidskou bolest, radost i nouzi.<\/li>\n<li>Milovala Matku Bo\u017e\u00ed: &#8211; Ka\u017ed\u00e1 ob\u011b\u0165 se j\u00ed zd\u00e1la mal\u00e1, aby prok\u00e1zala l\u00e1sku a d\u00edk \u201edobr\u00e9 Matce\u201c, jak ji jmenovala.<br \/>\n\u201eS pomoc\u00ed Panny Marie nebudu m\u00edt \u017e\u00e1dn\u00fd strach, i kdyby se proti mn\u011b vzbou\u0159ilo cel\u00e9 peklo\u201c. Nejsv\u011bt\u011bj\u0161\u00ed Matce Bo\u017e\u00ed sv\u011b\u0159ovala v\u0161echno, zvl\u00e1\u0161t\u011b sp\u00e1su du\u0161\u00ed. A proud n\u011b\u017enosti a d\u016fv\u011bry, kterou v\u016f\u010di Pann\u011b Marii m\u011bla, potvrdila na konci sv\u00e9ho \u017eivota slovy: \u201eMaria m\u011b miluje&#8220;.<\/li>\n<li>Milovala sp\u00e1su du\u0161\u00ed: &#8211; Modlit se, trp\u011bt, sama sebe ob\u011btovat pro sp\u00e1su du\u0161\u00ed bylo jej\u00ed nejhlub\u0161\u00ed p\u0159\u00e1n\u00ed; p\u0159in\u00e1\u0161ela du\u0161e k Je\u017e\u00ed\u0161i. Tato \u201e\u017e\u00edze\u0148 po z\u00e1chran\u011b du\u0161\u00ed\u201c se t\u00e1hla v\u0161emi jej\u00edmi pozn\u00e1mkami i rozhovory. Dala du\u0161\u00edm pod\u00edl z bolest\u00ed sv\u00e9 nemoci.<\/li>\n<li>Milovala bli\u017en\u00ed: &#8211; M\u016f\u017eeme vn\u00edmat, \u017ee napln\u011bn\u00ed p\u0159\u00edkazu l\u00e1sky k bli\u017en\u00edm projevovala na t\u0159ech rovin\u00e1ch:<br \/>\n&#8211; \u010cleny sv\u00e9 rodiny \u2013 milovala hluboce<br \/>\n&#8211; Sestry sv\u00e9 komunity \u2013 pln\u00e1 lidskost, obez\u0159etnost, moudrost, radost, humor &#8211; &#8222;Radost je ovoce bl\u00ed\u017eensk\u00e9 l\u00e1sky&#8220;, &#8222;Dobrota otv\u00edr\u00e1 v\u0161echny dve\u0159e a srdce.&#8220;<br \/>\n&#8211; Dal\u0161\u00ed bli\u017en\u00ed &#8211; jej\u00ed \u017eivota byl proniknut \u00famyslem: &#8222;b\u00fdt svobodn\u00e1 k l\u00e1sce a k projev\u016fm p\u0159\u00edv\u011btivosti&#8220;.<\/li>\n<p>\u0160pan\u011blsko obdr\u017eelo od Spojen\u00fdch st\u00e1t\u016f americk\u00fdch potraviny, kter\u00e9 m\u011bly pomoci mnoha chud\u00fdm rodin\u00e1m v dob\u011b velk\u00e9 nouze. Komunita Svat\u00e9 Sofie p\u0159ijala tuto slu\u017ebu a rozd\u011blovala v Toro mezi nejv\u00edce pot\u0159ebn\u00e9 rodiny su\u0161en\u00e9 ml\u00e9ko, m\u00e1slo, s\u00fdry, oble\u010den\u00ed atd. Ka\u017ed\u00fd den p\u0159ich\u00e1zela ke kl\u00e1\u0161tern\u00ed vr\u00e1tnici \u0159ada chud\u00fdch lid\u00ed, aby dostali pot\u0159ebn\u00e9 v\u011bci, a to trvalo n\u011bkolik let. Spole\u010denstv\u00ed sester se stalo znamen\u00edm lidskosti a l\u00e1sky k pot\u0159ebn\u00fdm lidem, sou\u010dasn\u011b znamen\u00edm pokoje a evangeln\u00ed l\u00e1sky k bli\u017en\u00edm. Sestra Marie Rosa byla v t\u00e9to dob\u011b &#8222;str\u00e1\u017ekyn\u011b&#8220; kl\u00e1\u0161tern\u00ed br\u00e1ny a jej\u00ed ob\u011btavost projevovan\u00e1 slovy i \u010diny byla balz\u00e1mem pro mnoho srdc\u00ed, kter\u00e1 byla hluboce posti\u017eena a poni\u010dena b\u00eddou.<\/p>\n<\/p><\/div>\n<\/p><\/div>\n<\/p><\/div>\n<\/p><\/div>\n<\/section>\n","protected":false},"excerpt":{"rendered":"<p>Marie Rosa Rosaura Vidal Martinez se narodila 19. srpna 1927, dva dny po narozen\u00ed byla pok\u0159t\u011bna a 2. kv\u011btna 1928 bi\u0159mov\u00e1na. Ve sv\u00e9 rodin\u011b pro\u017e\u00edvala radostn\u00e9 d\u011btstv\u00ed, ml\u00e1d\u00ed i dosp\u00edv\u00e1n\u00ed. Jednoho dne do\u0161la k p\u0159esv\u011bd\u010den\u00ed, \u017ee se m\u00e1 zasv\u011btit P\u00e1nu a \u0159ekla o tom sv\u00fdm rodi\u010d\u016fm. 26.\u0159\u00edjna 1945 ve v\u011bku 18 let vstoupila do premonstr\u00e1tsk\u00e9ho &hellip;<\/p>\n","protected":false},"author":1,"featured_media":0,"parent":0,"menu_order":0,"comment_status":"closed","ping_status":"closed","template":"template-builder.php","meta":{"footnotes":""},"class_list":["post-878","page","type-page","status-publish","hentry"],"_links":{"self":[{"href":"https:\/\/www.klasterdoksany.net\/index.php?rest_route=\/wp\/v2\/pages\/878","targetHints":{"allow":["GET"]}}],"collection":[{"href":"https:\/\/www.klasterdoksany.net\/index.php?rest_route=\/wp\/v2\/pages"}],"about":[{"href":"https:\/\/www.klasterdoksany.net\/index.php?rest_route=\/wp\/v2\/types\/page"}],"author":[{"embeddable":true,"href":"https:\/\/www.klasterdoksany.net\/index.php?rest_route=\/wp\/v2\/users\/1"}],"replies":[{"embeddable":true,"href":"https:\/\/www.klasterdoksany.net\/index.php?rest_route=%2Fwp%2Fv2%2Fcomments&post=878"}],"version-history":[{"count":4,"href":"https:\/\/www.klasterdoksany.net\/index.php?rest_route=\/wp\/v2\/pages\/878\/revisions"}],"predecessor-version":[{"id":882,"href":"https:\/\/www.klasterdoksany.net\/index.php?rest_route=\/wp\/v2\/pages\/878\/revisions\/882"}],"wp:attachment":[{"href":"https:\/\/www.klasterdoksany.net\/index.php?rest_route=%2Fwp%2Fv2%2Fmedia&parent=878"}],"curies":[{"name":"wp","href":"https:\/\/api.w.org\/{rel}","templated":true}]}}