{"id":872,"date":"2025-08-29T13:09:48","date_gmt":"2025-08-29T11:09:48","guid":{"rendered":"http:\/\/www.klasterdoksany.net\/?page_id=872"},"modified":"2025-08-29T13:09:48","modified_gmt":"2025-08-29T11:09:48","slug":"kristina-od-krista","status":"publish","type":"page","link":"https:\/\/www.klasterdoksany.net\/?page_id=872","title":{"rendered":"Kristina od Krista"},"content":{"rendered":"<section id=\"builder-section-text_11\" class=\"builder-section-first builder-section builder-section-text builder-section-last builder-text-columns-1\" style=\"background-size: cover; background-repeat: no-repeat;background-position: center center;\">\n<div class=\"builder-section-content\">\n<div class=\"builder-text-row\">\n<div class=\"builder-text-column builder-text-column-1\" id=\"builder-section-text_11-column-1\">\n<div class=\"builder-text-content\">\n<h2>Kristina od Krista<\/h2>\n<p>Roku 1269 se v diec\u00e9zi Mohu\u010d narodila d\u00edvenka, kter\u00e1 m\u011bla oz\u00e1\u0159it konec 13. stolet\u00ed svatost\u00ed sv\u00e9ho \u017eivota a nebesk\u00fdmi milostmi, jimi\u017e byla zahrnuta. Jej\u00ed \u017eivot je velmi poutav\u00fd, i kdy\u017e jej vid\u00edme jen zd\u00e1lky a v polo\u0161eru zp\u016fsoben\u00e9m nedostatkem informac\u00ed. Kristina hovo\u0159ila st\u0159edon\u011bmeck\u00fdm n\u00e1\u0159e\u010d\u00edm, jej\u00ed zpov\u011bdn\u00edk pak napsal latinsky jej\u00ed \u017eivotopis a zpr\u00e1vu o jej\u00edch zjeven\u00edch, tento text se v\u0161ak nedochoval. Z\u016fstal n\u00e1m jen vl\u00e1msk\u00fd p\u0159eklad otce van Craywinckela z roku 1665.<\/p>\n<p>Nezn\u00e1me jm\u00e9no, kter\u00e9 dostala p\u0159i k\u0159tu. Jm\u00e9no Kristina j\u00ed dal n\u00e1\u0161 Spasitel za nezn\u00e1m\u00fdch okolnost\u00ed a zcela nahradilo jej\u00ed p\u016fvodn\u00ed. Ve v\u011bku \u0161esti let nach\u00e1z\u00edme malou chovanku v kl\u00e1\u0161te\u0159e premonstr\u00e1tek v Retters. Tento kl\u00e1\u0161ter byl zalo\u017een roku 1140 bl\u00edzko K\u00f6nigsteinu hrab\u011btem Gerhardem z N\u00fcrings. Byl to z\u00e1visl\u00fd d\u016fm opatstv\u00ed Rommersdorf, nen\u00ed v\u0161ak zn\u00e1mo, \u017ee by to kdy byl dvojit\u00fd kl\u00e1\u0161ter. U\u017e od zalo\u017een\u00ed kl\u00e1\u0161tera tady \u0159eholnice nebyly jen laick\u00fdmi sestrami jako na po\u010d\u00e1tku \u0159\u00e1du, ale kanovnicemi, sorores cantantes &#8211; \u201ech\u00f3rov\u00fdmi sestrami\u201c, kter\u00e9 slavily modlitbu oficia ve vlastn\u00ed orato\u0159i, proto\u017ee se nemohly modlit v kl\u00e1\u0161tern\u00edm kostele &#8211; ten se toti\u017e nach\u00e1zel mimo klauzuru. Stejn\u011b to d\u011blaly benediktinky a cistercia\u010dky, a pozd\u011bji i dominik\u00e1nky a klarisky.<\/p>\n<p>Jako u kanovn\u00edk\u016f i u nich se liturgick\u00e1 modlitba jako nit propl\u00e9tala cel\u00fdm \u0159eholn\u00edm \u017eivotem, ve dne i v noci. P\u0159i n\u00ed absolvovaly \u0161kolu c\u00edrkve, vychov\u00e1vaj\u00edc\u00ed sv\u00e9 svat\u00e9 dcery, kter\u00e9 sice nemohou dos\u00e1hnout kn\u011b\u017esk\u00e9ho stavu, ale bl\u00ed\u017e\u00ed se mu co nejv\u00edce t\u00edm, \u017ee zp\u00edvaj\u00ed stejn\u00e9 kanonick\u00e9 hodinky a \u017eij\u00ed stejn\u00fdm zp\u016fsobem \u017eivota jako kanovn\u00edci.<\/p>\n<p>Pro\u010d byla Kristina v kl\u00e1\u0161te\u0159e? Cht\u011bli ji tam snad jej\u00ed rodi\u010de odlo\u017eit? Cht\u011bla se sama, je\u0161t\u011b p\u0159ed pln\u00fdm probuzen\u00edm rozumu, zasv\u011btit Bohu? To nev\u00edme. Ale ve v\u011bku \u0161esti let po\u017e\u00e1dala o h\u00e1bit v premonstr\u00e1tsk\u00e9m \u0159\u00e1du a jej\u00ed \u017e\u00e1dost byla m\u00edn\u011bna v\u00e1\u017en\u011b. Je\u017e\u00ed\u0161 s\u00e1m j\u00ed doporu\u010dil, aby odm\u00edtla hry odpov\u00eddaj\u00edc\u00ed jej\u00edmu v\u011bku a v\u011bnovala se kontemplaci. Zjevil se j\u00ed jednoho dne jako mal\u00e9 d\u00edt\u011b obklopen\u00e9 oslniv\u00fdm sv\u011btlem, zat\u00edmco zp\u00edvala modlitbu hodin. Na paprsku sestoupil a\u017e k n\u00ed. Kristina jej cht\u011bla n\u011b\u017en\u011b obejmout, ale vid\u011bn\u00ed n\u00e1hle zmizelo. Kristus ve sv\u00e9m svatost\u00e1nku ve slunci. In sole posuit tabernaculum suum &#8211; \u201eNa slunci si postavil sv\u016fj stan.\u201c (\u017d 19,6) Bylo t\u0159eba du\u0161e \u010dist\u00e9 jako slunce, aby si zaslou\u017eila takov\u00e9 bo\u017esk\u00e9 n\u011b\u017enosti. A Kristinina du\u0161e tak \u010dist\u00e1 nebyla. Jej\u00ed viny v\u0161ak byly jenom d\u011btsk\u00e9 h\u0159\u00ed\u0161ky, nemohly b\u00fdt p\u0159ek\u00e1\u017ekou Bo\u017e\u00edho p\u016fsoben\u00ed v du\u0161i. A ona nav\u00edc sv\u00e9 nepravosti ho\u0159ce oplak\u00e1vala. Dozv\u011bd\u011bla se, \u017ee opat z Rommersdorfu p\u0159ijede do jejich kl\u00e1\u0161tera na kanonickou vizitaci. On je nejvy\u0161\u0161\u00ed p\u0159edstaven\u00fd. Kristina se p\u0159ipravuje na gener\u00e1ln\u00ed zpov\u011b\u010f. Jej\u00ed srdce je zlomen\u00e9, sotva v\u0161ak dostane rozh\u0159e\u0161en\u00ed, znovu se j\u00ed zjev\u00ed d\u00edt\u011b Je\u017e\u00ed\u0161. Tentokr\u00e1t sestoup\u00ed p\u0159\u00edmo do jej\u00edho srdce.<\/p>\n<p>Po dvou letech novici\u00e1tu slo\u017eila roku 1281 slavn\u00e9 sliby. A o V\u00e1noc\u00edch znovu spat\u0159ila svou nejmilej\u0161\u00ed nebeskou vidinu. P\u0159ed matutinem se skr\u00fdvala v ch\u00f3ru a od\u0159\u00edk\u00e1vala dvan\u00e1ct \u201er\u016f\u017eenc\u016f\u201c. Nejednalo se o dne\u0161n\u00ed r\u016f\u017eenec, kter\u00fd tehdy je\u0161t\u011b neexistoval, ale o modlitbu vz\u00fdvaj\u00edc\u00ed p\u011bt nebo sedm radost\u00ed Panny Marie, po jej\u00ed\u017e ka\u017ed\u00e9 sloce n\u00e1sledovalo Pater Noster nebo Ave. A jako svat\u00fd He\u0159man podle \u0159\u00e1dov\u00e9ho zvyku u ka\u017ed\u00e9ho Ave poklekla. Po \u0161edes\u00e1ti nebo osmdes\u00e1ti pokleknut\u00edch se unavila a upadla do sp\u00e1nku. Je\u017e\u00ed\u0161 se j\u00ed zjevil a hr\u00e1l si s r\u016f\u017eemi: \u201eM\u00e1 milovan\u00e1,\u201c \u0159ekl j\u00ed, \u201eokr\u00e1\u0161li svoji du\u0161i podobn\u00fdmi r\u016f\u017eemi, to jest pevn\u011b zako\u0159en\u011bn\u00fdmi ctnostmi. M\u016fj svatost\u00e1nek mus\u00ed b\u00fdt nejen \u010dist\u00fd jako slunce, ale tak\u00e9 ozdoben\u00fd kv\u011bty.\u201c<\/p>\n<p>P\u0159i prvn\u00edm zvon\u011bn\u00ed na matutinum se vzbudila a za\u010dala se modlit \u017ealmy. Po p\u00e1t\u00e9 odpov\u011bdi O magnum mysterium spat\u0159ila nad olt\u00e1\u0159em bo\u017esk\u00e9 D\u00edt\u011b le\u017e\u00edc\u00ed v jesl\u00edch a obklopen\u00e9 dvan\u00e1cti r\u016f\u017eemi \u2013 dvan\u00e1cti r\u016f\u017eenci, kter\u00e9 se pomodlila. Zam\u00ed\u0159ilo ke Kristin\u011b, ale \u010d\u00edm bl\u00ed\u017ee k n\u00ed bylo, t\u00edm v\u00edce st\u00e1rlo, a\u017e m\u011blo postavu mlad\u00e9ho mu\u017ee, kter\u00fd za\u010dal zp\u00edvat Hodinku po boku mlad\u00e9 \u0159eholnice. Pochopila, \u017ee by nem\u011bla rozj\u00edmat jenom o tajemstv\u00edch Je\u017e\u00ed\u0161ova d\u011btstv\u00ed, ale tak\u00e9 o jeho bolestn\u00e9 smrti.<\/p>\n<p>Zde vid\u00edme v\u00fdznamnou zm\u011bnu st\u0159edov\u011bk\u00e9 zbo\u017enosti. O t\u0159icet let d\u0159\u00edve, kdy\u017e He\u0159man Josef vz\u00fdval Kristova tajemstv\u00ed, nezapom\u00ednal ani na jeho \u017eivot ve\u0159ejn\u00fd. Zmi\u0148oval se o k\u0159tu, svatb\u011b v K\u00e1n\u011b \u010di ustanoven\u00ed Eucharistie. V Kristinin\u011b dob\u011b se u\u017e v\u0161ak v\u011bnovalo m\u00e9n\u011b pozornosti v\u011brouce a v\u00edce n\u00e1bo\u017eensk\u00fdm cit\u016fm. Kdy\u017e o n\u011bco pozd\u011bji vznikla modlitba r\u016f\u017eence, i ona ve sv\u00fdch tajemstv\u00edch p\u0159ech\u00e1zela rovnou od Kristova d\u011btstv\u00ed k jeho umu\u010den\u00ed.<\/p>\n<p>Mlad\u00e1 kanovnice je\u0161t\u011b nepochopila celou nauku askeze. Byla napln\u011bna l\u00e1skou, m\u011bla v\u0161ak osobitou povahu a r\u00e1da prosazovala vlastn\u00ed v\u016fli. V dormit\u00e1\u0159i byl velk\u00fd k\u0159\u00ed\u017e. Kdy\u017e \u0161la kolem n\u011bj, v\u017edy poklekla a pomodlila se s rozpjat\u00fdma rukama. Byl to zvyk s\u00e1m o sob\u011b chv\u00e1lyhodn\u00fd, ale kv\u016fli tomu p\u0159ich\u00e1zela pozd\u011b na v\u0161echna zam\u011bstn\u00e1n\u00ed a modlitby, nakonec za to byla na kapitule pok\u00e1r\u00e1na a bylo j\u00ed ulo\u017eeno p\u0159\u00edsn\u00e9 pok\u00e1n\u00ed. Pak se vracela kolem k\u0159\u00ed\u017ee cel\u00e1 \u0161\u0165astn\u00e1 a hrd\u00e1, \u017ee mohla b\u00fdt jako apo\u0161tolov\u00e9 bi\u010dov\u00e1na pro Je\u017e\u00ed\u0161ovo jm\u00e9no. Bo\u017esk\u00fd Mistr v\u0161ak pro to nem\u011bl pochopen\u00ed: \u201eM\u00e1 dcero,\u201c \u0159ekl j\u00ed, \u201eraduj se v Bohu, ale sna\u017e se poslouchat svou p\u0159edstavenou. Poslu\u0161nost je mi milej\u0161\u00ed a dra\u017e\u0161\u00ed ne\u017e ob\u011b\u0165.\u201c<\/p>\n<p>U\u010dila se od Je\u017e\u00ed\u0161e, ale tak\u00e9 \u010detla v l\u00edbezn\u00e9 knize p\u0159\u00edrody, kterou tak d\u016fkladn\u011b studovali kontemplativn\u00ed lid\u00e9 st\u0159edov\u011bku. \u201eCel\u00fd tento \u017eivouc\u00ed sv\u011bt,\u201c \u0159\u00edk\u00e1 Hugo od svat\u00e9ho Viktora, \u201eje knihou napsanou rukou Bo\u017e\u00ed.\u201c Kristina se nesna\u017eila ve v\u0161em hledat symbolick\u00fd v\u00fdznam, prost\u011b se t\u011b\u0161ila z kr\u00e1sy sv\u011bta. I tak ov\u0161em v\u0161ude nach\u00e1zela obraz Boha. Studna v kl\u00e1\u0161te\u0159e, z n\u00ed\u017e vyt\u00e9k\u00e1 voda? \u201eTak p\u0159et\u00e9k\u00e1 i Bo\u017e\u00ed milost a milosrdenstv\u00ed.\u201c Kv\u011bty od\u011bn\u00e9 do podivuhodn\u00fdch barev? \u201eB\u016fh mi dal milost, \u017ee takto okr\u00e1\u0161lil i mou du\u0161i.\u201c Stromy v zahrad\u011b jsou tak vysok\u00e9, \u017ee d\u00edt\u011b mus\u00ed zaklonit hlavu: \u201eTyto stromy, rostouc\u00ed do nebe, n\u00e1s vyb\u00edzej\u00ed, abychom se sna\u017eili stoupat ke sv\u00e9mu Stvo\u0159iteli.\u201c Duch Franti\u0161ka z Assisi dorazil i do kl\u00e1\u0161ter\u016f na severu Evropy.<\/p>\n<p>Kristininy d\u011btsk\u00e9 radosti v\u0161ak m\u011bly brzy skon\u010dit. Roku 1282 v\u00e1lka a chudoba p\u0159inutily \u0159eholnice, aby se vr\u00e1tily zp\u011bt ke sv\u00fdm rodin\u00e1m. Nez\u016fstaly tam dlouho, kdy\u017e se v\u0161ak Kristina vr\u00e1tila, nebyla u\u017e d\u00edt\u011b. Byla mladou d\u00edvkou, trochu p\u0159ecitliv\u011bl\u00e9 povahy; sice milovala Boha a tou\u017eila se kv\u016fli n\u011bmu ob\u011btovat, jej\u00ed bystr\u00fd a pronikav\u00fd rozum ji v\u0161ak vedl k touze prosazovat sv\u00e9 n\u00e1zory a tak\u00e9 se u n\u00ed projevily sklony ke sv\u011btsk\u00e9mu chov\u00e1n\u00ed. V \u0161esti letech u\u017e z\u00edskala z\u00e1sluhu, \u017ee opustila sv\u011bt, dal\u0161\u00edch dvan\u00e1ct nebo t\u0159in\u00e1ct let bylo pro ni velmi obt\u00ed\u017en\u00fdch. P\u0159ed rokem 1282 ji mo\u017en\u00e1 sestry i trochu rozmazlovaly. Kdy\u017e se vr\u00e1tila, projevily se obt\u00ed\u017ee v jej\u00edch vztaz\u00edch k ostatn\u00edm a doch\u00e1zelo k vz\u00e1jemn\u00fdm nedorozum\u011bn\u00edm. Dosp\u00edv\u00e1n\u00ed je v\u011bk nevd\u011b\u010dn\u00fd.<\/p>\n<p>Znovu musela bojovat, p\u0159edev\u0161\u00edm proti vzpom\u00ednk\u00e1m na sv\u011bt. Spasitel j\u00ed uk\u00e1zal svoje svat\u00e9 r\u00e1ny jako \u00fato\u010di\u0161t\u011b, v nich\u017e m\u016f\u017ee naj\u00edt \u00fat\u011bchu a s\u00edlu. Brzy za\u010d\u00edn\u00e1 poci\u0165ovat nechu\u0165 k \u0159eholn\u00edmu \u017eivotu, slavnou \u201eacedii\u201c prvn\u00edch mnich\u016f, omrzelost ze slu\u017eby Bohu, kter\u00e1 na ni st\u00e1le \u010d\u00edhala. Proto ji vid\u00edme, jak le\u017e\u00ed s rozpjat\u00fdma rukama ve sn\u011bhu, proto\u017ee se po rann\u00edch chv\u00e1l\u00e1ch rozhodla nej\u00edt do oh\u0159\u00edv\u00e1rny, a m\u00edsto toho si pruty \u0161vihala chodidla, aby si je zah\u0159\u00e1la. D\u00edky podobn\u00fdm skutk\u016fm sebezap\u00edr\u00e1n\u00ed na\u0161la op\u011bt chu\u0165 se modlit.<\/p>\n<p>Spolu s t\u00edm p\u0159ich\u00e1zelo poku\u0161en\u00ed hn\u011bvu. N\u011bkter\u00e9 sestry se j\u00ed posm\u00edvaly, k\u00e1raly ji za chyby a nedostatky, obvi\u0148ovaly ji zra\u0148uj\u00edc\u00edmi slovy. Jednou byly tyto v\u00fdtky t\u00e9m\u011b\u0159 nesnesiteln\u00e9, tak\u017ee se Kristina, aby nepropukla v hn\u011bv, tak siln\u011b kousla do jazyka, \u017ee vytryskl siln\u00fd proud krve.<\/p>\n<p>Pak tu byla p\u00fdcha, kter\u00e1 ji p\u00e1lila. Cht\u011bla se poko\u0159it, tak\u017ee po\u017e\u00e1dala, aby byla ur\u010dena za o\u0161et\u0159ovatelku nemocn\u00fdch, ministra infirmorum, a pe\u010dovala pak o n\u011b s velkou l\u00e1skou a ob\u011btavost\u00ed. Vid\u00edme, \u017ee ji pr\u00e1v\u011b n\u011bkdo vol\u00e1 k fortn\u011b. P\u0159ijde tam ve sv\u00e9m pracovn\u00edm od\u011bvu? U\u017e si cht\u011bla za\u010d\u00edt \u010desat vlasy, kdy\u017e tu j\u00ed n\u00e1hle padl zrak na Je\u017e\u00ed\u0161e korunovan\u00e9ho trnovou korunou, rychle si znovu nasadila z\u00e1voj, kter\u00fd m\u011bla p\u0159edt\u00edm na hlav\u011b, a ode\u0161la za svou n\u00e1v\u0161t\u011bvou do hovorny.<\/p>\n<p>Zdalipak ji za tyto boje trochu od\u0161kodnily mal\u00e9 sladkosti v refekt\u00e1\u0159i, i kdy\u017e j\u00eddlo bylo bezpochyby dosti skromn\u00e9? Pod z\u00e1minkou, \u017ee mus\u00ed bd\u00edt nad sv\u00fdmi nemocn\u00fdmi, odch\u00e1zela od stolu je\u0161t\u011b p\u0159ed koncem j\u00eddla, a vy\u017e\u00e1dala si svolen\u00ed rozd\u011blit se o svou potravu s chud\u00fdmi. Byla tak mil\u00e1 k sestr\u00e1m, kter\u00e9 na n\u00ed nevid\u011bly nic dobr\u00e9ho nebo jejich\u017e zvyky j\u00ed p\u016fsobily utrpen\u00ed, \u017ee se v komunit\u011b za\u010dalo \u0159\u00edkat: \u201eJestli chcete, aby v\u00e1s Kristina m\u011bla r\u00e1da, pok\u00e1rejte ji.\u201c Jej\u00ed boje trvaly asi t\u0159i roky. Ve v\u011bku \u0161estn\u00e1cti let u\u017e mlad\u00e1 \u0159eholnice vyrostla z tohoto nevd\u011b\u010dn\u00e9ho v\u011bku. Po\u0161kodila si v\u0161ak p\u0159itom zdrav\u00ed a \u010dekala ji p\u0159ed\u010dasn\u00e1 smrt. Zd\u00e1lo se v\u0161ak, \u017ee \u017eije sjednocena s tajemstv\u00edmi, je\u017e prom\u011bnily jej\u00ed \u017eivot v jeden \u017eivouc\u00ed a radostn\u00fd \u201eliturgick\u00fd rok\u201c.<\/p>\n<p>Shrnuli jsme zde nejd\u016fle\u017eit\u011bj\u0161\u00ed ud\u00e1losti Kristinina \u017eivota do roku 1283. P\u0159\u00ed\u0161t\u00edho jara onemocn\u011bla, vy\u010derp\u00e1na n\u00e1mahou, musela opustit svou pr\u00e1ci, sv\u00e9 duchovn\u00ed praktiky a nemohla se ani \u00fa\u010dastnit m\u0161e. Ob\u010das ji odnesli do kl\u00e1\u0161tern\u00edho kostela zasv\u011bcen\u00e9ho svat\u00e9mu Mikul\u00e1\u0161ovi a ona tam rozj\u00edmala o \u00fazkostech Je\u017e\u00ed\u0161ova smrteln\u00e9ho z\u00e1pasu. Jednoho dne, kdy\u017e si polo\u017eila hlavu na pravou ruku, j\u00ed praskla c\u00e9va v uchu a za\u010dala trp\u011bt krv\u00e1cen\u00edm. Z\u016fstala sedm t\u00fddn\u016f na l\u016f\u017eku, v utrpen\u00ed j\u00ed pom\u00e1hal nebesk\u00fd svit a dostalo se j\u00ed i daru proroctv\u00ed.<br \/>\nO Bo\u017e\u00edm hodu velikono\u010dn\u00edm rozj\u00edmala o radosti spravedliv\u00fdch v p\u0159edpekl\u00ed, kdy\u017e k nim p\u0159i\u0161el Je\u017e\u00ed\u0161, jak ji k tomu vyb\u00edzel zp\u011bv pasch\u00e1ln\u00edho pr\u016fvodu. Tou\u017eila v\u011bd\u011bt, zda budou i du\u0161e v o\u010distci, jako spravedliv\u00ed v p\u0159edpekl\u00ed, o t\u00e9to nejv\u011bt\u0161\u00ed slavnosti vysvobozeny. Je\u017e\u00ed\u0161 se j\u00ed zjevil, tak jak jej zobrazujeme p\u0159i vzk\u0159\u00ed\u0161en\u00ed, s rudou korouhv\u00ed v ruce. Zavedl ji do kapituln\u00ed s\u00edn\u011b k hrobu ned\u00e1vno zem\u0159el\u00e9ho dobrodince kl\u00e1\u0161tera. \u017derd\u00ed sv\u00e9 korouhve poklepal na n\u00e1hrobn\u00ed k\u00e1men a Kristina uvid\u011bla du\u0161i zesnul\u00e9ho, jak stoup\u00e1 s mnoha dal\u0161\u00edmi do nebesk\u00e9 sl\u00e1vy.<\/p>\n<p>O slavnosti svat\u00e9ho Jana K\u0159titele j\u00ed B\u016fh uk\u00e1zal h\u0159\u00edchy, kter\u00e9 byly sp\u00e1ch\u00e1ny po cel\u00e9m sv\u011bt\u011b a tak\u00e9 v jej\u00edm kl\u00e1\u0161te\u0159e. Byla zlomena bolest\u00ed. V t\u00e9\u017ee dob\u011b \u010dasto ve vytr\u017een\u00ed vid\u011bla budouc\u00ed ud\u00e1losti. Byla z toho cel\u00e1 zahanben\u00e1, proto\u017ee se c\u00edtila nehodna, aby k n\u00ed mluvil B\u016fh. Kdy\u017e nade\u0161la slavnost nanebevzet\u00ed Panny Marie a Kristina rozj\u00edmala o vztahu svat\u00e9 Panny ke t\u0159em osob\u00e1m Trojice, zjevila se j\u00ed nebesk\u00e1 Matka a poradila j\u00ed, jak m\u016f\u017ee doj\u00edt k Bohu. Kr\u00e1lovna nebes zde hr\u00e1la stejnou roli \u2013 magistra disciplinae &#8211; \u201evychovatelky\u201c \u2013 jako u He\u0159mana Josefa. Doporu\u010dila Kristin\u011b opovrhovat pozemsk\u00fdmi v\u011bcmi, bojovat s touhami po sv\u011btsk\u00e9m \u017eivot\u011b, uchovat si horlivost a vytrvalost v kontemplaci, \u010dasto p\u0159ij\u00edmat Eucharistii a pe\u010dovat o bli\u017en\u00ed, konat ne\u00fanavn\u011b v\u0161e, co se l\u00edb\u00ed Bohu, bez n\u00e1mitek, strachu nebo st\u00ed\u017enost\u00ed.<\/p>\n<p>Nen\u00ed t\u0159eba zjeven\u00ed, aby \u010dlov\u011bk toto v\u0161echno v\u011bd\u011bl. Ale Panna Maria j\u00ed vysv\u011btlila, \u017ee prav\u00e1 mari\u00e1nsk\u00e1 \u00facta p\u0159in\u00e1\u0161\u00ed spojen\u00ed s Bohem a projevuje se v\u0159elou touhou plnit jeho v\u016fli. V \u0159\u00edjnu se j\u00ed pak zjevila svat\u00e1 Vor\u0161ila. Cel\u00fd premonstr\u00e1tsk\u00fd \u0159\u00e1d choval tuto svatou a jej\u00ed dru\u017eky ve velk\u00e9 \u00fact\u011b, jej\u00ed sv\u00e1tek se slavil ve dvojit\u00e9m ritu s okt\u00e1vem, co\u017e byl v t\u00e9 dob\u011b nejslavnostn\u011bj\u0161\u00ed zp\u016fsob. O V\u00e1noc\u00edch t\u00e9ho\u017e roku m\u011bla vid\u011bn\u00ed Panny Marie, kter\u00e1 vlo\u017eila d\u00edt\u011b Je\u017e\u00ed\u0161e do rukou Kristiny a \u0159ekla j\u00ed: \u201eM\u00e1 dcero, vezmi si sv\u00e9ho milovan\u00e9ho Snoubence, ut\u011b\u0161 se jeho milostiplnou p\u0159\u00edtomnost\u00ed. P\u0159ednes mu v\u0161echny svoje t\u011b\u017ekosti, n\u011b\u017en\u011b jej obejmi. Jsi jeho nev\u011bstou a on t\u011b velmi miluje.\u201c<br \/>\nTento duchovn\u00ed s\u0148atek znovu potvrzuje, \u017ee \u00facta k d\u00edt\u011bti Je\u017e\u00ed\u0161i p\u0159edstavovala vrchol jej\u00edho mystick\u00e9ho \u017eivota. Jej\u00ed zdrav\u00ed se v\u0161ak rychle zhor\u0161ovalo. Zjeven\u00ed se st\u00e1vala st\u00e1le z\u0159\u00eddkav\u011bj\u0161\u00edmi, k jednomu do\u0161lo na Hromnice roku 1289 a pak a\u017e o Slavnosti v\u0161ech svat\u00fdch roku 1291.<\/p>\n<p>Jak m\u016f\u017eeme shrnout podstatu Kristininy zbo\u017enosti? Na prvn\u00edm m\u00edst\u011b je p\u0159irozen\u011b Je\u017e\u00ed\u0161 Kristus, jeho\u017e miluje n\u011b\u017en\u011b a oddan\u011b. Jej\u00ed zbo\u017enost \u010derp\u00e1 p\u0159edev\u0161\u00edm ze dvou velk\u00fdch tajemstv\u00ed, Kristova d\u011btstv\u00ed a umu\u010den\u00ed. Jako svat\u00fd He\u0159man Josef, i ona \u010dasto rozj\u00edmala o Kristov\u011b utrpen\u00ed, o t\u00e9matu vyvol\u00e1vaj\u00edc\u00edm m\u00e9n\u011b radosti, ale velmi \u017eiv\u00fd soucit. Stigmata Franti\u0161ka z Assisi za\u017eehla plamenem cel\u00fd k\u0159es\u0165ansk\u00fd sv\u011bt.<br \/>\nPo Je\u017e\u00ed\u0161i milovala nejv\u00edc Pannu Marii, ji\u017e nev\u00e1hala naz\u00fdvat svou matkou. Ukr\u00fdvala se s d\u016fv\u011brou na jej\u00edm mate\u0159sk\u00e9m srdci. Nev\u00edme v\u0161ak, \u017ee by rozj\u00edmala i o bolestech Matky Bo\u017e\u00ed.<br \/>\nDal\u0161\u00edm prvkem jej\u00edho duchovn\u00edho \u017eivota byly modlitby za du\u0161e v o\u010distci, jak se je modlili v\u011b\u0159\u00edc\u00ed u\u017e od dob prvotn\u00ed c\u00edrkve. Clunyjsk\u00fd \u0159\u00e1d stanovil jejich sv\u00e1tek na 2. Listopadu. C\u00eeteaux a Pr\u00e9montr\u00e9 slou\u017eily ka\u017ed\u00fd den rann\u00ed m\u0161i za sv\u00e9 zesnul\u00e9 a modlily se st\u00e1le \u010dast\u011bji oficium za zem\u0159el\u00e9. Rovn\u011b\u017e \u017eebrav\u00e9 \u0159\u00e1dy t\u0159in\u00e1ct\u00e9ho stolet\u00ed, franti\u0161k\u00e1ni a dominik\u00e1ni, udr\u017eovali zvyk mnoho se modlit za mrtv\u00e9. I Kristina se \u010dasto a r\u00e1da modlila na tyto \u00famysly.<\/p>\n<p>1.listopadu 1291 se j\u00ed n\u00e1\u0161 P\u00e1n zeptal, co by si p\u0159\u00e1la, a ona ho po\u017e\u00e1dala, aby j\u00ed dal du\u0161i horliv\u00e9 \u0159eholnice, kter\u00e1 brzy zem\u0159e, a aby uvedl do nebe t\u0159i tis\u00edce du\u0161\u00ed. Spasitel j\u00ed to splnil pod podm\u00ednkou, \u017ee bude muset vytrp\u011bt jejich trest m\u00edsto nich. Ob\u011btav\u011b s t\u00edm souhlasila. Zd\u00e1 se, \u017ee se tak\u00e9 dosti \u010dasto obracela v modlitb\u011b k Moudrosti. (O n\u011bkolik let pozd\u011bji se narod\u00ed blahoslaven\u00fd Jind\u0159ich Suso, kter\u00fd dod\u00e1 t\u00e9to \u00fact\u011b novou hloubku.) Kristina z\u0159ejm\u011b nem\u011bla \u017e\u00e1dn\u00e9 v\u011bt\u0161\u00ed vzd\u011bl\u00e1n\u00ed. U\u010dila se p\u0159edev\u0161\u00edm d\u00edky rozj\u00edm\u00e1n\u00ed o Kristov\u00fdch tajemstv\u00edch a z liturgie, kterou siln\u011b pro\u017e\u00edvala.<br \/>\nN\u011bkter\u00e9 pozn\u00e1mky z jej\u00edho duchovn\u00edho \u017eivota, kter\u00e9 se n\u00e1m dochovaly, jsou ve form\u011b mravn\u00edch princip\u016f: deset z\u00e1sad bo\u017esk\u00e9 moudrosti, \u010dty\u0159i pravidla rozli\u0161ov\u00e1n\u00ed duch\u016f, sedm radost\u00ed Panny Marie v nebi&#8230;<\/p>\n<p>Rok 1292 byl obzvl\u00e1\u0161\u0165 t\u011b\u017ek\u00fd. Kristina splatila sv\u00e9 dluhy v\u016f\u010di du\u0161\u00edm v o\u010distci v\u00e1\u017en\u00fdm nervov\u00fdm onemocn\u011bn\u00edm projevuj\u00edc\u00edm se k\u0159e\u010demi cel\u00e9ho t\u011bla, kdy se zd\u00e1lo, \u017ee se i jej\u00ed cela se v\u0161\u00edm v\u0161udy ot\u0159\u00e1s\u00e1, a \u010dast\u00fdm omdl\u00e9v\u00e1n\u00edm. Panna Kristina sn\u00e1\u0161ela tuto krutou nemoc s velkou odevzdanost\u00ed, o\u010dek\u00e1vaj\u00edc hodinu sv\u00e9ho vysvobozen\u00ed ze \u017eivota pozemsk\u00e9ho, kter\u00e1 p\u0159i\u0161la 23. listopadu 1292. Do\u017eila se dvaadvaceti let.<\/p>\n<p>Velmi r\u00e1di bychom znali podrobn\u011bj\u0161\u00ed informace o jej\u00edm kr\u00e1tk\u00e9m, pokorn\u00e9m \u017eivot\u011b. Sv\u011btlo, je\u017e obdr\u017eela, se dotklo i n\u011bkter\u00fdch z jej\u00edch sester, Kristina vid\u011bla, jak se jejich srdce otev\u00edraj\u00ed jako r\u016f\u017ee, kdy\u017e p\u0159ij\u00edmaly svat\u00e9 p\u0159ij\u00edm\u00e1n\u00ed nebo kdy\u017e je u\u010dila, jak mohou dos\u00e1hnout nebe. S novou horlivost\u00ed pak po jej\u00ed smrti rozkvetl duchovn\u00ed \u017eivot sester v Retters a bezpochyby i v mnoha dal\u0161\u00edch konventech na konci t\u0159in\u00e1ct\u00e9ho stolet\u00ed.<\/p>\n<p>Francois Petit, Premonstr\u00e1tsk\u00e1 spiritualita XII. a XIII. stolet\u00ed, 1.vyd\u00e1n\u00ed &#8211; Doksany: Kl\u00e1\u0161ter sester premonstr\u00e1tek v Doksanech, 2018<\/p>\n<\/p><\/div>\n<\/p><\/div>\n<\/p><\/div>\n<\/p><\/div>\n<\/section>\n","protected":false},"excerpt":{"rendered":"<p>Kristina od Krista Roku 1269 se v diec\u00e9zi Mohu\u010d narodila d\u00edvenka, kter\u00e1 m\u011bla oz\u00e1\u0159it konec 13. stolet\u00ed svatost\u00ed sv\u00e9ho \u017eivota a nebesk\u00fdmi milostmi, jimi\u017e byla zahrnuta. Jej\u00ed \u017eivot je velmi poutav\u00fd, i kdy\u017e jej vid\u00edme jen zd\u00e1lky a v polo\u0161eru zp\u016fsoben\u00e9m nedostatkem informac\u00ed. Kristina hovo\u0159ila st\u0159edon\u011bmeck\u00fdm n\u00e1\u0159e\u010d\u00edm, jej\u00ed zpov\u011bdn\u00edk pak napsal latinsky jej\u00ed \u017eivotopis a &hellip;<\/p>\n","protected":false},"author":1,"featured_media":0,"parent":0,"menu_order":0,"comment_status":"closed","ping_status":"closed","template":"template-builder.php","meta":{"footnotes":""},"class_list":["post-872","page","type-page","status-publish","hentry"],"_links":{"self":[{"href":"https:\/\/www.klasterdoksany.net\/index.php?rest_route=\/wp\/v2\/pages\/872","targetHints":{"allow":["GET"]}}],"collection":[{"href":"https:\/\/www.klasterdoksany.net\/index.php?rest_route=\/wp\/v2\/pages"}],"about":[{"href":"https:\/\/www.klasterdoksany.net\/index.php?rest_route=\/wp\/v2\/types\/page"}],"author":[{"embeddable":true,"href":"https:\/\/www.klasterdoksany.net\/index.php?rest_route=\/wp\/v2\/users\/1"}],"replies":[{"embeddable":true,"href":"https:\/\/www.klasterdoksany.net\/index.php?rest_route=%2Fwp%2Fv2%2Fcomments&post=872"}],"version-history":[{"count":1,"href":"https:\/\/www.klasterdoksany.net\/index.php?rest_route=\/wp\/v2\/pages\/872\/revisions"}],"predecessor-version":[{"id":873,"href":"https:\/\/www.klasterdoksany.net\/index.php?rest_route=\/wp\/v2\/pages\/872\/revisions\/873"}],"wp:attachment":[{"href":"https:\/\/www.klasterdoksany.net\/index.php?rest_route=%2Fwp%2Fv2%2Fmedia&parent=872"}],"curies":[{"name":"wp","href":"https:\/\/api.w.org\/{rel}","templated":true}]}}