{"id":870,"date":"2025-08-29T13:08:30","date_gmt":"2025-08-29T11:08:30","guid":{"rendered":"http:\/\/www.klasterdoksany.net\/?page_id=870"},"modified":"2025-08-29T13:08:30","modified_gmt":"2025-08-29T11:08:30","slug":"jakub-kern","status":"publish","type":"page","link":"https:\/\/www.klasterdoksany.net\/?page_id=870","title":{"rendered":"Jakub Kern"},"content":{"rendered":"<section id=\"builder-section-text_11\" class=\"builder-section-first builder-section builder-section-text builder-section-last builder-text-columns-1\" style=\"background-size: cover; background-repeat: no-repeat;background-position: center center;\">\n<div class=\"builder-section-content\">\n<div class=\"builder-text-row\">\n<div class=\"builder-text-column builder-text-column-1\" id=\"builder-section-text_11-column-1\">\n<div class=\"builder-text-content\">\n<h2>Blahoslaven\u00fd Jakub Kern<\/h2>\n<p>Franti\u0161ek Alexandr Kern se narodil 16. dubna 1897 ve V\u00eddni. U\u017e jako mal\u00fd chlapec tou\u017eil st\u00e1t se kn\u011bzem. Jeden\u00e1ctilet\u00fd, velmi inteligentn\u00ed Franti\u0161ek za\u010dal chodit do mal\u00e9ho semin\u00e1\u0159e v Hollabrunnu. Tr\u00e1vil tam mnoho \u010dasu na modlitb\u00e1ch p\u0159ed Nejsv\u011bt\u011bj\u0161\u00ed Sv\u00e1tost\u00ed. Ve \u010dtrn\u00e1cti letech u\u010dinil slib do\u017eivotn\u00ed \u010distoty. V patn\u00e1cti vstoupil do t\u0159et\u00edho \u0159\u00e1du franti\u0161k\u00e1n\u016f. B\u011bhem prvn\u00ed sv\u011btov\u00e9 v\u00e1lky, kr\u00e1tce po maturit\u011b v roce 1915, se dal zapsat jako dobrovoln\u00edk do arm\u00e1dy. I ve vojensk\u00e9 slu\u017eb\u011b pokra\u010doval v ka\u017edodenn\u00edch adorac\u00edch Nejsv\u011bt\u011bj\u0161\u00ed Sv\u00e1tosti. 1. ledna 1916 b\u011bhem \u010dty\u0159icetihodinov\u00e9 adorace prosil Boha, aby mu dovolil trp\u011bt pro sv\u00e9ho Syna Je\u017e\u00ed\u0161e Krista. Jeho p\u0159\u00e1n\u00ed se brzy vyplnilo. Jako poru\u010d\u00edk byl odvelen na italskou frontu a tam v z\u00e1\u0159\u00ed 1916 utrp\u011bl plicn\u00ed zran\u011bn\u00ed, z n\u011bho\u017e se ji\u017e nikdy nezotavil. B\u011bhem rekonvalescence za\u010dal nav\u0161t\u011bvovat semin\u00e1\u0159 v\u00edde\u0148sk\u00e9 arcidiec\u00e9ze.<br \/>\nV t\u00e9 dob\u011b do\u0161lo v \u010ceskoslovensku ke smutn\u00fdm ud\u00e1lostem: skupina katol\u00edk\u016f se odlou\u010dila od \u0158\u00edma a zalo\u017eila \u010ceskoslovenskou c\u00edrkev. Isidor Bohdan Zahradn\u00edk, premonstr\u00e1tsk\u00fd kanovn\u00edk ze Strahova a doktor filosofie, tak\u00e9 odpadl a stal se jedn\u00edm z v\u016fdc\u016f nov\u00e9 c\u00edrkve. P\u0159ijel i do V\u00eddn\u011b agitovat proti \u0158\u00edmu. Jakub byl t\u00edm v\u0161\u00edm hluboce ot\u0159esen a rozhodl se, \u017ee se nab\u00eddne jako n\u00e1hrada za Zahradn\u00edka. \u201eV t\u011bchto smutn\u00fdch ud\u00e1lostech objevil Jakub Kern sv\u00e9 povol\u00e1n\u00ed: p\u0159\u00e1l si b\u00fdt sm\u00edrnou ob\u011bt\u00ed za tohoto odpadl\u00e9ho \u0159eholn\u00edka. Jakub Kern vstoupil do premonstr\u00e1tsk\u00e9ho opatstv\u00ed Geras, aby jej v \u0159\u00e1du nahradil. B\u016fh tento dar \u201en\u00e1hradn\u00edka\u201c p\u0159ijal.\u201c (pape\u017e Jan Pavel II.)<br \/>\n18. \u0159\u00edjna 1920 obl\u00e9kl b\u00edl\u00fd h\u00e1bit svat\u00e9ho Norberta a dostal \u0159eholn\u00ed jm\u00e9no Jakub Lacoupe. Prot\u0159\u00edben utrpen\u00edm b\u011bhem sv\u00e9 slu\u017eby v arm\u00e1d\u011b a kv\u016fli v\u00e1le\u010dn\u00e9mu zran\u011bn\u00ed, bral Jakub \u0159eholn\u00ed \u017eivot velmi v\u00e1\u017en\u011b. Jeho zbo\u017enost v\u0161ak ne v\u0161ichni spr\u00e1vn\u011b ch\u00e1pali a oce\u0148ovali. Jakub byl v\u011brn\u00fdm a \u0161\u0165astn\u00fdm novicem a roku 1921 slo\u017eil do\u010dasn\u00e9 sliby. Jeho opat o n\u011bm napsal: \u201eZasv\u011bcen Nejsv\u011bt\u011bj\u0161\u00edmu Srdci, choval v sob\u011b ide\u00e1ly z\u00e1stupn\u00e9 ob\u011bti.\u201c D\u00edky indultu mohl b\u00fdt vysv\u011bcen na kn\u011bze u\u017e 23. \u010dervence 1922 \u2013 tak se splnilo jeho tou\u017eebn\u00e9 p\u0159\u00e1n\u00ed. P\u0159i sv\u00e9 prvn\u00ed m\u0161i \u0159ekl: \u201ePo t\u00e9to Kv\u011btn\u00e9 ned\u011bli p\u0159ijde umu\u010den\u00ed.\u201c Jeho k\u00e1z\u00e1n\u00ed tryskala ze srdce a hluboce doj\u00edmala poslucha\u010de. Kv\u016fli chatrn\u00e9mu zdrav\u00ed byla jeho kn\u011b\u017esk\u00e1 slu\u017eba omezena na opatstv\u00ed a okoln\u00ed farnosti. Roku 1923 mu musela b\u00fdt pouze p\u0159i lok\u00e1ln\u00edm umrtven\u00ed odoperov\u00e1na t\u0159i \u017eebra \u2013 tak za\u010dala jeho k\u0159\u00ed\u017eov\u00e1 cesta. Str\u00e1vil n\u011bkolik m\u011bs\u00edc\u016f v Meranu, aby se zotavil. Po n\u00e1vratu do Gerasu se jeho stav zhor\u0161il a musel se velmi \u0161et\u0159it. Sv\u00e9 posledn\u00ed k\u00e1z\u00e1n\u00ed, u p\u0159\u00edle\u017eitosti biskupova jubilea, nazval: \u201eMu\u017e c\u00edrkve, v\u011brn\u00fd biskupovi.\u201c Znovu musel b\u00fdt p\u0159evezen do nemocnice; trp\u011bl velk\u00fdmi bolestmi, ale odm\u00edtal br\u00e1t uti\u0161uj\u00edc\u00ed prost\u0159edky. 20. \u0159\u00edjna, v den, kdy m\u011bl skl\u00e1dat do\u017eivotn\u00ed sliby, podstoupil dal\u0161\u00ed operaci. P\u0159ed n\u00ed \u0159ekl: \u201eZ\u00edtra uvid\u00edm Matku Bo\u017e\u00ed a sv\u00e9ho and\u011bla str\u00e1\u017en\u00e9ho.\u201c Po\u017e\u00e1dal, aby p\u0159ipravili jeho b\u00edl\u00fd h\u00e1bit a v\u0161echno, co je pot\u0159eba ke svat\u00e9mu p\u0159ij\u00edm\u00e1n\u00ed. \u201ePosledn\u00ed p\u0159ij\u00edm\u00e1n\u00ed by m\u011blo b\u00fdt zvl\u00e1\u0161\u0165 slavnostn\u00ed, stejn\u011b jako to prvn\u00ed. Budu skl\u00e1dat slavn\u00e9 sliby u\u017e v nebi.\u201c Nemocni\u010dn\u00ed kaplan mu dal b\u011bhem operace posledn\u00ed pomaz\u00e1n\u00ed a po\u017eehnal mu na posledn\u00ed \u00fasek cesty k nebesk\u00e9mu Otci. Jakub Kern zem\u0159el 20. \u0159\u00edjna 1924, kdy\u017e zvony vyzv\u00e1n\u011bly na poledn\u00ed modlitbu And\u011bl P\u00e1n\u011b.<br \/>\nV\u011b\u0159\u00edc\u00ed nezapomn\u011bli na \u201edobr\u00e9ho otce Jakuba\u201c, p\u0159ich\u00e1zeli k jeho hrobu v Gerasu, aby se tam modlili a \u017e\u00e1dali jej o p\u0159\u00edmluvu. Pape\u017e Jan Pavel II. pozdvihl Jakuba Kerna k \u00fact\u011b olt\u00e1\u0159e 21. \u010dervna 1998 na v\u00edde\u0148sk\u00e9m n\u00e1m\u011bst\u00ed Heldenplatz. Na slavnosti bylo p\u0159\u00edtomno v\u00edce ne\u017e sto premonstr\u00e1t\u016f. Pape\u017e vyb\u00eddl kn\u011bze, aby n\u00e1sledovali tohoto \u201ehrdinu c\u00edrkve\u201c a z\u016fstali v\u011brn\u00ed sv\u00e9mu povol\u00e1n\u00ed.<\/p>\n<\/p><\/div>\n<\/p><\/div>\n<\/p><\/div>\n<\/p><\/div>\n<\/section>\n","protected":false},"excerpt":{"rendered":"<p>Blahoslaven\u00fd Jakub Kern Franti\u0161ek Alexandr Kern se narodil 16. dubna 1897 ve V\u00eddni. U\u017e jako mal\u00fd chlapec tou\u017eil st\u00e1t se kn\u011bzem. Jeden\u00e1ctilet\u00fd, velmi inteligentn\u00ed Franti\u0161ek za\u010dal chodit do mal\u00e9ho semin\u00e1\u0159e v Hollabrunnu. Tr\u00e1vil tam mnoho \u010dasu na modlitb\u00e1ch p\u0159ed Nejsv\u011bt\u011bj\u0161\u00ed Sv\u00e1tost\u00ed. Ve \u010dtrn\u00e1cti letech u\u010dinil slib do\u017eivotn\u00ed \u010distoty. V patn\u00e1cti vstoupil do t\u0159et\u00edho \u0159\u00e1du franti\u0161k\u00e1n\u016f. &hellip;<\/p>\n","protected":false},"author":1,"featured_media":0,"parent":0,"menu_order":0,"comment_status":"closed","ping_status":"closed","template":"template-builder.php","meta":{"footnotes":""},"class_list":["post-870","page","type-page","status-publish","hentry"],"_links":{"self":[{"href":"https:\/\/www.klasterdoksany.net\/index.php?rest_route=\/wp\/v2\/pages\/870","targetHints":{"allow":["GET"]}}],"collection":[{"href":"https:\/\/www.klasterdoksany.net\/index.php?rest_route=\/wp\/v2\/pages"}],"about":[{"href":"https:\/\/www.klasterdoksany.net\/index.php?rest_route=\/wp\/v2\/types\/page"}],"author":[{"embeddable":true,"href":"https:\/\/www.klasterdoksany.net\/index.php?rest_route=\/wp\/v2\/users\/1"}],"replies":[{"embeddable":true,"href":"https:\/\/www.klasterdoksany.net\/index.php?rest_route=%2Fwp%2Fv2%2Fcomments&post=870"}],"version-history":[{"count":1,"href":"https:\/\/www.klasterdoksany.net\/index.php?rest_route=\/wp\/v2\/pages\/870\/revisions"}],"predecessor-version":[{"id":871,"href":"https:\/\/www.klasterdoksany.net\/index.php?rest_route=\/wp\/v2\/pages\/870\/revisions\/871"}],"wp:attachment":[{"href":"https:\/\/www.klasterdoksany.net\/index.php?rest_route=%2Fwp%2Fv2%2Fmedia&parent=870"}],"curies":[{"name":"wp","href":"https:\/\/api.w.org\/{rel}","templated":true}]}}