{"id":868,"date":"2025-08-29T13:07:12","date_gmt":"2025-08-29T11:07:12","guid":{"rendered":"http:\/\/www.klasterdoksany.net\/?page_id=868"},"modified":"2025-08-29T13:07:12","modified_gmt":"2025-08-29T11:07:12","slug":"isfrid","status":"publish","type":"page","link":"https:\/\/www.klasterdoksany.net\/?page_id=868","title":{"rendered":"Isfr\u00edd"},"content":{"rendered":"<section id=\"builder-section-text_11\" class=\"builder-section-first builder-section builder-section-text builder-section-last builder-text-columns-1\" style=\"background-size: cover; background-repeat: no-repeat;background-position: center center;\">\n<div class=\"builder-section-content\">\n<div class=\"builder-text-row\">\n<div class=\"builder-text-column builder-text-column-1\" id=\"builder-section-text_11-column-1\">\n<div class=\"builder-text-content\">\n<h2>Svat\u00fd Isfr\u00edd<\/h2>\n<p>Isfr\u00edd, narozen\u00fd okolo roku 1115, byl \u0159eholn\u00edm kanovn\u00edkem v opatstv\u00ed Cappenberg. Roku 1159 se stal prvn\u00edm probo\u0161tem v Jerichow\u011b, kde postavil n\u00e1dhern\u00fd chr\u00e1m. Pro svou zbo\u017enost byl roku 1180 zvolen n\u00e1stupcem svat\u00e9ho Evermoda, biskupa v Ratzeburgu. Tak\u00e9 tam dal postavit katedr\u00e1lu a z\u0159\u00eddil mnoho nov\u00fdch farnost\u00ed. Usiloval o n\u011bmeckou kolonizaci \u00fazem\u00ed Vend\u016f. K sob\u011b byl tvrd\u00fd a konal p\u0159\u00edsn\u00e9 skutky pok\u00e1n\u00ed, ale bou\u0159\u00edc\u00edm se Vend\u016fm byl laskav\u00fdm soudcem a sna\u017eil se je p\u0159esv\u011bd\u010dit a z\u00edskat sv\u00fdmi k\u00e1z\u00e1n\u00edmi.<br \/>\nV z\u00e1pase mezi c\u00edsa\u0159skou stranou \u0160tauf\u016f a pape\u017eskou stranou Welf\u016f se, p\u0159es v\u0161echny hrozby a sliby, postavil na stranu pora\u017een\u00e9ho kn\u00ed\u017eete Jind\u0159icha Sask\u00e9ho a Bavorsk\u00e9ho, jemu\u017e kdysi slo\u017eil p\u0159\u00edsahu v\u011brnosti. Byl zpov\u011bdn\u00edkem a duchovn\u00edm v\u016fdcem Jind\u0159icha Lva a byl tak\u00e9 roku 1195 u jeho smrteln\u00e9ho lo\u017ee. Isfr\u00edd br\u00e1nil pr\u00e1va sv\u00e9ho lidu proti intrik\u00e1m c\u00edsa\u0159e Fridricha a jeho vazala Bernarda z Ratzeburgu.<\/p>\n<p>Oz\u00e1\u0159en mnoha z\u00e1zraky, kter\u00e9 vykonal b\u011bhem \u017eivota i po smrti, stal se jasn\u00fdm sv\u011btlem on\u00e9 temn\u00e9 doby. Isfr\u00edd zem\u0159el v \u010dervnu roku 1204 ve v\u011bku 90 let. Byl poh\u0159ben v presbyt\u00e1\u0159i ratzebursk\u00e9 katedr\u00e1ly. Pov\u011bst o jeho svatosti se roz\u0161\u00ed\u0159ila a pape\u017e Benedikt XIII. schv\u00e1lil 20. b\u0159ezna 1728 jeho uct\u00edv\u00e1n\u00ed.<br \/>\nV \u0159e\u010di na jeho pam\u00e1tku Arnold z L\u00fcbecku uv\u00e1d\u00ed: \u201eV t\u00e9 dob\u011b zem\u0159el svat\u00fd Isfr\u00edd z Ratzeburgu, mu\u017e velik\u00e9 trp\u011blivosti, nejv\u011bt\u0161\u00ed m\u00edrnosti, zcela oddan\u00fd \u0159eholn\u00edmu \u017eivotu. Jeho vliv se roz\u0161\u00ed\u0159il daleko za \u00fazem\u00ed severov\u00fdchodn\u00edho N\u011bmecka. Kdy\u017e bylo opatstv\u00ed Floreffe u Namuru zni\u010deno po\u017e\u00e1rem a \u0159eholn\u00edci \u017eili jeden a p\u016fl roku rozpt\u00fdleni, povolal je Isfr\u00edd zp\u00e1tky, obnovil kl\u00e1\u0161ter a posv\u011btil sedm olt\u00e1\u0159\u016f v jedin\u00e9m dni.\u201c<\/p>\n<p>Isfr\u00edd je zobrazov\u00e1n jako kanovn\u00edk se sklenic\u00ed v\u00edna a knihou, jako biskup, jak l\u00e9\u010d\u00ed n\u011bjak\u00e9mu mlad\u00edkovi o\u010di, jak za\u0161lapuje n\u011bjakou postavu k zemi.<\/p>\n<\/p><\/div>\n<\/p><\/div>\n<\/p><\/div>\n<\/p><\/div>\n<\/section>\n","protected":false},"excerpt":{"rendered":"<p>Svat\u00fd Isfr\u00edd Isfr\u00edd, narozen\u00fd okolo roku 1115, byl \u0159eholn\u00edm kanovn\u00edkem v opatstv\u00ed Cappenberg. Roku 1159 se stal prvn\u00edm probo\u0161tem v Jerichow\u011b, kde postavil n\u00e1dhern\u00fd chr\u00e1m. Pro svou zbo\u017enost byl roku 1180 zvolen n\u00e1stupcem svat\u00e9ho Evermoda, biskupa v Ratzeburgu. Tak\u00e9 tam dal postavit katedr\u00e1lu a z\u0159\u00eddil mnoho nov\u00fdch farnost\u00ed. Usiloval o n\u011bmeckou kolonizaci \u00fazem\u00ed Vend\u016f. K &hellip;<\/p>\n","protected":false},"author":1,"featured_media":0,"parent":0,"menu_order":0,"comment_status":"closed","ping_status":"closed","template":"template-builder.php","meta":{"footnotes":""},"class_list":["post-868","page","type-page","status-publish","hentry"],"_links":{"self":[{"href":"https:\/\/www.klasterdoksany.net\/index.php?rest_route=\/wp\/v2\/pages\/868","targetHints":{"allow":["GET"]}}],"collection":[{"href":"https:\/\/www.klasterdoksany.net\/index.php?rest_route=\/wp\/v2\/pages"}],"about":[{"href":"https:\/\/www.klasterdoksany.net\/index.php?rest_route=\/wp\/v2\/types\/page"}],"author":[{"embeddable":true,"href":"https:\/\/www.klasterdoksany.net\/index.php?rest_route=\/wp\/v2\/users\/1"}],"replies":[{"embeddable":true,"href":"https:\/\/www.klasterdoksany.net\/index.php?rest_route=%2Fwp%2Fv2%2Fcomments&post=868"}],"version-history":[{"count":1,"href":"https:\/\/www.klasterdoksany.net\/index.php?rest_route=\/wp\/v2\/pages\/868\/revisions"}],"predecessor-version":[{"id":869,"href":"https:\/\/www.klasterdoksany.net\/index.php?rest_route=\/wp\/v2\/pages\/868\/revisions\/869"}],"wp:attachment":[{"href":"https:\/\/www.klasterdoksany.net\/index.php?rest_route=%2Fwp%2Fv2%2Fmedia&parent=868"}],"curies":[{"name":"wp","href":"https:\/\/api.w.org\/{rel}","templated":true}]}}