{"id":863,"date":"2025-08-29T13:03:04","date_gmt":"2025-08-29T11:03:04","guid":{"rendered":"http:\/\/www.klasterdoksany.net\/?page_id=863"},"modified":"2025-08-29T13:03:04","modified_gmt":"2025-08-29T11:03:04","slug":"hroznata","status":"publish","type":"page","link":"https:\/\/www.klasterdoksany.net\/?page_id=863","title":{"rendered":"Hroznata"},"content":{"rendered":"<section id=\"builder-section-text_11\" class=\"builder-section-first builder-section builder-section-text builder-section-last builder-text-columns-1\" style=\"background-size: cover; background-repeat: no-repeat;background-position: center center;\">\n<div class=\"builder-section-content\">\n<div class=\"builder-text-row\">\n<div class=\"builder-text-column builder-text-column-1\" id=\"builder-section-text_11-column-1\">\n<div class=\"builder-text-content\">\n<h2>Blahoslaven\u00fd Hroznata<\/h2>\n<p>\u010cesk\u00fd \u0161lechtic Hroznata se narodil roku 1160. U\u017e v d\u011btstv\u00ed poci\u0165oval zvl\u00e1\u0161tn\u00ed ochranu Matky Bo\u017e\u00ed. Dostalo se mu dobr\u00e9ho vzd\u011bl\u00e1n\u00ed v Krakov\u011b, kde byla jeho sestra Vojslava man\u017eelkou starosty m\u011bsta. Byl zb\u011bhl\u00fd v diplomacii, vojenstv\u00ed a veden\u00ed hospod\u00e1\u0159sk\u00fdch z\u00e1le\u017eitost\u00ed. Hroznata se o\u017eenil, ale jeho \u017eena a mal\u00fd syn brzy zem\u0159eli. Proto\u017ee nem\u011bl pozemsk\u00e9 d\u011bdice, zalo\u017eil jako sv\u016fj duchovn\u00ed odkaz kl\u00e1\u0161ter Tepl\u00e1. Kdy\u017e pape\u017esk\u00fd leg\u00e1t vyz\u00fdval ryt\u00ed\u0159e k \u00fa\u010dasti na k\u0159\u00ed\u017eov\u00e9 v\u00fdprav\u011b, Hroznata sl\u00edbil, \u017ee pojede do Svat\u00e9 zem\u011b, aby pomohl osvobodit svat\u00e1 m\u00edsta. Vydal se s ostatn\u00edmi k\u0159i\u017e\u00e1ky do Brindisi a cestou z\u00edskal v \u0158\u00edm\u011b od pape\u017ee potvrzen\u00ed zalo\u017een\u00ed Tepl\u00e9. K\u0159\u00ed\u017eov\u00e1 v\u00fdprava bohu\u017eel roku 1197 ztroskotala. Pape\u017e Hroznatu zprostil slibu a vyzval jej, aby zalo\u017eil je\u0161t\u011b kl\u00e1\u0161ter pro sestry. Spolu se svou ovdov\u011blou sestrou zalo\u017eil roku 1202 kl\u00e1\u0161ter Chot\u011b\u0161ov.<br \/>\nHroznata tak\u00e9 c\u00edtil povol\u00e1n\u00ed k \u0159eholn\u00edmu stavu. Znovu jel tedy do \u0158\u00edma a pape\u017e Inocenc III. jej obl\u00e9kl do b\u00edl\u00e9ho h\u00e1bitu premonstr\u00e1tsk\u00e9ho \u0159\u00e1du. Hroznata se stal laick\u00fdm bratrem v kl\u00e1\u0161te\u0159e, kter\u00fd zalo\u017eil. Proto\u017ee se tak dob\u0159e vyznal v \u0159\u00edzen\u00ed hospod\u00e1\u0159stv\u00ed, jmenoval jej opat Jan spr\u00e1vcem kl\u00e1\u0161tern\u00edho majetku. Hroznata m\u011bl v\u0161ak s opatem spory, a tak se, pro klid v kl\u00e1\u0161te\u0159e, uch\u00fdlil do Chot\u011b\u0161ova, kde \u017eila jeho sestra. Spory se pozd\u011bji urovnaly a spolubrat\u0159i p\u0159iv\u00edtali vracej\u00edc\u00edho se zakladatele s otev\u0159enou n\u00e1ru\u010d\u00ed.<br \/>\nRoku 1217 (nebo snad 1213) Hroznatu zajali a uv\u011bznili lupi\u010di. Kdy\u017e odm\u00edtl, aby kl\u00e1\u0161ter za n\u011bho zaplatil po\u017eadovan\u00e9 v\u00fdkupn\u00e9, nechali jej lupi\u010di zem\u0159\u00edt hladem. Spolubratr\u016fm se poda\u0159ilo z\u00edskat jeho mrtv\u00e9 t\u011blo a poh\u0159bili jej v opatsk\u00e9m kostele p\u0159ed hlavn\u00edm olt\u00e1\u0159em. Byl uct\u00edv\u00e1n jako svat\u00fd pro svou l\u00e1sku k bli\u017en\u00edm, pokoru a mu\u010dednickou smrt. Jeho ostatky byly vyzvednuty a um\u00edst\u011bny v n\u00e1dhern\u00e9m relikvi\u00e1\u0159i v nov\u00e9 kapli jemu zasv\u011bcen\u00e9. Pape\u017e Lev XIII. jej 14. \u010dervence 1897 blaho\u0159e\u010dil a pape\u017e Jan Pavel II. jej 3. b\u0159ezna 1997 prohl\u00e1sil za patrona nov\u011b ustaven\u00e9 plze\u0148sk\u00e9 diec\u00e9ze. Douf\u00e1me, \u017ee bude brzy tak\u00e9 svato\u0159e\u010den.<\/p>\n<\/p><\/div>\n<\/p><\/div>\n<\/p><\/div>\n<\/p><\/div>\n<\/section>\n","protected":false},"excerpt":{"rendered":"<p>Blahoslaven\u00fd Hroznata \u010cesk\u00fd \u0161lechtic Hroznata se narodil roku 1160. U\u017e v d\u011btstv\u00ed poci\u0165oval zvl\u00e1\u0161tn\u00ed ochranu Matky Bo\u017e\u00ed. Dostalo se mu dobr\u00e9ho vzd\u011bl\u00e1n\u00ed v Krakov\u011b, kde byla jeho sestra Vojslava man\u017eelkou starosty m\u011bsta. Byl zb\u011bhl\u00fd v diplomacii, vojenstv\u00ed a veden\u00ed hospod\u00e1\u0159sk\u00fdch z\u00e1le\u017eitost\u00ed. Hroznata se o\u017eenil, ale jeho \u017eena a mal\u00fd syn brzy zem\u0159eli. Proto\u017ee nem\u011bl pozemsk\u00e9 &hellip;<\/p>\n","protected":false},"author":1,"featured_media":0,"parent":0,"menu_order":0,"comment_status":"closed","ping_status":"closed","template":"template-builder.php","meta":{"footnotes":""},"class_list":["post-863","page","type-page","status-publish","hentry"],"_links":{"self":[{"href":"https:\/\/www.klasterdoksany.net\/index.php?rest_route=\/wp\/v2\/pages\/863","targetHints":{"allow":["GET"]}}],"collection":[{"href":"https:\/\/www.klasterdoksany.net\/index.php?rest_route=\/wp\/v2\/pages"}],"about":[{"href":"https:\/\/www.klasterdoksany.net\/index.php?rest_route=\/wp\/v2\/types\/page"}],"author":[{"embeddable":true,"href":"https:\/\/www.klasterdoksany.net\/index.php?rest_route=\/wp\/v2\/users\/1"}],"replies":[{"embeddable":true,"href":"https:\/\/www.klasterdoksany.net\/index.php?rest_route=%2Fwp%2Fv2%2Fcomments&post=863"}],"version-history":[{"count":1,"href":"https:\/\/www.klasterdoksany.net\/index.php?rest_route=\/wp\/v2\/pages\/863\/revisions"}],"predecessor-version":[{"id":865,"href":"https:\/\/www.klasterdoksany.net\/index.php?rest_route=\/wp\/v2\/pages\/863\/revisions\/865"}],"wp:attachment":[{"href":"https:\/\/www.klasterdoksany.net\/index.php?rest_route=%2Fwp%2Fv2%2Fmedia&parent=863"}],"curies":[{"name":"wp","href":"https:\/\/api.w.org\/{rel}","templated":true}]}}