{"id":861,"date":"2025-08-29T12:59:04","date_gmt":"2025-08-29T10:59:04","guid":{"rendered":"http:\/\/www.klasterdoksany.net\/?page_id=861"},"modified":"2025-08-29T12:59:04","modified_gmt":"2025-08-29T10:59:04","slug":"herman-josef","status":"publish","type":"page","link":"https:\/\/www.klasterdoksany.net\/?page_id=861","title":{"rendered":"He\u0159man Josef"},"content":{"rendered":"<section id=\"builder-section-text_11\" class=\"builder-section-first builder-section builder-section-text builder-section-last builder-text-columns-1\" style=\"background-size: cover; background-repeat: no-repeat;background-position: center center;\">\n<div class=\"builder-section-content\">\n<div class=\"builder-text-row\">\n<div class=\"builder-text-column builder-text-column-1\" id=\"builder-section-text_11-column-1\">\n<div class=\"builder-text-content\">\n<p><hSvat\u00fd He\u0159man Josef<\/h2>\n<p>He>\u0159man se narodil v Kol\u00edn\u011b nad R\u00fdnem okolo roku 1150. Ji\u017e od ran\u00e9ho ml\u00e1d\u00ed projevoval velkou \u00factu k Pann\u011b Marii. V \u017eivotopise sepsan\u00e9m jeho p\u0159evorem se vypr\u00e1v\u00ed, \u017ee denn\u011b chodil do kostela Panny Marie na Kapitolu v Kol\u00edn\u011b. Jednoho dne nab\u00eddl Pann\u011b Marii jablko a ona se sehnula tak, aby Je\u017e\u00ed\u0161ek na n\u011b mohl dos\u00e1hnout.<br \/>\nVe v\u011bku 12 let vstoupil do premonstr\u00e1tsk\u00e9ho opatstv\u00ed Steinfeld. Na studia pak ode\u0161el do kl\u00e1\u0161tera Mariengaarde ve Fr\u00edsku. Ji\u017e od ml\u00e1d\u00ed konal p\u0159\u00edsn\u00e9 kaj\u00edc\u00ed skutky. Po n\u00e1vratu do Steinfeldu a po vysv\u011bcen\u00ed na kn\u011bze mu bylo ulo\u017eeno slou\u017eit v sakristii a refekt\u00e1\u0159i. P\u0159i t\u011bchto prac\u00edch se rozvinul jeho neoby\u010dejn\u011b bohat\u00fd duchovn\u00ed \u017eivot a dostalo se mu n\u011bkolika mystick\u00fdch z\u00e1\u017eitk\u016f. Sv\u00e9 druh\u00e9 jm\u00e9no Josef obdr\u017eel pot\u00e9, co jej ve vid\u011bn\u00ed Panna Maria p\u0159ijala za sv\u00e9ho snoubence. Jeho \u010dast\u00e9 stavy vytr\u017een\u00ed zp\u016fsobily mnoh\u00e1 nedorozum\u011bn\u00ed mezi n\u00edm a spolubratry.<\/p>\n<p>He\u0159man Josef napsal n\u011bkolik p\u00edsn\u00ed o Pann\u011b Marii, svat\u00e9 Vor\u0161ile a jej\u00edch dru\u017ek\u00e1ch a koment\u00e1\u0159 k P\u00edsni p\u00edsn\u00ed \u2013 jeho sloh je napln\u011bn city a ukazuje, \u017ee tento hluboce zbo\u017en\u00fd \u0159eholn\u00edk m\u011bl skute\u010dn\u00fd b\u00e1snick\u00fd talent. Byl jedn\u00edm z prvn\u00edch, kdo uct\u00edvali Nejsv\u011bt\u011bj\u0161\u00ed Srdce Je\u017e\u00ed\u0161ovo, a to prav\u00fdm mystick\u00fdm zp\u016fsobem op\u00edraj\u00edc\u00edm se pouze o P\u00edsmo svat\u00e9. Tak\u00e9 byl zn\u00e1m t\u00edm, \u017ee dok\u00e1zal velmi zru\u010dn\u011b sestavovat a opravovat hodiny. He\u0159man Josef byl jmenov\u00e1n duchovn\u00edm v\u016fdcem sester cistercia\u010dek z Hovenu n\u011bkolik kilometr\u016f od Steinfeldu a \u010dasto k nim jezdil. Sestry si jeho duchovn\u00edho veden\u00ed vysoce cenily. Jednou p\u0159edst\u00edraly, \u017ee pot\u0159ebuj\u00ed opravit hodiny \u2013 jen proto, aby jej p\u0159im\u011bly k nim p\u0159ijet. B\u011bhem doby postn\u00ed roku 1241 tak\u00e9 pob\u00fdval u sester a tam se roznemohl a zem\u0159el na Zelen\u00fd \u010dtvrtek 4. dubna 1241. Do\u017eil se 91 let.<\/p>\n<p>Jeho t\u011blo bylo slavnostn\u011b p\u0159eneseno do Steinfeldu. Nyn\u00ed je ve vysok\u00e9m n\u00e1hrobku uprost\u0159ed kostela. Jeho uct\u00edv\u00e1n\u00ed nebylo nikdy p\u0159eru\u0161eno. 22. ledna 1728 pape\u017e Benedikt XIII. schv\u00e1lil jeho uct\u00edv\u00e1n\u00ed jako blahoslaven\u00e9ho a posv\u011btil k jeho poct\u011b olt\u00e1\u0159 v koleji svat\u00e9ho Norberta v \u0158\u00edm\u011b. Jeho \u00facta, kter\u00e1 byla po stalet\u00ed \u017eiv\u00e1, byla ofici\u00e1ln\u011b uzn\u00e1na 11. srpna 1958 a He\u0159man Josef byl svato\u0159e\u010den. Je uct\u00edv\u00e1n v Por\u00fdn\u00ed a v premonstr\u00e1tsk\u00e9m \u0159\u00e1du jako patron d\u011bt\u00ed a student\u016f.<br \/>\nHe\u0159man Josef byl p\u0159\u00edkladn\u00fdm \u0159eholn\u00edkem v duchu svat\u00e9ho Augustina: pokorn\u00fd a chud\u00fd kanovn\u00edk, trp\u011bliv\u00fd a p\u0159\u00e1telsk\u00fd ke v\u0161em \u2013 zvl\u00e1\u0161t\u011b k t\u011bm, kte\u0159\u00ed mu rozum\u011bli nejm\u00e9n\u011b \u2013 poslu\u0161n\u00fd sv\u00fdch p\u0159edstaven\u00fdch, v\u017edy p\u0159ipraven slou\u017eit spolubratr\u016fm.<\/p>\n<p>He\u0159man je zobrazov\u00e1n jako premonstr\u00e1t s Mari\u00ed a Je\u017e\u00ed\u0161kem, s jablkem, lili\u00ed, kalichem s r\u016f\u017eemi, kalichem, kl\u00ed\u010dem, psac\u00edmi pot\u0159ebami, jako d\u00edt\u011b, jak pod\u00e1v\u00e1 Je\u017e\u00ed\u0161kovi jablko, p\u0159i \u201emystick\u00e9m zasnouben\u00ed\u201c s Mari\u00ed (s p\u0159ed\u00e1n\u00edm prstenu), p\u0159i vid\u011bn\u00ed \u201eSrdce Je\u017e\u00ed\u0161ova\u201c<\/p>\n<\/p><\/div>\n<\/p><\/div>\n<\/p><\/div>\n<\/p><\/div>\n<\/section>\n","protected":false},"excerpt":{"rendered":"<p>\u0159man se narodil v Kol\u00edn\u011b nad R\u00fdnem okolo roku 1150. Ji\u017e od ran\u00e9ho ml\u00e1d\u00ed projevoval velkou \u00factu k Pann\u011b Marii. V \u017eivotopise sepsan\u00e9m jeho p\u0159evorem se vypr\u00e1v\u00ed, \u017ee denn\u011b chodil do kostela Panny Marie na Kapitolu v Kol\u00edn\u011b. Jednoho dne nab\u00eddl Pann\u011b Marii jablko a ona se sehnula tak, aby Je\u017e\u00ed\u0161ek na n\u011b mohl dos\u00e1hnout. &hellip;<\/p>\n","protected":false},"author":1,"featured_media":0,"parent":0,"menu_order":0,"comment_status":"closed","ping_status":"closed","template":"template-builder.php","meta":{"footnotes":""},"class_list":["post-861","page","type-page","status-publish","hentry"],"_links":{"self":[{"href":"https:\/\/www.klasterdoksany.net\/index.php?rest_route=\/wp\/v2\/pages\/861","targetHints":{"allow":["GET"]}}],"collection":[{"href":"https:\/\/www.klasterdoksany.net\/index.php?rest_route=\/wp\/v2\/pages"}],"about":[{"href":"https:\/\/www.klasterdoksany.net\/index.php?rest_route=\/wp\/v2\/types\/page"}],"author":[{"embeddable":true,"href":"https:\/\/www.klasterdoksany.net\/index.php?rest_route=\/wp\/v2\/users\/1"}],"replies":[{"embeddable":true,"href":"https:\/\/www.klasterdoksany.net\/index.php?rest_route=%2Fwp%2Fv2%2Fcomments&post=861"}],"version-history":[{"count":1,"href":"https:\/\/www.klasterdoksany.net\/index.php?rest_route=\/wp\/v2\/pages\/861\/revisions"}],"predecessor-version":[{"id":862,"href":"https:\/\/www.klasterdoksany.net\/index.php?rest_route=\/wp\/v2\/pages\/861\/revisions\/862"}],"wp:attachment":[{"href":"https:\/\/www.klasterdoksany.net\/index.php?rest_route=%2Fwp%2Fv2%2Fmedia&parent=861"}],"curies":[{"name":"wp","href":"https:\/\/api.w.org\/{rel}","templated":true}]}}