{"id":859,"date":"2025-08-29T12:57:37","date_gmt":"2025-08-29T10:57:37","guid":{"rendered":"http:\/\/www.klasterdoksany.net\/?page_id=859"},"modified":"2025-08-29T12:58:08","modified_gmt":"2025-08-29T10:58:08","slug":"gotfrid","status":"publish","type":"page","link":"https:\/\/www.klasterdoksany.net\/?page_id=859","title":{"rendered":"Gotfr\u00edd"},"content":{"rendered":"<section id=\"builder-section-text_11\" class=\"builder-section-first builder-section builder-section-text builder-section-last builder-text-columns-1\" style=\"background-size: cover; background-repeat: no-repeat;background-position: center center;\">\n<div class=\"builder-section-content\">\n<div class=\"builder-text-row\">\n<div class=\"builder-text-column builder-text-column-1\" id=\"builder-section-text_11-column-1\">\n<div class=\"builder-text-content\">\n<h2>Svat\u00fd Gotfr\u00edd<\/h2>\n<p>Gotfr\u00edd se narodil roku 1097. Jeho otec byl hrab\u011b Gotfr\u00edd z Cappenbergu a jeho matka Beatrice ze Schweinfurtu. O\u017eenil se s Jutou, dcerou hrab\u011bte z Arnsbergu. Ve sporu mezi biskupem z M\u00fcnsteru a c\u00edsa\u0159em st\u00e1l na stran\u011b biskupa, cht\u011bl se v\u0161ak z t\u00e9to v\u00e1le\u010dn\u00e9 p\u016ftky v M\u00fcnsteru st\u00e1hnout (m\u011bsto bylo roku 1121 dobyto a zni\u010deno), proto\u017ee se rozhodl zm\u011bnit sv\u016fj hrad v kl\u00e1\u0161ter. Spolu se sv\u00fdm bratrem Otou se toti\u017e roku 1121 setkali se svat\u00fdm Norbertem. Gotfr\u00edd byl pln\u00fd nad\u0161en\u00ed pro apo\u0161tolsk\u00fd \u017eivot, jak jej hl\u00e1sal a \u017eil Norbert. Zpo\u010d\u00e1tku byla jeho man\u017eelka Juta a bratr Oto proti jeho \u00famyslu. Nejv\u00edce proti jeho pl\u00e1nu bojoval jeho tch\u00e1n, hrab\u011b z Arnsbergu. Na sn\u011bmu v Utrechtu podpo\u0159il Gotfr\u00edd\u016fv z\u00e1m\u011br hrab\u011b Fridrich \u0160v\u00e1bsk\u00fd, jemu\u017e Gotfr\u00edd prodal dva hrady.<\/p>\n<p>31. kv\u011btna 1122 mohl Gotfr\u00edd p\u0159edat Norbertovi hrad Cappenberg. M\u00fcnstersk\u00fd biskup posv\u011btil kl\u00e1\u0161ter 15. srpna t\u00e9ho\u017e roku. Bylo to prvn\u00ed premonstr\u00e1tsk\u00e9 zalo\u017een\u00ed v N\u011bmecku. Dal\u0161\u00ed probo\u0161tstv\u00ed byla zalo\u017eena na Gotfr\u00eddov\u00fdch statc\u00edch ve Varlaru a Ilbenstadtu. Oba brat\u0159i ale mohli vstoupit do \u201esv\u00fdch kl\u00e1\u0161ter\u016f\u201c a\u017e roku 1124, proto\u017ee museli splnit povinnosti v\u016f\u010di rodin\u011b a Gotfr\u00edd musel z\u00edskat souhlas sv\u00e9 man\u017eelky Juty. Juta a jeho sestry Godberga a Beatrix se pozd\u011bji staly premonstr\u00e1tkami v doln\u00edm kl\u00e1\u0161te\u0159e v Cappenbergu. Godfr\u00edd z\u016fstal tak\u00e9 prozat\u00edm v Cappenbergu, kde zalo\u017eil \u0161pit\u00e1l pro chud\u00e9. Slou\u017eil chud\u00fdm s velikou pokorou.<\/p>\n<p>Norbert povolal roku 1125 oba bratry do Pr\u00e9montr\u00e9 a vysv\u011btil je na akolyty. Kdy\u017e se stal Norbert roku 1126 arcibiskupem v Magdeburku, vzal Gotfr\u00edda s sebou. Byla to pro Gotfr\u00edda t\u011b\u017ek\u00e1 zkou\u0161ka, proto\u017ee si nemohl zvyknout na \u017eivot na arcibiskupsk\u00e9m dvo\u0159e a brzy onemocn\u011bl. S Norbertov\u00fdm svolen\u00edm se vr\u00e1til do Ilbenstadtu. N\u011bkolik dn\u00ed po sv\u00e9m n\u00e1vratu 13. ledna 1127 ve v\u011bku t\u0159iceti let zem\u0159el.<br \/>\nGotfr\u00edd byl mu\u017e m\u00edrumilovn\u00fd. B\u011bhem sv\u00e9ho sporu s tch\u00e1nem vyj\u00e1d\u0159il p\u0159\u00e1n\u00ed zem\u0159\u00edt jako mu\u010dedn\u00edk. V posledn\u00edch m\u011bs\u00edc\u00edch \u017eivota \u010dasto hovo\u0159il o tom, \u017ee si p\u0159eje zem\u0159\u00edt.<br \/>\nJeho ostatky byly rozd\u011bleny mezi Ilbenstadt a Cappenberg. Pape\u017e Pavel V. schv\u00e1lil jeho uct\u00edv\u00e1n\u00ed v Cappenbergu a pape\u017e Benedikt XIII. je 8. b\u0159ezna 1728 roz\u0161\u00ed\u0159il na cel\u00fd \u0159\u00e1d. Po t\u011b\u017ek\u00fdch dob\u00e1ch sekularizace byl velk\u00fdm propag\u00e1torem uct\u00edv\u00e1n\u00ed svat\u00e9ho Gotfr\u00edda z Cappenbergu mohu\u010dsk\u00fd biskup Emmanuel von Ketteler.<\/p>\n<p>Gotfr\u00edd je zobrazov\u00e1n jako hrab\u011b\/ryt\u00ed\u0159, jako premonstr\u00e1t, s odlo\u017eenou korunou, modely kostel\u016f, miskou na chl\u00e9b a lebkou, jak kle\u010d\u00ed p\u0159ed and\u011blem s k\u0159\u00ed\u017eem a korunou, se zemekoul\u00ed, \u017eezlem a v\u011bncem perel u nohou, se zjeven\u00edm mal\u00e9ho Je\u017e\u00ed\u0161e, kter\u00fd mu nasazuje korunu.<\/p>\n<\/p><\/div>\n<\/p><\/div>\n<\/p><\/div>\n<\/p><\/div>\n<\/section>\n","protected":false},"excerpt":{"rendered":"<p>Svat\u00fd Gotfr\u00edd Gotfr\u00edd se narodil roku 1097. Jeho otec byl hrab\u011b Gotfr\u00edd z Cappenbergu a jeho matka Beatrice ze Schweinfurtu. O\u017eenil se s Jutou, dcerou hrab\u011bte z Arnsbergu. Ve sporu mezi biskupem z M\u00fcnsteru a c\u00edsa\u0159em st\u00e1l na stran\u011b biskupa, cht\u011bl se v\u0161ak z t\u00e9to v\u00e1le\u010dn\u00e9 p\u016ftky v M\u00fcnsteru st\u00e1hnout (m\u011bsto bylo roku 1121 dobyto &hellip;<\/p>\n","protected":false},"author":1,"featured_media":0,"parent":0,"menu_order":0,"comment_status":"closed","ping_status":"closed","template":"template-builder.php","meta":{"footnotes":""},"class_list":["post-859","page","type-page","status-publish","hentry"],"_links":{"self":[{"href":"https:\/\/www.klasterdoksany.net\/index.php?rest_route=\/wp\/v2\/pages\/859","targetHints":{"allow":["GET"]}}],"collection":[{"href":"https:\/\/www.klasterdoksany.net\/index.php?rest_route=\/wp\/v2\/pages"}],"about":[{"href":"https:\/\/www.klasterdoksany.net\/index.php?rest_route=\/wp\/v2\/types\/page"}],"author":[{"embeddable":true,"href":"https:\/\/www.klasterdoksany.net\/index.php?rest_route=\/wp\/v2\/users\/1"}],"replies":[{"embeddable":true,"href":"https:\/\/www.klasterdoksany.net\/index.php?rest_route=%2Fwp%2Fv2%2Fcomments&post=859"}],"version-history":[{"count":1,"href":"https:\/\/www.klasterdoksany.net\/index.php?rest_route=\/wp\/v2\/pages\/859\/revisions"}],"predecessor-version":[{"id":860,"href":"https:\/\/www.klasterdoksany.net\/index.php?rest_route=\/wp\/v2\/pages\/859\/revisions\/860"}],"wp:attachment":[{"href":"https:\/\/www.klasterdoksany.net\/index.php?rest_route=%2Fwp%2Fv2%2Fmedia&parent=859"}],"curies":[{"name":"wp","href":"https:\/\/api.w.org\/{rel}","templated":true}]}}