{"id":847,"date":"2025-08-29T10:31:21","date_gmt":"2025-08-29T08:31:21","guid":{"rendered":"http:\/\/www.klasterdoksany.net\/?page_id=847"},"modified":"2025-08-29T10:31:21","modified_gmt":"2025-08-29T08:31:21","slug":"svaty-evermod","status":"publish","type":"page","link":"https:\/\/www.klasterdoksany.net\/?page_id=847","title":{"rendered":"Svat\u00fd Evermod"},"content":{"rendered":"<section id=\"builder-section-text_11\" class=\"builder-section-first builder-section builder-section-text builder-section-last builder-text-columns-1\" style=\"background-size: cover; background-repeat: no-repeat;background-position: center center;\">\n<div class=\"builder-section-content\">\n<div class=\"builder-text-row\">\n<div class=\"builder-text-column builder-text-column-1\" id=\"builder-section-text_11-column-1\">\n<div class=\"builder-text-content\">\n<h2>Svat\u00fd Evermod<\/h2>\n<p>Evermod se narodil v belgick\u00e9 provincii Henegavsko kr\u00e1tce po roce 1100. Roku 1120 sly\u0161el k\u00e1z\u00e1n\u00ed svat\u00e9ho Norberta a ihned se k n\u011bmu p\u0159ipojil. Stal se jedn\u00edm z nejv\u011brn\u011bj\u0161\u00edch Norbertov\u00fdch \u017e\u00e1k\u016f: z\u0159ejm\u011b jej doprov\u00e1zel u\u017e do Antverp a pozd\u011bji do Magdeburku a z\u016fstal s n\u00edm a\u017e do jeho smrti. Norbert s\u00e1m jej pravd\u011bpodobn\u011b vysv\u011btil na kn\u011bze.<br \/>\nKdy\u017e Norbert reformoval kolegi\u00e1tn\u00ed kapitulu u kostela Panny Marie v Magdeburku na komunitu premonstr\u00e1tsk\u00e9ho \u0159\u00e1du, byl Evermod jist\u011b p\u0159i tom. Roku 1131 Norbert zalo\u017eil kl\u00e1\u0161ter Gottesgnaden, jeho\u017e prvn\u00edm probo\u0161tem byl Emelrik. Kdy\u017e se Emelrik vydal na pou\u0165 do Svat\u00e9 zem\u011b, stal se Evermod podprobo\u0161tem a provizorem komunity. V\u011brn\u011b zachov\u00e1val pravidla \u201eOrdo monasterii\u201c, kter\u00e1 Norbert pova\u017eoval za p\u0159\u00edsn\u011bj\u0161\u00ed verzi \u0158ehole svat\u00e9ho Augustina. Evermod \u00fazce spolupracoval s Norbertem na reform\u011b kn\u011b\u017estva v Magdeburku a p\u0159i misi\u00edch u kmene Vend\u016f. St\u00e1l vedle Norbertova smrteln\u00e9ho lo\u017ee a za\u0159\u00eddil, aby byl Norbert poh\u0159ben v kostele premonstr\u00e1tsk\u00e9ho opatstv\u00ed Panny Marie v Magdeburku.<br \/>\nEvermod byl probo\u0161tem v sask\u00e9m kl\u00e1\u0161te\u0159e Gottesgnaden od roku 1134 do roku 1138. Prvn\u00ed probo\u0161t kl\u00e1\u0161tera Panny Marie v Magdeburku, Wigger, se stal biskupem v Brandenburgu a Evermod byl zvolen jeho n\u00e1stupcem &#8211; zast\u00e1val tento \u00fa\u0159ad v letech 1138 a\u017e 1154. V t\u00e9 dob\u011b zalo\u017eil premonstr\u00e1tsk\u00e1 opatstv\u00ed Havelberg, Jerichow, Quedlinburg a P\u00f6hlde.<\/p>\n<p>Roku 1154 byla obnovena diec\u00e9ze Ratzeburg, zcela zni\u010den\u00e1 roku 1066 Vendy, a Evermod se stal jej\u00edm prvn\u00edm biskupem. Tehdy zm\u011bnil nov\u011b z\u0159\u00edzenou katedr\u00e1ln\u00ed kapitulu na kapitulu premonstr\u00e1tskou. Nebylo pro n\u011bho jednoduch\u00e9 vych\u00e1zet sou\u010dasn\u011b s mocn\u00fdm velfsk\u00fdm kn\u00ed\u017eetem Jind\u0159ichem Lvem, tehdy p\u00e1nem Bavorska a Saska, na n\u011bm\u017e byl z\u00e1visl\u00fd jak politicky, tak finan\u010dn\u011b, i s Jind\u0159ichov\u00fdm protivn\u00edkem, arcibiskupem Hartvigem z diec\u00e9ze Hamburk-Br\u00e9my, kter\u00fd si jako metropolita \u010dinil na Ratzeburg n\u00e1rok, a nav\u00edc byl proti biskup\u016fm z \u0159eholn\u00edch \u0159\u00e1d\u016f. A tak musel Evermoda na biskupa vysv\u011btit mohu\u010dsk\u00fd arcibiskup Arnold &#8211; bylo to pravd\u011bpodobn\u011b 13. \u010dervence 1153. Kn\u00ed\u017ee Jind\u0159ich dal biskupovi ostrov a hrad, aby mohl postavit katedr\u00e1lu a kl\u00e1\u0161ter. Pro svou \u00fasp\u011b\u0161nou misijn\u00ed pr\u00e1ci mezi pohansk\u00fdmi kmeny b\u00fdv\u00e1 Evermod tak\u00e9 naz\u00fdv\u00e1n \u201eapo\u0161tolem Vend\u016f\u201c. Jeho diec\u00e9ze byla velmi dob\u0159e \u0159\u00edzen\u00e1, \u010dlenov\u00e9 katedr\u00e1ln\u00ed kapituly byli jeho spolubratry a biskup byl jejich probo\u0161t.<br \/>\nBiskup Evermod zem\u0159el ve vysok\u00e9m st\u00e1\u0159\u00ed 17. \u00fanora 1178. Jeho hrobka se nach\u00e1z\u00ed v presbyt\u00e1\u0159i rom\u00e1nsk\u00e9 katedr\u00e1ly v Ratzeburgu. Pape\u017e Benedikt XIII. schv\u00e1lil jeho uct\u00edv\u00e1n\u00ed 22. ledna 1728.<\/p>\n<p>Evermod je zobrazov\u00e1n jako biskup, jak k\u00e1\u017ee Vend\u016fm, s aspergilem a roztr\u017een\u00fdm \u0159et\u011bzem, se spolubrat\u0159\u00edmi u postele um\u00edraj\u00edc\u00edho sv. Norberta.<\/p>\n<\/p><\/div>\n<\/p><\/div>\n<\/p><\/div>\n<\/p><\/div>\n<\/section>\n","protected":false},"excerpt":{"rendered":"<p>Svat\u00fd Evermod Evermod se narodil v belgick\u00e9 provincii Henegavsko kr\u00e1tce po roce 1100. Roku 1120 sly\u0161el k\u00e1z\u00e1n\u00ed svat\u00e9ho Norberta a ihned se k n\u011bmu p\u0159ipojil. Stal se jedn\u00edm z nejv\u011brn\u011bj\u0161\u00edch Norbertov\u00fdch \u017e\u00e1k\u016f: z\u0159ejm\u011b jej doprov\u00e1zel u\u017e do Antverp a pozd\u011bji do Magdeburku a z\u016fstal s n\u00edm a\u017e do jeho smrti. Norbert s\u00e1m jej pravd\u011bpodobn\u011b vysv\u011btil &hellip;<\/p>\n","protected":false},"author":1,"featured_media":0,"parent":0,"menu_order":0,"comment_status":"closed","ping_status":"closed","template":"template-builder.php","meta":{"footnotes":""},"class_list":["post-847","page","type-page","status-publish","hentry"],"_links":{"self":[{"href":"https:\/\/www.klasterdoksany.net\/index.php?rest_route=\/wp\/v2\/pages\/847","targetHints":{"allow":["GET"]}}],"collection":[{"href":"https:\/\/www.klasterdoksany.net\/index.php?rest_route=\/wp\/v2\/pages"}],"about":[{"href":"https:\/\/www.klasterdoksany.net\/index.php?rest_route=\/wp\/v2\/types\/page"}],"author":[{"embeddable":true,"href":"https:\/\/www.klasterdoksany.net\/index.php?rest_route=\/wp\/v2\/users\/1"}],"replies":[{"embeddable":true,"href":"https:\/\/www.klasterdoksany.net\/index.php?rest_route=%2Fwp%2Fv2%2Fcomments&post=847"}],"version-history":[{"count":1,"href":"https:\/\/www.klasterdoksany.net\/index.php?rest_route=\/wp\/v2\/pages\/847\/revisions"}],"predecessor-version":[{"id":848,"href":"https:\/\/www.klasterdoksany.net\/index.php?rest_route=\/wp\/v2\/pages\/847\/revisions\/848"}],"wp:attachment":[{"href":"https:\/\/www.klasterdoksany.net\/index.php?rest_route=%2Fwp%2Fv2%2Fmedia&parent=847"}],"curies":[{"name":"wp","href":"https:\/\/api.w.org\/{rel}","templated":true}]}}