{"id":844,"date":"2025-08-29T10:28:17","date_gmt":"2025-08-29T08:28:17","guid":{"rendered":"http:\/\/www.klasterdoksany.net\/?page_id=844"},"modified":"2025-08-29T10:28:48","modified_gmt":"2025-08-29T08:28:48","slug":"emilie-podoska","status":"publish","type":"page","link":"https:\/\/www.klasterdoksany.net\/?page_id=844","title":{"rendered":"Emilie Podoska"},"content":{"rendered":"<section id=\"builder-section-text_11\" class=\"builder-section-first builder-section builder-section-text builder-section-last builder-text-columns-1\" style=\"background-size: cover; background-repeat: no-repeat;background-position: center center;\">\n<div class=\"builder-section-content\">\n<div class=\"builder-text-row\">\n<div class=\"builder-text-column builder-text-column-1\" id=\"builder-section-text_11-column-1\">\n<div class=\"builder-text-content\">\n<h2>Emilie Podoska<\/h2>\n<p>Em\u00edlie se narodila 7. z\u00e1\u0159\u00ed 1845 v Graj\u00f3w\u011b bl\u00edzko Wieliczky. Byla jeden\u00e1ct\u00fdm ze \u0161estn\u00e1cti d\u011bt\u00ed sv\u00fdch rodi\u010d\u016f. Rodina byla velmi zbo\u017en\u00e1 a vlasteneck\u00e1. Po ukon\u010den\u00ed \u0161koln\u00ed doch\u00e1zky u sester franti\u0161k\u00e1nek, vstoupila roku 1872 do premonstr\u00e1tsk\u00e9ho kl\u00e1\u0161tera v Krakov\u011b. T\u0159i roky u\u010dila na \u0161kole sester a potom byla p\u011bt let jej\u00ed \u0159editelkou. Od roku 1886 a\u017e do sv\u00e9 smrti byla novicmistrovou.<\/p>\n<p>Stav\u011bla si vysok\u00e9 duchovn\u00ed c\u00edle a ke spolusestr\u00e1m se chovala v\u017edy velmi laskav\u011b. V\u011brn\u011b zachov\u00e1vala \u0158eholi \u0159\u00e1du a m\u011bla pochopen\u00ed pro pot\u0159eby druh\u00fdch. Ho\u0159ela l\u00e1skou ke Kristu v eucharistii a uchov\u00e1vala si velkou d\u016fv\u011bru v Matku Bo\u017e\u00ed. Em\u00edlie si p\u0159\u00e1la vr\u00e1tit se k p\u0159\u00edsn\u011bj\u0161\u00edm observanc\u00edm d\u0159\u00edv\u011bj\u0161\u00ed verze \u0158ehole a byla odhodl\u00e1na za\u010d\u00edt tyto reformy prov\u00e1d\u011bt v kl\u00e1\u0161te\u0159e. V\u011bd\u011bla, \u017ee se toho ned\u00e1 dos\u00e1hnout pouze slovy, proto\u017ee lid\u00e9 si obvykle hledaj\u00ed v\u00fdmluvy, aby nemuseli sv\u00e9 z\u00e1vazky plnit.<br \/>\nPodle Kristova p\u0159\u00edkladu si p\u0159\u00e1la zcela se vydat za ob\u011b\u0165. Dala sv\u016fj \u017eivot za reformu \u0159\u00e1du: \u201eS\u00e1m sebe za n\u011b posv\u011bcuji, aby i oni byli vpravd\u011b posv\u011bceni\u201c (Jan 17,19).<br \/>\nP\u0159es jej\u00ed rty nikdy nep\u0159e\u0161la \u017e\u00e1dn\u00e1 st\u00ed\u017enost. Jej\u00ed chov\u00e1n\u00ed bylo v\u017edy jemn\u00e9, ale rozhodn\u00e9. Byla vesel\u00e9 povahy a p\u0159\u00e1telsk\u00e1 ke ka\u017ed\u00e9mu.<br \/>\nRoku 1889 onemocn\u011bla t\u011b\u017ek\u00fdm z\u00e1palem plic a potom tuberkul\u00f3zou. Ve sv\u00e9m utrpen\u00ed se \u010dasto modlila: \u201eO\u010disti m\u011b, \u00f3 Pane, abych nemusela b\u00fdt o\u010di\u0161\u0165ov\u00e1na a\u017e na v\u011b\u010dnosti.\u201c P\u0159\u00e1la si, aby j\u00ed byla ke smrteln\u00e9mu lo\u017ei p\u0159inesena \u0158ehole a Statuta \u0159\u00e1du. \u201ePro n\u011b si p\u0159eji zem\u0159\u00edt,\u201c \u0159ekla. Zem\u0159ela 22. kv\u011btna 1889 ve v\u011bku 44 let. H\u00e1bit svat\u00e9ho Norberta nosila 17 let.<\/p>\n<p>P\u00e1n ob\u011b\u0165 jej\u00edho \u017eivota p\u0159ijal: \u201eZrno, kter\u00e9 padne do dobr\u00e9 zem\u011b, d\u00e1 mnohon\u00e1sobn\u00fd u\u017eitek\u201c (srov. Mt 13, 8). Jej\u00ed smrt znamenala pro \u0159eholn\u00ed komunitu na Zwierzynieci rozhoduj\u00edc\u00ed obrat.<br \/>\n17. b\u0159ezna 1993 byl v Krakov\u011b zah\u00e1jen diec\u00e9zn\u00ed proces jej\u00edho blaho\u0159e\u010den\u00ed, kter\u00fd skon\u010dil v z\u00e1\u0159\u00ed 1994. V kv\u011btnu 1994 byl otev\u0159en jej\u00ed hrob a ostatky byly p\u0159eneseny do kl\u00e1\u0161tern\u00edho kostela.<\/p>\n<p><strong>Modlitba za jej\u00ed blaho\u0159e\u010den\u00ed:<\/strong><br \/>\n<em>Bo\u017ee, n\u00e1\u0161 Ot\u010de, ty n\u00e1m ukazuje\u0161 svou dobrotu skrze p\u0159\u00edmluvu sv\u00fdch svat\u00fdch. Vysly\u0161 moji modlitbu na p\u0159\u00edmluvu sv\u00e9 slu\u017eebnice Em\u00edlie.<br \/>\nUd\u011bl mi milost \u2026\u2026.. , o ni\u017e t\u011b sna\u017en\u011b pros\u00edm. Podle jej\u00edho p\u0159\u00edkladu mi dej, abych Ti v\u011brn\u011b slou\u017eil, opravdov\u011b T\u011b miloval a plnil sv\u00e9 povinnosti, jak nejl\u00e9pe dok\u00e1\u017eu. Skrze Krista, na\u0161eho P\u00e1na. Amen.<\/em><\/p>\n<\/p><\/div>\n<\/p><\/div>\n<\/p><\/div>\n<\/p><\/div>\n<\/section>\n","protected":false},"excerpt":{"rendered":"<p>Emilie Podoska Em\u00edlie se narodila 7. z\u00e1\u0159\u00ed 1845 v Graj\u00f3w\u011b bl\u00edzko Wieliczky. Byla jeden\u00e1ct\u00fdm ze \u0161estn\u00e1cti d\u011bt\u00ed sv\u00fdch rodi\u010d\u016f. Rodina byla velmi zbo\u017en\u00e1 a vlasteneck\u00e1. Po ukon\u010den\u00ed \u0161koln\u00ed doch\u00e1zky u sester franti\u0161k\u00e1nek, vstoupila roku 1872 do premonstr\u00e1tsk\u00e9ho kl\u00e1\u0161tera v Krakov\u011b. T\u0159i roky u\u010dila na \u0161kole sester a potom byla p\u011bt let jej\u00ed \u0159editelkou. Od roku &hellip;<\/p>\n","protected":false},"author":1,"featured_media":0,"parent":0,"menu_order":0,"comment_status":"closed","ping_status":"closed","template":"template-builder.php","meta":{"footnotes":""},"class_list":["post-844","page","type-page","status-publish","hentry"],"_links":{"self":[{"href":"https:\/\/www.klasterdoksany.net\/index.php?rest_route=\/wp\/v2\/pages\/844","targetHints":{"allow":["GET"]}}],"collection":[{"href":"https:\/\/www.klasterdoksany.net\/index.php?rest_route=\/wp\/v2\/pages"}],"about":[{"href":"https:\/\/www.klasterdoksany.net\/index.php?rest_route=\/wp\/v2\/types\/page"}],"author":[{"embeddable":true,"href":"https:\/\/www.klasterdoksany.net\/index.php?rest_route=\/wp\/v2\/users\/1"}],"replies":[{"embeddable":true,"href":"https:\/\/www.klasterdoksany.net\/index.php?rest_route=%2Fwp%2Fv2%2Fcomments&post=844"}],"version-history":[{"count":2,"href":"https:\/\/www.klasterdoksany.net\/index.php?rest_route=\/wp\/v2\/pages\/844\/revisions"}],"predecessor-version":[{"id":846,"href":"https:\/\/www.klasterdoksany.net\/index.php?rest_route=\/wp\/v2\/pages\/844\/revisions\/846"}],"wp:attachment":[{"href":"https:\/\/www.klasterdoksany.net\/index.php?rest_route=%2Fwp%2Fv2%2Fmedia&parent=844"}],"curies":[{"name":"wp","href":"https:\/\/api.w.org\/{rel}","templated":true}]}}