{"id":837,"date":"2025-08-28T20:42:21","date_gmt":"2025-08-28T18:42:21","guid":{"rendered":"http:\/\/www.klasterdoksany.net\/?page_id=837"},"modified":"2025-08-28T20:42:21","modified_gmt":"2025-08-28T18:42:21","slug":"bedrich","status":"publish","type":"page","link":"https:\/\/www.klasterdoksany.net\/?page_id=837","title":{"rendered":"Bed\u0159ich"},"content":{"rendered":"<section id=\"builder-section-text_11\" class=\"builder-section-first builder-section builder-section-text builder-section-last builder-text-columns-1\" style=\"background-size: cover; background-repeat: no-repeat;background-position: center center;\">\n<div class=\"builder-section-content\">\n<div class=\"builder-text-row\">\n<div class=\"builder-text-column builder-text-column-1\" id=\"builder-section-text_11-column-1\">\n<div class=\"builder-text-content\">\n<h2>Svat\u00fd Bed\u0159ich<\/h2>\n<p>Bed\u0159ich (nebo Feikone) byl synem vdovy z Hallumu ve Fr\u00edsku. Jeho kn\u011b\u017esk\u00e9 povol\u00e1n\u00ed bylo mo\u017eno rozpoznat u\u017e v d\u011btstv\u00ed a tamn\u00ed far\u00e1\u0159 mu d\u00e1val prvn\u00ed hodiny latiny. Potom studoval svobodn\u00e1 um\u011bn\u00ed a P\u00edsmo svat\u00e9 v M\u00fcnsteru. Bed\u0159ich zvl\u00e1\u0161t\u011b uct\u00edval blahoslavenou Pannu Marii, svat\u00e9ho Jana Evangelistu a svatou Cec\u00edlii. Po n\u00e1vratu z M\u00fcnsteru se stal u\u010ditelem, a kdy\u017e dos\u00e1hl p\u0159edepsan\u00e9ho v\u011bku, byl vysv\u011bcen na kn\u011bze. Stal se kaplanem far\u00e1\u0159e v Hallumu a pozd\u011bji nastoupil na jeho m\u00edsto.<\/p>\n<p>Bed\u0159ich m\u011bl v \u00famyslu vybudovat \u0161pit\u00e1l, a proto po smrti sv\u00e9 matky po\u017e\u00e1dal biskupa z Utrechtu o dovolen\u00ed zalo\u017eit kl\u00e1\u0161ter kanovn\u00edk\u016f. Vydal se kv\u016fli tomu do Marienweerd, aby se nau\u010dil \u0159eholn\u00edmu \u017eivotu. Pot\u00e9 putoval po m\u011bstech a vesnic\u00edch a hledal dal\u0161\u00ed bratry a sestry.<\/p>\n<p>Roku 1163 vystav\u011bl kl\u00e1\u0161ter jm\u00e9nem \u201eMariengaarde\u201c s kostelem zasv\u011bcen\u00fdm Pann\u011b Marii. Nejprve \u017eili brat\u0159i a sestry v jedn\u00e9 budov\u011b, ale sestry se brzy p\u0159est\u011bhovaly do Betlehem. Bed\u0159ich se pak vydal do Steinfeldu, aby se p\u0159ipojil se sv\u00fdm kl\u00e1\u0161terem k premonstr\u00e1tsk\u00e9mu \u0159\u00e1du. Bed\u0159ich byl sou\u010dasn\u011b opatem, far\u00e1\u0159em v Hallumu a rektorem kl\u00e1\u0161tera Betlehem. U opatstv\u00ed byl zalo\u017een semin\u00e1\u0159 pro vzd\u011bl\u00e1v\u00e1n\u00ed budouc\u00edch kn\u011b\u017e\u00ed, kter\u00fd zakr\u00e1tko proslul svou vysokou \u00farovn\u00ed.<\/p>\n<p>P\u0159i jednom ze sv\u00fdch pobyt\u016f v Betlehem Bed\u0159ich onemocn\u011bl a musel se vr\u00e1tit do Hallumu. V kostele, kde slou\u017eil prvn\u00ed m\u0161i, odslou\u017eil tak\u00e9 svou posledn\u00ed. Po m\u0161i se odebral do opatstv\u00ed, aby tam zem\u0159el. Spolubratr\u016fm \u0159ekl: \u201eModlete se za mne, jeliko\u017e jsem nedok\u00e1zal pe\u010dovat o chud\u00e1ky tak, jak bych si p\u0159\u00e1l, nebo\u0165 n\u00e1\u0161 kl\u00e1\u0161ter je tak chud\u00fd.\u201c Prosil je, aby zachov\u00e1vali \u0158eholi a uji\u0161\u0165oval je, \u017ee je nikdy neopust\u00ed, pokud z\u016fstanou v\u011brn\u00ed. Zem\u0159el 3. b\u0159ezna 1175.<br \/>\nNa jeho hrob\u011b se stalo tolik z\u00e1zrak\u016f, \u017ee se kostel v Mariengaarde stal hojn\u011b nav\u0161t\u011bvovan\u00fdm poutn\u00edm m\u00edstem. Roku 1614 b\u011bhem kalvinistick\u00e9 vl\u00e1dy ve Fr\u00edsku p\u0159evezl opat Mikul\u00e1\u0161 Chamart jeho ostatky do Bonne-Esp\u00e9rance, kde byly roku 1616 ulo\u017eeny v kostele opatstv\u00ed. B\u011bhem Francouzsk\u00e9 revoluce byly p\u0159eneseny do Vellereille a roku 1938, za opata Bouvense, do Leffe u Dinantu.<br \/>\nPape\u017e Benedikt XII. schv\u00e1lil Bed\u0159ichovo uct\u00edv\u00e1n\u00ed 22. \u00fanora 1728.<\/p>\n<p>Bed\u0159ich je zobrazov\u00e1n jako opat, zakladatel a stavitel, s kv\u011btinami v rukou a Mariin\u00fdm monogramem.<\/p>\n<\/p><\/div>\n<\/p><\/div>\n<\/p><\/div>\n<\/p><\/div>\n<\/section>\n","protected":false},"excerpt":{"rendered":"<p>Svat\u00fd Bed\u0159ich Bed\u0159ich (nebo Feikone) byl synem vdovy z Hallumu ve Fr\u00edsku. Jeho kn\u011b\u017esk\u00e9 povol\u00e1n\u00ed bylo mo\u017eno rozpoznat u\u017e v d\u011btstv\u00ed a tamn\u00ed far\u00e1\u0159 mu d\u00e1val prvn\u00ed hodiny latiny. Potom studoval svobodn\u00e1 um\u011bn\u00ed a P\u00edsmo svat\u00e9 v M\u00fcnsteru. Bed\u0159ich zvl\u00e1\u0161t\u011b uct\u00edval blahoslavenou Pannu Marii, svat\u00e9ho Jana Evangelistu a svatou Cec\u00edlii. Po n\u00e1vratu z M\u00fcnsteru se &hellip;<\/p>\n","protected":false},"author":1,"featured_media":0,"parent":0,"menu_order":0,"comment_status":"closed","ping_status":"closed","template":"template-builder.php","meta":{"footnotes":""},"class_list":["post-837","page","type-page","status-publish","hentry"],"_links":{"self":[{"href":"https:\/\/www.klasterdoksany.net\/index.php?rest_route=\/wp\/v2\/pages\/837","targetHints":{"allow":["GET"]}}],"collection":[{"href":"https:\/\/www.klasterdoksany.net\/index.php?rest_route=\/wp\/v2\/pages"}],"about":[{"href":"https:\/\/www.klasterdoksany.net\/index.php?rest_route=\/wp\/v2\/types\/page"}],"author":[{"embeddable":true,"href":"https:\/\/www.klasterdoksany.net\/index.php?rest_route=\/wp\/v2\/users\/1"}],"replies":[{"embeddable":true,"href":"https:\/\/www.klasterdoksany.net\/index.php?rest_route=%2Fwp%2Fv2%2Fcomments&post=837"}],"version-history":[{"count":1,"href":"https:\/\/www.klasterdoksany.net\/index.php?rest_route=\/wp\/v2\/pages\/837\/revisions"}],"predecessor-version":[{"id":838,"href":"https:\/\/www.klasterdoksany.net\/index.php?rest_route=\/wp\/v2\/pages\/837\/revisions\/838"}],"wp:attachment":[{"href":"https:\/\/www.klasterdoksany.net\/index.php?rest_route=%2Fwp%2Fv2%2Fmedia&parent=837"}],"curies":[{"name":"wp","href":"https:\/\/api.w.org\/{rel}","templated":true}]}}