{"id":829,"date":"2025-08-28T20:17:51","date_gmt":"2025-08-28T18:17:51","guid":{"rendered":"http:\/\/www.klasterdoksany.net\/?page_id=829"},"modified":"2026-01-08T15:48:42","modified_gmt":"2026-01-08T14:48:42","slug":"aktualni","status":"publish","type":"page","link":"https:\/\/www.klasterdoksany.net\/?page_id=829","title":{"rendered":"Aktu\u00e1ln\u00ed"},"content":{"rendered":"<section id=\"builder-section-text_11\" class=\"builder-section-first builder-section builder-section-text builder-section-last builder-text-columns-1\" style=\"background-size: cover; background-repeat: no-repeat;background-position: center center;\">\n<div class=\"builder-section-content\">\n<div class=\"builder-text-row\">\n<div class=\"builder-text-column builder-text-column-1\" id=\"builder-section-text_11-column-1\">\n<div class=\"builder-text-content\">\n<p><img loading=\"lazy\" decoding=\"async\" class=\"aligncenter size-full wp-image-555\" src=\"http:\/\/www.klasterdoksany.net\/wp-content\/uploads\/KlasterDoksany\/DSC_3080_edited.jpg\" alt=\"\" width=\"979\" height=\"391\" srcset=\"https:\/\/www.klasterdoksany.net\/wp-content\/uploads\/KlasterDoksany\/DSC_3080_edited.jpg 979w, https:\/\/www.klasterdoksany.net\/wp-content\/uploads\/KlasterDoksany\/DSC_3080_edited-300x120.jpg 300w, https:\/\/www.klasterdoksany.net\/wp-content\/uploads\/KlasterDoksany\/DSC_3080_edited-768x307.jpg 768w\" sizes=\"auto, (max-width: 979px) 100vw, 979px\" \/><\/p>\n<p><center><\/p>\n<p><\/center><\/p>\n<p><strong>Jakmile budeme m\u00edt n\u011bco dal\u0161\u00edho ke sd\u011blen\u00ed, r\u00e1dy to sem nap\u00ed\u0161eme<\/strong>.<\/p>\n<p>T\u00e9\u017e se m\u016f\u017eete pod\u00edvat na str\u00e1nky farnosti: <a href=\"https:\/\/www.farnostdoksany.cz\">www.farnostdoksany.cz<\/a><\/p>\n<\/p><\/div>\n<\/p><\/div>\n<\/p><\/div>\n<div class=\"builder-text-row\">\n<div class=\"builder-text-column builder-text-column-2\" id=\"builder-section-text_11-column-1\">\n<div class=\"builder-text-content\">\n\t\t\t\t\t\t\t\t\t\t\t<\/div>\n<\/p><\/div>\n<\/p><\/div>\n<div class=\"builder-text-row\">\n<div class=\"builder-text-column builder-text-column-3\" id=\"builder-section-text_11-column-1\">\n<div class=\"builder-text-content\">\n\t\t\t\t\t\t\t\t\t\t\t<\/div>\n<\/p><\/div>\n<\/p><\/div>\n<\/p><\/div>\n<\/section>\n","protected":false},"excerpt":{"rendered":"<p>Jakmile budeme m\u00edt n\u011bco dal\u0161\u00edho ke sd\u011blen\u00ed, r\u00e1dy to sem nap\u00ed\u0161eme. T\u00e9\u017e se m\u016f\u017eete pod\u00edvat na str\u00e1nky farnosti: www.farnostdoksany.cz<\/p>\n","protected":false},"author":1,"featured_media":0,"parent":0,"menu_order":0,"comment_status":"closed","ping_status":"closed","template":"template-builder.php","meta":{"footnotes":""},"class_list":["post-829","page","type-page","status-publish","hentry"],"_links":{"self":[{"href":"https:\/\/www.klasterdoksany.net\/index.php?rest_route=\/wp\/v2\/pages\/829","targetHints":{"allow":["GET"]}}],"collection":[{"href":"https:\/\/www.klasterdoksany.net\/index.php?rest_route=\/wp\/v2\/pages"}],"about":[{"href":"https:\/\/www.klasterdoksany.net\/index.php?rest_route=\/wp\/v2\/types\/page"}],"author":[{"embeddable":true,"href":"https:\/\/www.klasterdoksany.net\/index.php?rest_route=\/wp\/v2\/users\/1"}],"replies":[{"embeddable":true,"href":"https:\/\/www.klasterdoksany.net\/index.php?rest_route=%2Fwp%2Fv2%2Fcomments&post=829"}],"version-history":[{"count":7,"href":"https:\/\/www.klasterdoksany.net\/index.php?rest_route=\/wp\/v2\/pages\/829\/revisions"}],"predecessor-version":[{"id":1174,"href":"https:\/\/www.klasterdoksany.net\/index.php?rest_route=\/wp\/v2\/pages\/829\/revisions\/1174"}],"wp:attachment":[{"href":"https:\/\/www.klasterdoksany.net\/index.php?rest_route=%2Fwp%2Fv2%2Fmedia&parent=829"}],"curies":[{"name":"wp","href":"https:\/\/api.w.org\/{rel}","templated":true}]}}