{"id":787,"date":"2025-08-28T19:24:40","date_gmt":"2025-08-28T17:24:40","guid":{"rendered":"http:\/\/www.klasterdoksany.net\/?page_id=787"},"modified":"2025-08-28T19:24:40","modified_gmt":"2025-08-28T17:24:40","slug":"adrian-a-jakub","status":"publish","type":"page","link":"https:\/\/www.klasterdoksany.net\/?page_id=787","title":{"rendered":"Adri\u00e1n a Jakub"},"content":{"rendered":"<section id=\"builder-section-text_11\" class=\"builder-section-first builder-section builder-section-text builder-section-last builder-text-columns-1\" style=\"background-size: cover; background-repeat: no-repeat;background-position: center center;\">\n<div class=\"builder-section-content\">\n<div class=\"builder-text-row\">\n<div class=\"builder-text-column builder-text-column-1\" id=\"builder-section-text_11-column-1\">\n<div class=\"builder-text-content\">\n<h2>Svat\u00ed Adri\u00e1n a Jakub<\/h2>\n<p>9. \u010dervence 1572 kalv\u00ednci ve m\u011bst\u011b Gorcum ob\u011bsili devaten\u00e1ct kn\u011b\u017e\u00ed a \u0159eholn\u00edk\u016f pro jejich v\u011brnost katolick\u00e9 c\u00edrkvi. Mezi nimi byli i dva synov\u00e9 svat\u00e9ho Norberta.<\/p>\n<p>Adri\u00e1n Jansen, zvan\u00fd Becanus, se narodil roku 1529 v Hilvarenbeeku a v patn\u00e1cti letech vstoupil do opatstv\u00ed Middelburg. Stal se tam novicmistrem a kaplanem, potom byl roku 1560 jmenov\u00e1n far\u00e1\u0159em v Agterkerke a roku 1572 v Monsteru. Adri\u00e1n byl p\u0159\u00edkladn\u00fdm kn\u011bzem, \u010destn\u00fdm a zap\u00e1len\u00fdm pro apo\u0161tolskou pr\u00e1ci ve sv\u00e9 farnosti, kde \u017eilo tak\u00e9 n\u011bkolik kalv\u00ednc\u016f.<\/p>\n<p>Jakub Lacoupe, rovn\u011b\u017e kanovn\u00edk z Middelburgu, se narodil roku 1542 v Oudenaarde. Byl to inteligentn\u00ed mlad\u00fd mu\u017e s velk\u00fdm osobn\u00edm kouzlem, a snadno dosa\u017een\u00e9 \u00fasp\u011bchy mu pon\u011bkud stouply do hlavy. Jeho \u0159eholn\u00ed \u017eivot byl tedy pouze pr\u016fm\u011brn\u00fd. Kdy\u017e roku 1566 kalv\u00ednci obsadili opatstv\u00ed, Jakub, tehdy \u010dty\u0159iadvacetilet\u00fd, se spolu s dal\u0161\u00edmi dv\u011bma bratry z\u0159ekl v\u00edry. Jeho otec a bratr, kter\u00fd byl rovn\u011b\u017e premonstr\u00e1tem, jej p\u0159im\u011bli, aby si v\u0161e znovu uv\u00e1\u017eil, a on se nakonec, zasa\u017een Bo\u017e\u00ed milost\u00ed, vr\u00e1til do opatstv\u00ed. Po\u017e\u00e1dal bratry o odpu\u0161t\u011bn\u00ed za to, \u017ee napsal pamflet proti katolick\u00e9 v\u00ed\u0159e a stal se protestantsk\u00fdm pastorem, a oni jej laskav\u011b p\u0159ijali zp\u011bt. O p\u011bt let pozd\u011bji jej opat jmenoval kaplanem v Monsteru, kde byl far\u00e1\u0159em jeho bratr. Jakub s n\u00edm \u017eil na fa\u0159e. Roku 1572 jeho bratr zem\u0159el a far\u00e1\u0159em byl ustanoven Adri\u00e1n Jansen. V \u010dervenci roku 1572 revolucion\u00e1\u0159i za\u00fato\u010dili na faru a oba kn\u011bze uv\u011bznili.<\/p>\n<p>Stejn\u00fd osud potkal sedmn\u00e1ct dal\u0161\u00edch kn\u011b\u017e\u00ed a \u0159eholn\u00edk\u016f. Vedli je ulicemi m\u011bsta a \u0159vouc\u00ed dav je ur\u00e1\u017eel a bil. Byli uv\u011bzn\u011bni a postaveni p\u0159ed soud, kde state\u010dn\u011b h\u00e1jili u\u010den\u00ed o eucharistii a vyznali svou v\u011brnost pape\u017esk\u00e9mu \u00fa\u0159adu. I kdy\u017e byl Adri\u00e1n zvykl\u00fd diskutovat s kac\u00ed\u0159i, byl to hlavn\u011b Jakub, kdo p\u0159ed soudem obhajoval v\u00edru a c\u00edrkev. V\u0161ichni byli mu\u010deni a tr\u00fdzn\u011bni hladem.<br \/>\n9. \u010dervence 1572 Adri\u00e1n a Jakub dos\u00e1hli spolu s ostatn\u00edmi mu\u010dednick\u00e9 koruny. Adri\u00e1n se do\u017eil 43 a Jakub 30 let. Byli blaho\u0159e\u010deni pape\u017eem Klementem X. 24. listopadu 1675 a svato\u0159e\u010deni Piem IX. 29. \u010dervna 1867.<\/p>\n<p>Ostatky gorcumsk\u00fdch mu\u010dedn\u00edk\u016f se nach\u00e1zej\u00ed v Gorcumu, Bruselu a Averbode.<br \/>\nAdri\u00e1n a Jakub jsou zobrazov\u00e1ni jako premonstr\u00e1ti, s opr\u00e1tkou, u \u0161ibenice, s ti\u00e1rou, kalichem, monstranc\u00ed, knihou a palmou v\u00edt\u011bzstv\u00ed.<\/p>\n<\/p><\/div>\n<\/p><\/div>\n<\/p><\/div>\n<\/p><\/div>\n<\/section>\n","protected":false},"excerpt":{"rendered":"<p>Svat\u00ed Adri\u00e1n a Jakub 9. \u010dervence 1572 kalv\u00ednci ve m\u011bst\u011b Gorcum ob\u011bsili devaten\u00e1ct kn\u011b\u017e\u00ed a \u0159eholn\u00edk\u016f pro jejich v\u011brnost katolick\u00e9 c\u00edrkvi. Mezi nimi byli i dva synov\u00e9 svat\u00e9ho Norberta. Adri\u00e1n Jansen, zvan\u00fd Becanus, se narodil roku 1529 v Hilvarenbeeku a v patn\u00e1cti letech vstoupil do opatstv\u00ed Middelburg. Stal se tam novicmistrem a kaplanem, potom byl &hellip;<\/p>\n","protected":false},"author":1,"featured_media":0,"parent":0,"menu_order":0,"comment_status":"closed","ping_status":"closed","template":"template-builder.php","meta":{"footnotes":""},"class_list":["post-787","page","type-page","status-publish","hentry"],"_links":{"self":[{"href":"https:\/\/www.klasterdoksany.net\/index.php?rest_route=\/wp\/v2\/pages\/787","targetHints":{"allow":["GET"]}}],"collection":[{"href":"https:\/\/www.klasterdoksany.net\/index.php?rest_route=\/wp\/v2\/pages"}],"about":[{"href":"https:\/\/www.klasterdoksany.net\/index.php?rest_route=\/wp\/v2\/types\/page"}],"author":[{"embeddable":true,"href":"https:\/\/www.klasterdoksany.net\/index.php?rest_route=\/wp\/v2\/users\/1"}],"replies":[{"embeddable":true,"href":"https:\/\/www.klasterdoksany.net\/index.php?rest_route=%2Fwp%2Fv2%2Fcomments&post=787"}],"version-history":[{"count":1,"href":"https:\/\/www.klasterdoksany.net\/index.php?rest_route=\/wp\/v2\/pages\/787\/revisions"}],"predecessor-version":[{"id":788,"href":"https:\/\/www.klasterdoksany.net\/index.php?rest_route=\/wp\/v2\/pages\/787\/revisions\/788"}],"wp:attachment":[{"href":"https:\/\/www.klasterdoksany.net\/index.php?rest_route=%2Fwp%2Fv2%2Fmedia&parent=787"}],"curies":[{"name":"wp","href":"https:\/\/api.w.org\/{rel}","templated":true}]}}