{"id":756,"date":"2025-08-28T09:40:39","date_gmt":"2025-08-28T07:40:39","guid":{"rendered":"http:\/\/www.klasterdoksany.net\/?page_id=756"},"modified":"2025-12-02T15:44:12","modified_gmt":"2025-12-02T14:44:12","slug":"svetci","status":"publish","type":"page","link":"https:\/\/www.klasterdoksany.net\/?page_id=756","title":{"rendered":"Sv\u011btci"},"content":{"rendered":"<section id=\"builder-section-text_45\" class=\"builder-section-first builder-section builder-section-text builder-section-next-text builder-text-columns-1\" style=\"background-size: cover; background-repeat: no-repeat;background-position: center center;\">\n<div class=\"builder-section-content\">\n<div class=\"builder-text-row\">\n<div class=\"builder-text-column builder-text-column-1\" id=\"builder-section-text_45-column-1\">\n<div class=\"builder-text-content\">\n<p><center><\/p>\n<h2>Na\u0161i Otcov\u00e9 svat\u00fd Augustin a svat\u00fd Norbert<\/h2>\n<p><\/center><\/p>\n<\/p><\/div>\n<\/p><\/div>\n<\/p><\/div>\n<\/p><\/div>\n<\/section>\n<section id=\"builder-section-text_25\" class=\"builder-section-prev-text builder-section builder-section-text builder-section-next-text builder-text-columns-2\" style=\"background-size: cover; background-repeat: no-repeat;background-position: center center;\">\n<div class=\"builder-section-content\">\n<div class=\"builder-text-row\">\n<div class=\"builder-text-column builder-text-column-1\" id=\"builder-section-text_25-column-1\">\n<div class=\"builder-text-content\">\n<p><img loading=\"lazy\" decoding=\"async\" src=\"http:\/\/www.klasterdoksany.net\/wp-content\/uploads\/KlasterDoksany\/0B200290.jpg\" alt=\"\" width=\"374\" height=\"463\" \/><br \/>\nSvat\u00fd Augustin &#8211; autor \u0158ehole<\/p>\n<\/p><\/div>\n<\/p><\/div>\n<div class=\"builder-text-column builder-text-column-2\" id=\"builder-section-text_25-column-2\">\n<div class=\"builder-text-content\">\n<p><img loading=\"lazy\" decoding=\"async\" src=\"http:\/\/www.klasterdoksany.net\/wp-content\/uploads\/KlasterDoksany\/0B200293.jpg\" alt=\"\" width=\"375\" height=\"464\" \/><br \/>\nSvat\u00fd Norbert &#8211; zakladatel \u0158\u00e1du<\/p>\n<\/p><\/div>\n<\/p><\/div>\n<\/p><\/div>\n<\/p><\/div>\n<\/section>\n<section id=\"builder-section-text_11\" class=\"builder-section-prev-text builder-section builder-section-text builder-section-last builder-text-columns-1\" style=\"background-size: cover; background-repeat: no-repeat;background-position: center center;\">\n<div class=\"builder-section-content\">\n<div class=\"builder-text-row\">\n<div class=\"builder-text-column builder-text-column-1\" id=\"builder-section-text_11-column-1\">\n<div class=\"builder-text-content\">\n<p><strong>Kalend\u00e1\u0159 sv\u011btc\u016f<\/strong><br \/>14. ledna\u2013 <strong><a href=\"https:\/\/www.klasterdoksany.net\/?page_id=859\">Svat\u00fd Gotfr\u00edd<\/a><\/strong>, \u0159eholn\u00edk<br \/>4. \u00fanora\u2013 <a href=\"https:\/\/www.klasterdoksany.net\/?page_id=837\"><strong>Svat\u00fd Bed\u0159ich<\/strong><\/a>, opat<br \/>10. \u00fanora\u2013 <a href=\"https:\/\/www.klasterdoksany.net\/?page_id=866\"><strong>Blahoslaven\u00fd Hugo de Fosses<\/strong><\/a>, prvn\u00ed opat v Pr\u00e9montr\u00e9<br \/>17. \u00fanora\u2013<a href=\"https:\/\/www.klasterdoksany.net\/?page_id=847\"> <strong>Svat\u00fd Evermod<\/strong><\/a>, biskup<br \/>26. dubna\u2013<a href=\"https:\/\/www.klasterdoksany.net\/?page_id=874\"> <strong>Svat\u00fd Ludolf<\/strong><\/a>, biskup a mu\u010dedn\u00edk<br \/>24. kv\u011btna\u2013 <a href=\"https:\/\/www.klasterdoksany.net\/?page_id=861\"><strong>Svat\u00fd He\u0159man Josef<\/strong><\/a>, kn\u011bz<br \/>6. \u010dervna\u2013 <a href=\"https:\/\/www.klasterdoksany.net\/?page_id=887\"><strong>Svat\u00fd Norbert<\/strong><\/a>, biskup a zakladatel premonstr\u00e1tsk\u00e9ho \u0159\u00e1du<br \/>15. \u010dervna\u2013 <a href=\"https:\/\/www.klasterdoksany.net\/?page_id=868\"><strong>Svat\u00fd Isfr\u00edd<\/strong><\/a>, biskup<br \/>9. \u010dervence\u2013 <a href=\"https:\/\/www.klasterdoksany.net\/?page_id=787\"><strong>Svat\u00ed Adri\u00e1n a Jakub<\/strong><\/a>, kn\u011b\u017e\u00ed a mu\u010dedn\u00edci<br \/>14. \u010dervence\u2013 <a href=\"https:\/\/www.klasterdoksany.net\/?page_id=863\"><strong>Blahoslaven\u00fd Hroznata<\/strong><\/a>, zakladatel kl\u00e1\u0161tera v Tepl\u00e9 a mu\u010dedn\u00edk<br \/>13. srpna\u2013 <a href=\"https:\/\/www.klasterdoksany.net\/?page_id=852\"><strong>Blahoslaven\u00e1 Gertruda<\/strong><\/a>, panna<br \/>28. srpna\u2013 <a href=\"https:\/\/www.klasterdoksany.net\/?page_id=835\"><strong>Svat\u00fd Augustin<\/strong><\/a>, biskup a u\u010ditel c\u00edrkve, autor \u0158ehole<br \/>30. srpna\u2013 <a href=\"https:\/\/www.klasterdoksany.net\/?page_id=842\"><strong>Blahoslaven\u00e1 Bronislava<\/strong><\/a>, panna<br \/>13. \u0159\u00edjna\u2013 <a href=\"https:\/\/www.klasterdoksany.net\/?page_id=892\"><strong>Blahoslaven\u00fd Petr-Adri\u00e1n Toulorge<\/strong><\/a>, mu\u010dedn\u00edk<br \/>20. \u0159\u00edjna\u2013 <a href=\"https:\/\/www.klasterdoksany.net\/?page_id=870\"><strong>Blahoslaven\u00fd Jakub Kern<\/strong><\/a>, kn\u011bz<br \/>26. \u0159\u00edjna\u2013 <a href=\"https:\/\/www.klasterdoksany.net\/?page_id=857\"><strong>Svat\u00fd Gilbert<\/strong><\/a>, opat<br \/>14. listopadu\u2013 <a href=\"https:\/\/www.klasterdoksany.net\/?page_id=898\"><strong>Sv. Siard<\/strong><\/a>, opat<\/p>\n<\/p><\/div>\n<\/p><\/div>\n<\/p><\/div>\n<\/p><\/div>\n<\/section>\n","protected":false},"excerpt":{"rendered":"<p>Na\u0161i Otcov\u00e9 svat\u00fd Augustin a svat\u00fd Norbert Svat\u00fd Augustin &#8211; autor \u0158ehole Svat\u00fd Norbert &#8211; zakladatel \u0158\u00e1du Kalend\u00e1\u0159 sv\u011btc\u016f14. ledna\u2013 Svat\u00fd Gotfr\u00edd, \u0159eholn\u00edk4. \u00fanora\u2013 Svat\u00fd Bed\u0159ich, opat10. \u00fanora\u2013 Blahoslaven\u00fd Hugo de Fosses, prvn\u00ed opat v Pr\u00e9montr\u00e917. \u00fanora\u2013 Svat\u00fd Evermod, biskup26. dubna\u2013 Svat\u00fd Ludolf, biskup a mu\u010dedn\u00edk24. kv\u011btna\u2013 Svat\u00fd He\u0159man Josef, kn\u011bz6. \u010dervna\u2013 Svat\u00fd Norbert, biskup &hellip;<\/p>\n","protected":false},"author":1,"featured_media":0,"parent":0,"menu_order":0,"comment_status":"closed","ping_status":"closed","template":"template-builder.php","meta":{"footnotes":""},"class_list":["post-756","page","type-page","status-publish","hentry"],"_links":{"self":[{"href":"https:\/\/www.klasterdoksany.net\/index.php?rest_route=\/wp\/v2\/pages\/756","targetHints":{"allow":["GET"]}}],"collection":[{"href":"https:\/\/www.klasterdoksany.net\/index.php?rest_route=\/wp\/v2\/pages"}],"about":[{"href":"https:\/\/www.klasterdoksany.net\/index.php?rest_route=\/wp\/v2\/types\/page"}],"author":[{"embeddable":true,"href":"https:\/\/www.klasterdoksany.net\/index.php?rest_route=\/wp\/v2\/users\/1"}],"replies":[{"embeddable":true,"href":"https:\/\/www.klasterdoksany.net\/index.php?rest_route=%2Fwp%2Fv2%2Fcomments&post=756"}],"version-history":[{"count":13,"href":"https:\/\/www.klasterdoksany.net\/index.php?rest_route=\/wp\/v2\/pages\/756\/revisions"}],"predecessor-version":[{"id":1165,"href":"https:\/\/www.klasterdoksany.net\/index.php?rest_route=\/wp\/v2\/pages\/756\/revisions\/1165"}],"wp:attachment":[{"href":"https:\/\/www.klasterdoksany.net\/index.php?rest_route=%2Fwp%2Fv2%2Fmedia&parent=756"}],"curies":[{"name":"wp","href":"https:\/\/api.w.org\/{rel}","templated":true}]}}