{"id":661,"date":"2025-08-26T12:46:39","date_gmt":"2025-08-26T10:46:39","guid":{"rendered":"http:\/\/www.klasterdoksany.net\/?page_id=661"},"modified":"2025-09-01T13:54:11","modified_gmt":"2025-09-01T11:54:11","slug":"klaster","status":"publish","type":"page","link":"https:\/\/www.klasterdoksany.net\/?page_id=661","title":{"rendered":"Kl\u00e1\u0161ter"},"content":{"rendered":"<section id=\"builder-section-text_11\" class=\"builder-section-first builder-section builder-section-text builder-section-last has-background builder-section-full-width builder-text-columns-1\" style=\"background-image: url(&#039;http:\/\/www.klasterdoksany.net\/wp-content\/uploads\/KlasterDoksany\/klaster.jpg&#039;);background-size: cover; background-repeat: no-repeat;background-position: center center;\">\n<div class=\"builder-section-content\">\n<div class=\"builder-text-row\">\n<div class=\"builder-text-column builder-text-column-1\" id=\"builder-section-text_11-column-1\">\n<div class=\"builder-text-content\">\n<p style=\"margin: 40px; padding: 20px; height: 400px; width: 400px; background-color:#ffffff;\">V cel\u00e9m objektu b\u00fdval\u00e9ho doksansk\u00e9ho kl\u00e1\u0161tera dnes s\u00eddl\u00ed t\u0159i instituce. Kl\u00e1\u0161ter sester premonstr\u00e1tek, Farnost Doksany a \u00da\u0159ad pro zastupov\u00e1n\u00ed st\u00e1tu ve v\u011bcech majetkov\u00fdch, kter\u00fd spravuje p\u0159ev\u00e1\u017enou v\u011bt\u0161inu are\u00e1lu.<br \/>\n<\/br><br \/>\n<a href=\"http:\/\/www.klasterdoksany.net\/?page_id=647\">Historie kl\u00e1\u0161tera<\/a><br \/>\n<a href=\"http:\/\/www.klasterdoksany.net\/?page_id=919\">Sestry<\/a><br \/>\n<a href=\"http:\/\/www.klasterdoksany.net\/?page_id=663\">Terci\u00e1\u0159i<\/a><br \/>\n<a href=\"http:\/\/www.klasterdoksany.net\/?page_id=676\">Premonstr\u00e1tsk\u00fd \u0159\u00e1d<\/a><\/p>\n<\/p><\/div>\n<\/p><\/div>\n<\/p><\/div>\n<\/p><\/div>\n<\/section>\n","protected":false},"excerpt":{"rendered":"<p>V cel\u00e9m objektu b\u00fdval\u00e9ho doksansk\u00e9ho kl\u00e1\u0161tera dnes s\u00eddl\u00ed t\u0159i instituce. Kl\u00e1\u0161ter sester premonstr\u00e1tek, Farnost Doksany a \u00da\u0159ad pro zastupov\u00e1n\u00ed st\u00e1tu ve v\u011bcech majetkov\u00fdch, kter\u00fd spravuje p\u0159ev\u00e1\u017enou v\u011bt\u0161inu are\u00e1lu. Historie kl\u00e1\u0161tera Sestry Terci\u00e1\u0159i Premonstr\u00e1tsk\u00fd \u0159\u00e1d<\/p>\n","protected":false},"author":1,"featured_media":0,"parent":0,"menu_order":0,"comment_status":"closed","ping_status":"closed","template":"template-builder.php","meta":{"footnotes":""},"class_list":["post-661","page","type-page","status-publish","hentry"],"_links":{"self":[{"href":"https:\/\/www.klasterdoksany.net\/index.php?rest_route=\/wp\/v2\/pages\/661","targetHints":{"allow":["GET"]}}],"collection":[{"href":"https:\/\/www.klasterdoksany.net\/index.php?rest_route=\/wp\/v2\/pages"}],"about":[{"href":"https:\/\/www.klasterdoksany.net\/index.php?rest_route=\/wp\/v2\/types\/page"}],"author":[{"embeddable":true,"href":"https:\/\/www.klasterdoksany.net\/index.php?rest_route=\/wp\/v2\/users\/1"}],"replies":[{"embeddable":true,"href":"https:\/\/www.klasterdoksany.net\/index.php?rest_route=%2Fwp%2Fv2%2Fcomments&post=661"}],"version-history":[{"count":37,"href":"https:\/\/www.klasterdoksany.net\/index.php?rest_route=\/wp\/v2\/pages\/661\/revisions"}],"predecessor-version":[{"id":1079,"href":"https:\/\/www.klasterdoksany.net\/index.php?rest_route=\/wp\/v2\/pages\/661\/revisions\/1079"}],"wp:attachment":[{"href":"https:\/\/www.klasterdoksany.net\/index.php?rest_route=%2Fwp%2Fv2%2Fmedia&parent=661"}],"curies":[{"name":"wp","href":"https:\/\/api.w.org\/{rel}","templated":true}]}}